{"id":1429,"date":"2025-10-09T12:29:42","date_gmt":"2025-10-09T10:29:42","guid":{"rendered":"https:\/\/www.spinabifida.be\/home\/"},"modified":"2026-02-18T11:00:15","modified_gmt":"2026-02-18T10:00:15","slug":"home","status":"publish","type":"page","link":"https:\/\/www.spinabifida.be\/fr\/","title":{"rendered":"Accueil"},"content":{"rendered":"\n<div class=\"wp-block-group alignfull has-blue-to-white-gradient-background has-background has-global-padding is-content-justification-center is-layout-constrained wp-block-group-is-layout-constrained\" style=\"border-radius:0px;padding-top:var(--wp--preset--spacing--80-40);padding-bottom:var(--wp--preset--spacing--80-40)\">\n<div class=\"wp-block-media-text alignwide has-media-on-the-right is-stacked-on-mobile is-vertically-aligned-top is-image-fill-element media-text-afbeelding-rechts\" style=\"grid-template-columns:auto 45%\"><div class=\"wp-block-media-text__content\">\n<h1 class=\"wp-block-heading is-style-default has-white-color has-text-color has-link-color wp-elements-5b2cc039395804e9baccca2384dca9fc\">Bienvenue au sein de l\u2019association Spina Bifida &amp; Hydrocephalus ASBL<\/h1>\n\n\n\n<p class=\"has-white-color has-text-color has-link-color wp-elements-bb6e04a0806bab15176f212bdf51c5b3\">Bienvenue sur le site web de notre ASBL. Nous nous effor\u00e7ons de diffuser une mine d\u2019informations par ce biais et nous vous pr\u00e9sentons avec plaisir nos activit\u00e9s.<\/p>\n\n\n\n<div style=\"height:19px\" aria-hidden=\"true\" class=\"wp-block-spacer\"><\/div>\n\n\n\n<div class=\"wp-block-buttons is-layout-flex wp-block-buttons-is-layout-flex\" style=\"margin-bottom:var(--wp--preset--spacing--40-32)\">\n<div class=\"wp-block-button is-style-yellow is-style-yellow--1\"><a class=\"wp-block-button__link wp-element-button\" href=\"https:\/\/www.spinabifida.be\/fr\/qui-est-qui\/\">En savoir plus sur nous<\/a><\/div>\n<\/div>\n<\/div><figure class=\"wp-block-media-text__media\"><img loading=\"lazy\" decoding=\"async\" width=\"1024\" height=\"768\" src=\"https:\/\/www.spinabifida.be\/wp-content\/uploads\/2026\/01\/Spina-bifida-hero-afbeelding-1024x768.jpg\" alt=\"Bienvenue au sein de l\u2019association Spina Bifida &amp; Hydrocephalus ASBL\" class=\"wp-image-137 size-full\" style=\"object-position:50% 50%\" srcset=\"https:\/\/www.spinabifida.be\/wp-content\/uploads\/2026\/01\/Spina-bifida-hero-afbeelding-1024x768.jpg 1024w, https:\/\/www.spinabifida.be\/wp-content\/uploads\/2026\/01\/Spina-bifida-hero-afbeelding-300x225.jpg 300w, https:\/\/www.spinabifida.be\/wp-content\/uploads\/2026\/01\/Spina-bifida-hero-afbeelding-768x576.jpg 768w, https:\/\/www.spinabifida.be\/wp-content\/uploads\/2026\/01\/Spina-bifida-hero-afbeelding-1536x1152.jpg 1536w, https:\/\/www.spinabifida.be\/wp-content\/uploads\/2026\/01\/Spina-bifida-hero-afbeelding.jpg 1600w\" sizes=\"auto, (max-width: 1024px) 100vw, 1024px\" \/><\/figure><\/div>\n<\/div>\n\n\n\n\n\n\n\n<div class=\"wp-block-media-text alignwide is-stacked-on-mobile steun-organisatie-mediaText\" style=\"border-style:none;border-width:0px;border-radius:0px;padding-top:var(--wp--preset--spacing--120-40);padding-bottom:var(--wp--preset--spacing--120-40)\"><figure class=\"wp-block-media-text__media\"><img loading=\"lazy\" decoding=\"async\" width=\"768\" height=\"1024\" src=\"https:\/\/www.spinabifida.be\/wp-content\/uploads\/2026\/01\/Spina-bifida-home-steun-organisatie-768x1024.jpeg\" alt=\"Soutenez notre organisation !\" class=\"wp-image-203 size-full\" srcset=\"https:\/\/www.spinabifida.be\/wp-content\/uploads\/2026\/01\/Spina-bifida-home-steun-organisatie-768x1024.jpeg 768w, https:\/\/www.spinabifida.be\/wp-content\/uploads\/2026\/01\/Spina-bifida-home-steun-organisatie-225x300.jpeg 225w, https:\/\/www.spinabifida.be\/wp-content\/uploads\/2026\/01\/Spina-bifida-home-steun-organisatie.jpeg 1080w\" sizes=\"auto, (max-width: 768px) 100vw, 768px\" \/><\/figure><div class=\"wp-block-media-text__content\">\n<h2 class=\"wp-block-heading\" style=\"margin-top:0;margin-bottom:0\">Soutenez notre organisation !<\/h2>\n\n\n\n<p>Votre soutien \u00e0 notre association constitue toujours une contribution utile. Gr\u00e2ce \u00e0 votre contribution, nous pouvons continuer \u00e0 d\u00e9velopper nos activit\u00e9s et vous nous donnez la possibilit\u00e9 de fournir des informations utiles \u00e0 nos membres.<\/p>\n\n\n\n<p style=\"margin-top:var(--wp--preset--spacing--40-32);margin-bottom:var(--wp--preset--spacing--40-32)\">Un don est le bienvenu sur notre num\u00e9ro de compte BE39 0011 5533 9819.<\/p>\n\n\n\n<p>Si vous payez \u00e9galement une cotisation \u00e0 notre association, votre don doit \u00eatre effectu\u00e9 par un virement s\u00e9par\u00e9 avec la mention \u00ab Don \u00bb.<\/p>\n\n\n\n<p style=\"margin-top:var(--wp--preset--spacing--40-32);margin-bottom:var(--wp--preset--spacing--40-32)\">Comment pouvez-vous encore soutenir notre association ? Cliquez vite sur \u00ab faire un don \u00bb.<\/p>\n\n\n\n<div class=\"wp-block-buttons is-layout-flex wp-block-buttons-is-layout-flex\" style=\"margin-top:var(--wp--preset--spacing--48-32);margin-bottom:var(--wp--preset--spacing--48-32)\">\n<div class=\"wp-block-button is-style-yellow is-style-yellow--4\"><a class=\"wp-block-button__link wp-element-button\" href=\"https:\/\/www.spinabifida.be\/fr\/lid-worden\/\">Devenir membre<\/a><\/div>\n\n\n\n<div class=\"wp-block-button is-style-green is-style-green--5\"><a class=\"wp-block-button__link wp-element-button\" href=\"https:\/\/www.spinabifida.be\/fr\/soutenir-notre-asbl\/\">DONner<\/a><\/div>\n<\/div>\n<\/div><\/div>\n\n\n\n<figure class=\"wp-block-gallery aligncenter has-nested-images columns-2 wp-block-gallery-6 is-layout-flex wp-block-gallery-is-layout-flex\" style=\"margin-top:var(--wp--preset--spacing--120-40);margin-bottom:var(--wp--preset--spacing--120-40)\">\n<figure class=\"wp-block-image size-full\"><img loading=\"lazy\" decoding=\"async\" width=\"728\" height=\"120\" data-id=\"279\" src=\"https:\/\/www.spinabifida.be\/wp-content\/uploads\/2026\/01\/spina-bifida_Coloplast-2.jpg\" alt=\"\" class=\"wp-image-279\" srcset=\"https:\/\/www.spinabifida.be\/wp-content\/uploads\/2026\/01\/spina-bifida_Coloplast-2.jpg 728w, https:\/\/www.spinabifida.be\/wp-content\/uploads\/2026\/01\/spina-bifida_Coloplast-2-300x49.jpg 300w\" sizes=\"auto, (max-width: 728px) 100vw, 728px\" \/><\/figure>\n\n\n\n<figure class=\"wp-block-image size-medium\"><img loading=\"lazy\" decoding=\"async\" width=\"300\" height=\"70\" data-id=\"278\" src=\"https:\/\/www.spinabifida.be\/wp-content\/uploads\/2026\/01\/spina-bifida_conversal-300x70.jpg\" alt=\"\" class=\"wp-image-278\" srcset=\"https:\/\/www.spinabifida.be\/wp-content\/uploads\/2026\/01\/spina-bifida_conversal-300x70.jpg 300w, https:\/\/www.spinabifida.be\/wp-content\/uploads\/2026\/01\/spina-bifida_conversal.jpg 464w\" sizes=\"auto, (max-width: 300px) 100vw, 300px\" \/><\/figure>\n\n\n\n<figure class=\"wp-block-image aligncenter size-full\"><img loading=\"lazy\" decoding=\"async\" width=\"350\" height=\"93\" data-id=\"274\" src=\"https:\/\/www.spinabifida.be\/wp-content\/uploads\/2026\/01\/spina-bifida_van-der-auwere.jpg\" alt=\"\" class=\"wp-image-274\" srcset=\"https:\/\/www.spinabifida.be\/wp-content\/uploads\/2026\/01\/spina-bifida_van-der-auwere.jpg 350w, https:\/\/www.spinabifida.be\/wp-content\/uploads\/2026\/01\/spina-bifida_van-der-auwere-300x80.jpg 300w\" sizes=\"auto, (max-width: 350px) 100vw, 350px\" \/><\/figure>\n\n\n\n<figure class=\"wp-block-image size-medium\"><img loading=\"lazy\" decoding=\"async\" width=\"300\" height=\"58\" data-id=\"277\" src=\"https:\/\/www.spinabifida.be\/wp-content\/uploads\/2026\/01\/spina-bifida_oost-vlaanderen-300x58.jpg\" alt=\"\" class=\"wp-image-277\" srcset=\"https:\/\/www.spinabifida.be\/wp-content\/uploads\/2026\/01\/spina-bifida_oost-vlaanderen-300x58.jpg 300w, https:\/\/www.spinabifida.be\/wp-content\/uploads\/2026\/01\/spina-bifida_oost-vlaanderen.jpg 602w\" sizes=\"auto, (max-width: 300px) 100vw, 300px\" \/><\/figure>\n\n\n\n<figure class=\"wp-block-image size-medium\"><img loading=\"lazy\" decoding=\"async\" width=\"300\" height=\"125\" data-id=\"276\" src=\"https:\/\/www.spinabifida.be\/wp-content\/uploads\/2026\/01\/spina-bifida_crelanco-foundation-300x125.png\" alt=\"\" class=\"wp-image-276\" srcset=\"https:\/\/www.spinabifida.be\/wp-content\/uploads\/2026\/01\/spina-bifida_crelanco-foundation-300x125.png 300w, https:\/\/www.spinabifida.be\/wp-content\/uploads\/2026\/01\/spina-bifida_crelanco-foundation-768x319.png 768w, https:\/\/www.spinabifida.be\/wp-content\/uploads\/2026\/01\/spina-bifida_crelanco-foundation.png 800w\" sizes=\"auto, (max-width: 300px) 100vw, 300px\" \/><\/figure>\n\n\n\n<figure class=\"wp-block-image aligncenter size-medium is-style-default\"><img loading=\"lazy\" decoding=\"async\" width=\"300\" height=\"77\" data-id=\"275\" src=\"https:\/\/www.spinabifida.be\/wp-content\/uploads\/2026\/01\/spina-bifida_abeco-300x77.jpg\" alt=\"\" class=\"wp-image-275\" srcset=\"https:\/\/www.spinabifida.be\/wp-content\/uploads\/2026\/01\/spina-bifida_abeco-300x77.jpg 300w, https:\/\/www.spinabifida.be\/wp-content\/uploads\/2026\/01\/spina-bifida_abeco-768x198.jpg 768w, https:\/\/www.spinabifida.be\/wp-content\/uploads\/2026\/01\/spina-bifida_abeco.jpg 800w\" sizes=\"auto, (max-width: 300px) 100vw, 300px\" \/><\/figure>\n<\/figure>\n\n\n\n<div style=\"background-image:url(&#039;https:\/\/www.spinabifida.be\/wp-content\/uploads\/2026\/01\/Spina-bifida-patroonBG-nieuwsbanner.svg&#039;);background-size:cover;\" class=\"wp-block-group alignfull has-light-blue-background-color has-background has-global-padding is-layout-constrained wp-block-group-is-layout-constrained\">\n<div class=\"wp-block-columns alignwide is-layout-flex wp-container-core-columns-is-layout-ad315cc3 wp-block-columns-is-layout-flex\" style=\"padding-top:var(--wp--preset--spacing--120-40);padding-right:0;padding-bottom:var(--wp--preset--spacing--120-40);padding-left:0\">\n<div class=\"wp-block-column is-layout-flow wp-block-column-is-layout-flow\" style=\"flex-basis:53%\">\n<div class=\"wp-block-group alignwide is-nowrap is-layout-flex wp-container-core-group-is-layout-6c531013 wp-block-group-is-layout-flex\">\n<h2 class=\"wp-block-heading is-style-default has-dark-slate-blue-color has-text-color\">Inscrivez-vous ici \u00e0 notre newsletter.<\/h2>\n<\/div>\n<\/div>\n\n\n\n<div class=\"wp-block-column is-vertically-aligned-center is-layout-flow wp-block-column-is-layout-flow\" style=\"flex-basis:50%\">\n<div class=\"wp-block-group has-global-padding is-content-justification-right is-layout-constrained wp-container-core-group-is-layout-f1f2ed93 wp-block-group-is-layout-constrained\">\n<div class=\"nieuwsbrief-button wp-block-button is-style-yellow is-style-yellow--1\"><a class=\"wp-block-button__link wp-element-button\" onclick=\"ml_account('webforms', '5452424', 'y6e4n8', 'show')\">INSCRIVEZ-VOUS !<\/a><\/div>\n<\/div>\n<\/div>\n<\/div>\n<\/div>\n","protected":false},"excerpt":{"rendered":"<p>Bienvenue au sein de l\u2019association Spina Bifida &amp; Hydrocephalus ASBL Bienvenue sur le site web de notre ASBL. Nous nous effor\u00e7ons de diffuser une mine d\u2019informations par ce biais et nous vous pr\u00e9sentons avec plaisir nos activit\u00e9s. Nouveaut\u00e9s sur notre site web Notre agenda<\/p>\n","protected":false},"author":1,"featured_media":0,"parent":0,"menu_order":0,"comment_status":"closed","ping_status":"closed","template":"","meta":{"_acf_changed":false,"inline_featured_image":false,"footnotes":""},"class_list":["post-1429","page","type-page","status-publish","hentry"],"acf":[],"yoast_head":"<!-- This site is optimized with the Yoast SEO plugin v27.0 - https:\/\/yoast.com\/product\/yoast-seo-wordpress\/ -->\n<title>Bienvenue - Spina Bifida<\/title>\n<meta name=\"description\" content=\"De vereniging voor spina bifida en hydrocephalus is een zelfhulpgroep voor mensen met spina bifida en hun families.\" \/>\n<meta name=\"robots\" content=\"index, follow, max-snippet:-1, max-image-preview:large, max-video-preview:-1\" \/>\n<link rel=\"canonical\" href=\"https:\/\/www.spinabifida.be\/fr\/\" \/>\n<meta property=\"og:locale\" content=\"fr_FR\" \/>\n<meta property=\"og:type\" content=\"article\" \/>\n<meta property=\"og:title\" content=\"Bienvenue - Spina Bifida\" \/>\n<meta property=\"og:description\" content=\"De vereniging voor spina bifida en hydrocephalus is een zelfhulpgroep voor mensen met spina bifida en hun families.\" \/>\n<meta property=\"og:url\" content=\"https:\/\/www.spinabifida.be\/fr\/\" \/>\n<meta property=\"og:site_name\" content=\"Spina Bifida\" \/>\n<meta property=\"article:publisher\" content=\"https:\/\/www.facebook.com\/VshVzw\/\" \/>\n<meta property=\"article:modified_time\" content=\"2026-02-18T10:00:15+00:00\" \/>\n<meta property=\"og:image\" content=\"https:\/\/www.spinabifida.be\/wp-content\/uploads\/2026\/01\/Spina-bifida-hero-afbeelding.jpg\" \/>\n\t<meta property=\"og:image:width\" content=\"1600\" \/>\n\t<meta property=\"og:image:height\" content=\"1200\" \/>\n\t<meta property=\"og:image:type\" content=\"image\/jpeg\" \/>\n<meta name=\"twitter:card\" content=\"summary_large_image\" \/>\n<meta name=\"twitter:label1\" content=\"Dur\u00e9e de lecture est.\" \/>\n\t<meta name=\"twitter:data1\" content=\"5 minutes\" \/>\n<script type=\"application\/ld+json\" class=\"yoast-schema-graph\">{\"@context\":\"https:\/\/schema.org\",\"@graph\":[{\"@type\":\"WebPage\",\"@id\":\"https:\/\/www.spinabifida.be\/fr\/\",\"url\":\"https:\/\/www.spinabifida.be\/fr\/\",\"name\":\"Bienvenue - Spina Bifida\",\"isPartOf\":{\"@id\":\"https:\/\/www.spinabifida.be\/fr\/#website\"},\"primaryImageOfPage\":{\"@id\":\"https:\/\/www.spinabifida.be\/fr\/#primaryimage\"},\"image\":{\"@id\":\"https:\/\/www.spinabifida.be\/fr\/#primaryimage\"},\"thumbnailUrl\":\"https:\/\/www.spinabifida.be\/wp-content\/uploads\/2026\/01\/Spina-bifida-hero-afbeelding-1024x768.jpg\",\"datePublished\":\"2025-10-09T10:29:42+00:00\",\"dateModified\":\"2026-02-18T10:00:15+00:00\",\"description\":\"De vereniging voor spina bifida en hydrocephalus is een zelfhulpgroep voor mensen met spina bifida en hun families.\",\"breadcrumb\":{\"@id\":\"https:\/\/www.spinabifida.be\/fr\/#breadcrumb\"},\"inLanguage\":\"fr-BE\",\"potentialAction\":[{\"@type\":\"ReadAction\",\"target\":[\"https:\/\/www.spinabifida.be\/fr\/\"]}]},{\"@type\":\"ImageObject\",\"inLanguage\":\"fr-BE\",\"@id\":\"https:\/\/www.spinabifida.be\/fr\/#primaryimage\",\"url\":\"https:\/\/www.spinabifida.be\/wp-content\/uploads\/2026\/01\/Spina-bifida-hero-afbeelding-1024x768.jpg\",\"contentUrl\":\"https:\/\/www.spinabifida.be\/wp-content\/uploads\/2026\/01\/Spina-bifida-hero-afbeelding-1024x768.jpg\"},{\"@type\":\"BreadcrumbList\",\"@id\":\"https:\/\/www.spinabifida.be\/fr\/#breadcrumb\",\"itemListElement\":[{\"@type\":\"ListItem\",\"position\":1,\"name\":\"Home\",\"item\":\"https:\/\/www.spinabifida.be\/fr\/\"},{\"@type\":\"ListItem\",\"position\":2,\"name\":\"Accueil\"}]},{\"@type\":\"WebSite\",\"@id\":\"https:\/\/www.spinabifida.be\/fr\/#website\",\"url\":\"https:\/\/www.spinabifida.be\/fr\/\",\"name\":\"Spina bifida\",\"description\":\"De vereniging voor spina bifida en hydrocephalus is een zelfhulpgroep voor mensen met spina bifida en hun families.\",\"publisher\":{\"@id\":\"https:\/\/www.spinabifida.be\/fr\/#organization\"},\"potentialAction\":[{\"@type\":\"SearchAction\",\"target\":{\"@type\":\"EntryPoint\",\"urlTemplate\":\"https:\/\/www.spinabifida.be\/fr\/?s={search_term_string}\"},\"query-input\":{\"@type\":\"PropertyValueSpecification\",\"valueRequired\":true,\"valueName\":\"search_term_string\"}}],\"inLanguage\":\"fr-BE\"},{\"@type\":\"Organization\",\"@id\":\"https:\/\/www.spinabifida.be\/fr\/#organization\",\"name\":\"Spina bifida\",\"url\":\"https:\/\/www.spinabifida.be\/fr\/\",\"logo\":{\"@type\":\"ImageObject\",\"inLanguage\":\"fr-BE\",\"@id\":\"https:\/\/www.spinabifida.be\/fr\/#\/schema\/logo\/image\/\",\"url\":\"https:\/\/www.spinabifida.be\/wp-content\/uploads\/2026\/01\/spina-bifida-logo-512x512-1.png\",\"contentUrl\":\"https:\/\/www.spinabifida.be\/wp-content\/uploads\/2026\/01\/spina-bifida-logo-512x512-1.png\",\"width\":512,\"height\":512,\"caption\":\"Spina bifida\"},\"image\":{\"@id\":\"https:\/\/www.spinabifida.be\/fr\/#\/schema\/logo\/image\/\"},\"sameAs\":[\"https:\/\/www.facebook.com\/VshVzw\/\"]}]}<\/script>\n<!-- \/ Yoast SEO plugin. -->","yoast_head_json":{"title":"Bienvenue - Spina Bifida","description":"De vereniging voor spina bifida en hydrocephalus is een zelfhulpgroep voor mensen met spina bifida en hun families.","robots":{"index":"index","follow":"follow","max-snippet":"max-snippet:-1","max-image-preview":"max-image-preview:large","max-video-preview":"max-video-preview:-1"},"canonical":"https:\/\/www.spinabifida.be\/fr\/","og_locale":"fr_FR","og_type":"article","og_title":"Bienvenue - Spina Bifida","og_description":"De vereniging voor spina bifida en hydrocephalus is een zelfhulpgroep voor mensen met spina bifida en hun families.","og_url":"https:\/\/www.spinabifida.be\/fr\/","og_site_name":"Spina Bifida","article_publisher":"https:\/\/www.facebook.com\/VshVzw\/","article_modified_time":"2026-02-18T10:00:15+00:00","og_image":[{"width":1600,"height":1200,"url":"https:\/\/www.spinabifida.be\/wp-content\/uploads\/2026\/01\/Spina-bifida-hero-afbeelding.jpg","type":"image\/jpeg"}],"twitter_card":"summary_large_image","twitter_misc":{"Dur\u00e9e de lecture est.":"5 minutes"},"schema":{"@context":"https:\/\/schema.org","@graph":[{"@type":"WebPage","@id":"https:\/\/www.spinabifida.be\/fr\/","url":"https:\/\/www.spinabifida.be\/fr\/","name":"Bienvenue - Spina Bifida","isPartOf":{"@id":"https:\/\/www.spinabifida.be\/fr\/#website"},"primaryImageOfPage":{"@id":"https:\/\/www.spinabifida.be\/fr\/#primaryimage"},"image":{"@id":"https:\/\/www.spinabifida.be\/fr\/#primaryimage"},"thumbnailUrl":"https:\/\/www.spinabifida.be\/wp-content\/uploads\/2026\/01\/Spina-bifida-hero-afbeelding-1024x768.jpg","datePublished":"2025-10-09T10:29:42+00:00","dateModified":"2026-02-18T10:00:15+00:00","description":"De vereniging voor spina bifida en hydrocephalus is een zelfhulpgroep voor mensen met spina bifida en hun families.","breadcrumb":{"@id":"https:\/\/www.spinabifida.be\/fr\/#breadcrumb"},"inLanguage":"fr-BE","potentialAction":[{"@type":"ReadAction","target":["https:\/\/www.spinabifida.be\/fr\/"]}]},{"@type":"ImageObject","inLanguage":"fr-BE","@id":"https:\/\/www.spinabifida.be\/fr\/#primaryimage","url":"https:\/\/www.spinabifida.be\/wp-content\/uploads\/2026\/01\/Spina-bifida-hero-afbeelding-1024x768.jpg","contentUrl":"https:\/\/www.spinabifida.be\/wp-content\/uploads\/2026\/01\/Spina-bifida-hero-afbeelding-1024x768.jpg"},{"@type":"BreadcrumbList","@id":"https:\/\/www.spinabifida.be\/fr\/#breadcrumb","itemListElement":[{"@type":"ListItem","position":1,"name":"Home","item":"https:\/\/www.spinabifida.be\/fr\/"},{"@type":"ListItem","position":2,"name":"Accueil"}]},{"@type":"WebSite","@id":"https:\/\/www.spinabifida.be\/fr\/#website","url":"https:\/\/www.spinabifida.be\/fr\/","name":"Spina bifida","description":"De vereniging voor spina bifida en hydrocephalus is een zelfhulpgroep voor mensen met spina bifida en hun families.","publisher":{"@id":"https:\/\/www.spinabifida.be\/fr\/#organization"},"potentialAction":[{"@type":"SearchAction","target":{"@type":"EntryPoint","urlTemplate":"https:\/\/www.spinabifida.be\/fr\/?s={search_term_string}"},"query-input":{"@type":"PropertyValueSpecification","valueRequired":true,"valueName":"search_term_string"}}],"inLanguage":"fr-BE"},{"@type":"Organization","@id":"https:\/\/www.spinabifida.be\/fr\/#organization","name":"Spina bifida","url":"https:\/\/www.spinabifida.be\/fr\/","logo":{"@type":"ImageObject","inLanguage":"fr-BE","@id":"https:\/\/www.spinabifida.be\/fr\/#\/schema\/logo\/image\/","url":"https:\/\/www.spinabifida.be\/wp-content\/uploads\/2026\/01\/spina-bifida-logo-512x512-1.png","contentUrl":"https:\/\/www.spinabifida.be\/wp-content\/uploads\/2026\/01\/spina-bifida-logo-512x512-1.png","width":512,"height":512,"caption":"Spina bifida"},"image":{"@id":"https:\/\/www.spinabifida.be\/fr\/#\/schema\/logo\/image\/"},"sameAs":["https:\/\/www.facebook.com\/VshVzw\/"]}]}},"_links":{"self":[{"href":"https:\/\/www.spinabifida.be\/fr\/wp-json\/wp\/v2\/pages\/1429","targetHints":{"allow":["GET"]}}],"collection":[{"href":"https:\/\/www.spinabifida.be\/fr\/wp-json\/wp\/v2\/pages"}],"about":[{"href":"https:\/\/www.spinabifida.be\/fr\/wp-json\/wp\/v2\/types\/page"}],"author":[{"embeddable":true,"href":"https:\/\/www.spinabifida.be\/fr\/wp-json\/wp\/v2\/users\/1"}],"replies":[{"embeddable":true,"href":"https:\/\/www.spinabifida.be\/fr\/wp-json\/wp\/v2\/comments?post=1429"}],"version-history":[{"count":7,"href":"https:\/\/www.spinabifida.be\/fr\/wp-json\/wp\/v2\/pages\/1429\/revisions"}],"predecessor-version":[{"id":1749,"href":"https:\/\/www.spinabifida.be\/fr\/wp-json\/wp\/v2\/pages\/1429\/revisions\/1749"}],"wp:attachment":[{"href":"https:\/\/www.spinabifida.be\/fr\/wp-json\/wp\/v2\/media?parent=1429"}],"curies":[{"name":"wp","href":"https:\/\/api.w.org\/{rel}","templated":true}]}}