{"id":1476,"date":"2026-01-14T08:26:44","date_gmt":"2026-01-14T07:26:44","guid":{"rendered":"https:\/\/www.spinabifida.be\/consequences\/"},"modified":"2026-02-12T10:27:04","modified_gmt":"2026-02-12T09:27:04","slug":"consequences","status":"publish","type":"page","link":"https:\/\/www.spinabifida.be\/fr\/consequences\/","title":{"rendered":"Cons\u00e9quences"},"content":{"rendered":"\n<div class=\"wp-block-group alignfull has-blue-to-white-3-gradient-background has-background has-global-padding is-content-justification-center is-layout-constrained wp-block-group-is-layout-constrained\" style=\"border-radius:0px;padding-top:var(--wp--preset--spacing--80-40);padding-bottom:var(--wp--preset--spacing--80-40)\">\n<div class=\"wp-block-media-text alignwide has-media-on-the-right is-stacked-on-mobile is-vertically-aligned-top is-image-fill-element media-text-afbeelding-rechts\" style=\"grid-template-columns:auto 45%\"><div class=\"wp-block-media-text__content\">\n<h1 class=\"wp-block-heading is-style-default has-white-color has-text-color has-link-color wp-elements-b8faa09559e2cd8bcf6d078721161486\">Cons\u00e9quences<\/h1>\n\n\n\n<div style=\"height:324px\" aria-hidden=\"true\" class=\"wp-block-spacer\"><\/div>\n<\/div><figure class=\"wp-block-media-text__media\"><img loading=\"lazy\" decoding=\"async\" width=\"1024\" height=\"768\" src=\"https:\/\/www.spinabifida.be\/wp-content\/uploads\/2026\/01\/spina-bifida-gevolgen-1024x768.jpeg\" alt=\"cons\u00e9quences\" class=\"wp-image-589 size-full\" style=\"object-position:50% 50%\" srcset=\"https:\/\/www.spinabifida.be\/wp-content\/uploads\/2026\/01\/spina-bifida-gevolgen-1024x768.jpeg 1024w, https:\/\/www.spinabifida.be\/wp-content\/uploads\/2026\/01\/spina-bifida-gevolgen-300x225.jpeg 300w, https:\/\/www.spinabifida.be\/wp-content\/uploads\/2026\/01\/spina-bifida-gevolgen-768x576.jpeg 768w, https:\/\/www.spinabifida.be\/wp-content\/uploads\/2026\/01\/spina-bifida-gevolgen-1536x1152.jpeg 1536w, https:\/\/www.spinabifida.be\/wp-content\/uploads\/2026\/01\/spina-bifida-gevolgen.jpeg 2000w\" sizes=\"auto, (max-width: 1024px) 100vw, 1024px\" \/><\/figure><\/div>\n<\/div>\n\n<div class=\"wp-block-group alignwide is-layout-flow wp-block-group-is-layout-flow\" style=\"padding-bottom:var(--wp--preset--spacing--80-40)\">\n<h2 class=\"wp-block-heading alignwide\">Probl\u00e8mes de vessie, de reins et d\u2019intestins<\/h2>\n\n\n\n<p class=\"is-style-default\" style=\"margin-bottom:var(--wp--preset--spacing--32-24)\">Le spina-bifida est une affection du syst\u00e8me neurologique et a donc un effet sur les fonctions vitales du syst\u00e8me g\u00e9nito-urinaire.<br\/>Divers dysfonctionnements de la vessie entra\u00eenent diff\u00e9rentes formes d\u2019incontinence, qui doivent d\u00e8s lors \u00eatre trait\u00e9es diff\u00e9remment. Les traitements m\u00e9dicamenteux, la chirurgie de la vessie et le sondage sont les proc\u00e9dures de traitement les plus courantes chez les personnes souffrant de troubles de la vessie.<\/p>\n\n\n\n<p style=\"margin-bottom:var(--wp--preset--spacing--32-24)\">Un traitement correct des dysfonctionnements de la vessie permet de maintenir la fonction r\u00e9nale aussi intacte que possible afin que les reins puissent continuer \u00e0 fonctionner normalement.<br\/>Malheureusement, chez de nombreuses personnes atteintes de spina-bifida, la fonction r\u00e9nale est \u00e9galement perturb\u00e9e par la pression exerc\u00e9e sur les reins par la vessie.<\/p>\n\n\n\n<p>Une fonction intestinale normale avec une d\u00e9f\u00e9cation r\u00e9guli\u00e8re est \u00e9galement exclue pour de nombreuses personnes atteintes de spina-bifida. Une alimentation adapt\u00e9e (riche en fibres), les lavements intestinaux et la chirurgie sont des m\u00e9thodes de traitement courantes pour favoriser une d\u00e9f\u00e9cation r\u00e9guli\u00e8re.<\/p>\n<\/div>\n\n<div class=\"wp-block-group alignwide is-layout-flow wp-block-group-is-layout-flow\" style=\"padding-bottom:var(--wp--preset--spacing--48-32)\">\n<h3 class=\"wp-block-heading\">Membres inf\u00e9rieurs<\/h3>\n\n\n\n<p style=\"margin-bottom:var(--wp--preset--spacing--32-24)\">Des malformations peuvent appara\u00eetre tant au niveau des pieds et des jambes que du bassin, en raison de probl\u00e8mes moteurs (mouvement), neurologiques (innervation) et sensoriels (sensation).<\/p>\n\n\n\n<p>Dans la mesure o\u00f9 la marche est possible, des chaussures adapt\u00e9es, des attelles ou un parapodium constitueront une aide, parfois associ\u00e9s \u00e0 une chirurgie orthop\u00e9dique des membres inf\u00e9rieurs.<\/p>\n\n\n\n<p style=\"margin-bottom:var(--wp--preset--spacing--32-24)\">Un fauteuil roulant, avec ou sans coque d\u2019assise adapt\u00e9e ou repose-pieds adapt\u00e9s, est pour de nombreuses personnes atteintes de spina-bifida le seul moyen de se d\u00e9placer par leurs propres moyens. Il est donc important d\u2019\u00eatre assez critique dans le choix du fauteuil roulant.<\/p>\n<\/div>\n\n<div class=\"wp-block-media-text alignwide is-stacked-on-mobile is-vertically-aligned-center bg-foto-left\" style=\"margin-top:var(--wp--preset--spacing--24-16);margin-bottom:var(--wp--preset--spacing--120-40);padding-right:var(--wp--preset--spacing--120-60);padding-left:var(--wp--preset--spacing--120-60);grid-template-columns:46% auto\"><figure class=\"wp-block-media-text__media\"><img loading=\"lazy\" decoding=\"async\" width=\"420\" height=\"366\" src=\"https:\/\/www.spinabifida.be\/wp-content\/uploads\/2026\/01\/spina-bifida-gevolgen-Neurologische-problemen.jpg\" alt=\"\" class=\"wp-image-600 size-full\" srcset=\"https:\/\/www.spinabifida.be\/wp-content\/uploads\/2026\/01\/spina-bifida-gevolgen-Neurologische-problemen.jpg 420w, https:\/\/www.spinabifida.be\/wp-content\/uploads\/2026\/01\/spina-bifida-gevolgen-Neurologische-problemen-300x261.jpg 300w\" sizes=\"auto, (max-width: 420px) 100vw, 420px\" \/><\/figure><div class=\"wp-block-media-text__content\">\n<h2 class=\"wp-block-heading has-dark-slate-blue-color has-text-color has-link-color wp-elements-18477fc27494a3967f96f7217c74b02b\">Probl\u00e8mes neurologiques<\/h2>\n\n\n\n<p class=\"has-dark-slate-blue-color has-text-color has-link-color wp-elements-d20845fd0fb19cc4695b22797b5483ec\"><strong>Hydroc\u00e9phalie<\/strong><br\/>Correction par : intervention chirurgicale \/ shunt ETV<\/p>\n\n\n\n<p class=\"has-dark-slate-blue-color has-text-color has-link-color wp-elements-06998a316b99d731d99c431926c128c2\"><strong>\u200d\u00c9pilepsie<\/strong><br\/>Correction par : m\u00e9dication<\/p>\n\n\n\n<p class=\"has-dark-slate-blue-color has-text-color has-link-color wp-elements-2a65f5c3b65a5c537996ffc7df52c54e\"><strong>\u200dMalformation d\u2019Arnold-Chiari<\/strong><br\/>Correction par : intervention chirurgicale<\/p>\n\n\n\n<p class=\"has-dark-slate-blue-color has-text-color has-link-color wp-elements-c21de40099258f02d8cec3f2e2c664d2\"><strong>\u200dMoelle attach\u00e9e (Tethered Cord)<\/strong><br\/>Correction par : intervention chirurgicale<br\/><\/p>\n<\/div><\/div>\n\n<div class=\"wp-block-group alignwide is-layout-flow wp-block-group-is-layout-flow\" style=\"margin-bottom:var(--wp--preset--spacing--120-40)\">\n<h2 class=\"wp-block-heading\">Dysfonctionnement psychosocial<\/h2>\n\n\n\n<p>1. Besoin \u00e9lev\u00e9 de soins : a des implications financi\u00e8res, n\u00e9cessite une organisation de soins de proximit\u00e9<br\/>2. Hospitalisations fr\u00e9quentes : entra\u00eenent l\u2019hospitalisme<br\/>3. Probl\u00e9matique scolaire : l\u2019int\u00e9gration dans l\u2019enseignement ordinaire n\u2019est pas \u00e9vidente, formes d\u2019enseignement adapt\u00e9es, pas toujours \u00e0 proximit\u00e9<\/p>\n<\/div>\n\n<div style=\"background-image:url(&#039;https:\/\/www.spinabifida.be\/wp-content\/uploads\/2026\/01\/Spina-bifida-patroonBG-nieuwsbanner.svg&#039;);background-size:cover;\" class=\"wp-block-group alignfull has-light-blue-background-color has-background has-global-padding is-layout-constrained wp-block-group-is-layout-constrained\">\n<div class=\"wp-block-columns alignwide is-layout-flex wp-container-core-columns-is-layout-ad315cc3 wp-block-columns-is-layout-flex\" style=\"padding-top:var(--wp--preset--spacing--120-40);padding-right:0;padding-bottom:var(--wp--preset--spacing--120-40);padding-left:0\">\n<div class=\"wp-block-column is-layout-flow wp-block-column-is-layout-flow\" style=\"flex-basis:53%\">\n<div class=\"wp-block-group alignwide is-nowrap is-layout-flex wp-container-core-group-is-layout-6c531013 wp-block-group-is-layout-flex\">\n<h2 class=\"wp-block-heading is-style-default has-dark-slate-blue-color has-text-color\">Inscrivez-vous ici \u00e0 notre newsletter.<\/h2>\n<\/div>\n<\/div>\n\n\n\n<div class=\"wp-block-column is-vertically-aligned-center is-layout-flow wp-block-column-is-layout-flow\" style=\"flex-basis:50%\">\n<div class=\"wp-block-group has-global-padding is-content-justification-right is-layout-constrained wp-container-core-group-is-layout-f1f2ed93 wp-block-group-is-layout-constrained\">\n<div class=\"nieuwsbrief-button wp-block-button is-style-yellow is-style-yellow--1\"><a class=\"wp-block-button__link wp-element-button\" onclick=\"ml_account('webforms', '5452424', 'y6e4n8', 'show')\">INSCRIVEZ-VOUS !<\/a><\/div>\n<\/div>\n<\/div>\n<\/div>\n<\/div>\n","protected":false},"excerpt":{"rendered":"<p>Cons\u00e9quences Probl\u00e8mes de vessie, de reins et d\u2019intestins Le spina-bifida est une affection du syst\u00e8me neurologique et a donc un effet sur les fonctions vitales du syst\u00e8me g\u00e9nito-urinaire.Divers dysfonctionnements de la vessie entra\u00eenent diff\u00e9rentes formes d\u2019incontinence, qui doivent d\u00e8s lors \u00eatre trait\u00e9es diff\u00e9remment. Les traitements m\u00e9dicamenteux, la chirurgie de la vessie et le sondage sont [&hellip;]<\/p>\n","protected":false},"author":1,"featured_media":0,"parent":0,"menu_order":0,"comment_status":"closed","ping_status":"closed","template":"","meta":{"_acf_changed":false,"inline_featured_image":false,"footnotes":""},"class_list":["post-1476","page","type-page","status-publish","hentry"],"acf":[],"yoast_head":"<!-- This site is optimized with the Yoast SEO plugin v27.0 - https:\/\/yoast.com\/product\/yoast-seo-wordpress\/ -->\n<title>Cons\u00e9quences - Spina Bifida<\/title>\n<meta name=\"description\" content=\"Probl\u00e8mes de vessie, de reins et d\u2019intestins Le spina-bifida est une affection du syst\u00e8me neurologique et a donc un effet sur les fonctions vitales du syst\u00e8me gastro-...\" \/>\n<meta name=\"robots\" content=\"index, follow, max-snippet:-1, max-image-preview:large, max-video-preview:-1\" \/>\n<link rel=\"canonical\" href=\"https:\/\/www.spinabifida.be\/fr\/consequences\/\" \/>\n<meta property=\"og:locale\" content=\"fr_FR\" \/>\n<meta property=\"og:type\" content=\"article\" \/>\n<meta property=\"og:title\" content=\"Cons\u00e9quences - Spina Bifida\" \/>\n<meta property=\"og:description\" content=\"Probl\u00e8mes de vessie, de reins et d\u2019intestins Le spina-bifida est une affection du syst\u00e8me neurologique et a donc un effet sur les fonctions vitales du syst\u00e8me gastro-...\" \/>\n<meta property=\"og:url\" content=\"https:\/\/www.spinabifida.be\/fr\/consequences\/\" \/>\n<meta property=\"og:site_name\" content=\"Spina Bifida\" \/>\n<meta property=\"article:publisher\" content=\"https:\/\/www.facebook.com\/VshVzw\/\" \/>\n<meta property=\"article:modified_time\" content=\"2026-02-12T09:27:04+00:00\" \/>\n<meta property=\"og:image\" content=\"https:\/\/www.spinabifida.be\/wp-content\/uploads\/2026\/01\/spina-bifida-gevolgen.jpeg\" \/>\n\t<meta property=\"og:image:width\" content=\"2000\" \/>\n\t<meta property=\"og:image:height\" content=\"1500\" \/>\n\t<meta property=\"og:image:type\" content=\"image\/jpeg\" \/>\n<meta name=\"twitter:card\" content=\"summary_large_image\" \/>\n<meta name=\"twitter:label1\" content=\"Dur\u00e9e de lecture est.\" \/>\n\t<meta name=\"twitter:data1\" content=\"2 minutes\" \/>\n<script type=\"application\/ld+json\" class=\"yoast-schema-graph\">{\"@context\":\"https:\/\/schema.org\",\"@graph\":[{\"@type\":\"WebPage\",\"@id\":\"https:\/\/www.spinabifida.be\/fr\/consequences\/\",\"url\":\"https:\/\/www.spinabifida.be\/fr\/consequences\/\",\"name\":\"Cons\u00e9quences - Spina Bifida\",\"isPartOf\":{\"@id\":\"https:\/\/www.spinabifida.be\/fr\/#website\"},\"primaryImageOfPage\":{\"@id\":\"https:\/\/www.spinabifida.be\/fr\/consequences\/#primaryimage\"},\"image\":{\"@id\":\"https:\/\/www.spinabifida.be\/fr\/consequences\/#primaryimage\"},\"thumbnailUrl\":\"https:\/\/www.spinabifida.be\/wp-content\/uploads\/2026\/01\/spina-bifida-gevolgen-1024x768.jpeg\",\"datePublished\":\"2026-01-14T07:26:44+00:00\",\"dateModified\":\"2026-02-12T09:27:04+00:00\",\"description\":\"Probl\u00e8mes de vessie, de reins et d\u2019intestins Le spina-bifida est une affection du syst\u00e8me neurologique et a donc un effet sur les fonctions vitales du syst\u00e8me gastro-...\",\"breadcrumb\":{\"@id\":\"https:\/\/www.spinabifida.be\/fr\/consequences\/#breadcrumb\"},\"inLanguage\":\"fr-BE\",\"potentialAction\":[{\"@type\":\"ReadAction\",\"target\":[\"https:\/\/www.spinabifida.be\/fr\/consequences\/\"]}]},{\"@type\":\"ImageObject\",\"inLanguage\":\"fr-BE\",\"@id\":\"https:\/\/www.spinabifida.be\/fr\/consequences\/#primaryimage\",\"url\":\"https:\/\/www.spinabifida.be\/wp-content\/uploads\/2026\/01\/spina-bifida-gevolgen-1024x768.jpeg\",\"contentUrl\":\"https:\/\/www.spinabifida.be\/wp-content\/uploads\/2026\/01\/spina-bifida-gevolgen-1024x768.jpeg\"},{\"@type\":\"BreadcrumbList\",\"@id\":\"https:\/\/www.spinabifida.be\/fr\/consequences\/#breadcrumb\",\"itemListElement\":[{\"@type\":\"ListItem\",\"position\":1,\"name\":\"Home\",\"item\":\"https:\/\/www.spinabifida.be\/fr\/\"},{\"@type\":\"ListItem\",\"position\":2,\"name\":\"Cons\u00e9quences\"}]},{\"@type\":\"WebSite\",\"@id\":\"https:\/\/www.spinabifida.be\/fr\/#website\",\"url\":\"https:\/\/www.spinabifida.be\/fr\/\",\"name\":\"Spina bifida\",\"description\":\"De vereniging voor spina bifida en hydrocephalus is een zelfhulpgroep voor mensen met spina bifida en hun families.\",\"publisher\":{\"@id\":\"https:\/\/www.spinabifida.be\/fr\/#organization\"},\"potentialAction\":[{\"@type\":\"SearchAction\",\"target\":{\"@type\":\"EntryPoint\",\"urlTemplate\":\"https:\/\/www.spinabifida.be\/fr\/?s={search_term_string}\"},\"query-input\":{\"@type\":\"PropertyValueSpecification\",\"valueRequired\":true,\"valueName\":\"search_term_string\"}}],\"inLanguage\":\"fr-BE\"},{\"@type\":\"Organization\",\"@id\":\"https:\/\/www.spinabifida.be\/fr\/#organization\",\"name\":\"Spina bifida\",\"url\":\"https:\/\/www.spinabifida.be\/fr\/\",\"logo\":{\"@type\":\"ImageObject\",\"inLanguage\":\"fr-BE\",\"@id\":\"https:\/\/www.spinabifida.be\/fr\/#\/schema\/logo\/image\/\",\"url\":\"https:\/\/www.spinabifida.be\/wp-content\/uploads\/2026\/01\/spina-bifida-logo-512x512-1.png\",\"contentUrl\":\"https:\/\/www.spinabifida.be\/wp-content\/uploads\/2026\/01\/spina-bifida-logo-512x512-1.png\",\"width\":512,\"height\":512,\"caption\":\"Spina bifida\"},\"image\":{\"@id\":\"https:\/\/www.spinabifida.be\/fr\/#\/schema\/logo\/image\/\"},\"sameAs\":[\"https:\/\/www.facebook.com\/VshVzw\/\"]}]}<\/script>\n<!-- \/ Yoast SEO plugin. -->","yoast_head_json":{"title":"Cons\u00e9quences - Spina Bifida","description":"Probl\u00e8mes de vessie, de reins et d\u2019intestins Le spina-bifida est une affection du syst\u00e8me neurologique et a donc un effet sur les fonctions vitales du syst\u00e8me gastro-...","robots":{"index":"index","follow":"follow","max-snippet":"max-snippet:-1","max-image-preview":"max-image-preview:large","max-video-preview":"max-video-preview:-1"},"canonical":"https:\/\/www.spinabifida.be\/fr\/consequences\/","og_locale":"fr_FR","og_type":"article","og_title":"Cons\u00e9quences - Spina Bifida","og_description":"Probl\u00e8mes de vessie, de reins et d\u2019intestins Le spina-bifida est une affection du syst\u00e8me neurologique et a donc un effet sur les fonctions vitales du syst\u00e8me gastro-...","og_url":"https:\/\/www.spinabifida.be\/fr\/consequences\/","og_site_name":"Spina Bifida","article_publisher":"https:\/\/www.facebook.com\/VshVzw\/","article_modified_time":"2026-02-12T09:27:04+00:00","og_image":[{"width":2000,"height":1500,"url":"https:\/\/www.spinabifida.be\/wp-content\/uploads\/2026\/01\/spina-bifida-gevolgen.jpeg","type":"image\/jpeg"}],"twitter_card":"summary_large_image","twitter_misc":{"Dur\u00e9e de lecture est.":"2 minutes"},"schema":{"@context":"https:\/\/schema.org","@graph":[{"@type":"WebPage","@id":"https:\/\/www.spinabifida.be\/fr\/consequences\/","url":"https:\/\/www.spinabifida.be\/fr\/consequences\/","name":"Cons\u00e9quences - Spina Bifida","isPartOf":{"@id":"https:\/\/www.spinabifida.be\/fr\/#website"},"primaryImageOfPage":{"@id":"https:\/\/www.spinabifida.be\/fr\/consequences\/#primaryimage"},"image":{"@id":"https:\/\/www.spinabifida.be\/fr\/consequences\/#primaryimage"},"thumbnailUrl":"https:\/\/www.spinabifida.be\/wp-content\/uploads\/2026\/01\/spina-bifida-gevolgen-1024x768.jpeg","datePublished":"2026-01-14T07:26:44+00:00","dateModified":"2026-02-12T09:27:04+00:00","description":"Probl\u00e8mes de vessie, de reins et d\u2019intestins Le spina-bifida est une affection du syst\u00e8me neurologique et a donc un effet sur les fonctions vitales du syst\u00e8me gastro-...","breadcrumb":{"@id":"https:\/\/www.spinabifida.be\/fr\/consequences\/#breadcrumb"},"inLanguage":"fr-BE","potentialAction":[{"@type":"ReadAction","target":["https:\/\/www.spinabifida.be\/fr\/consequences\/"]}]},{"@type":"ImageObject","inLanguage":"fr-BE","@id":"https:\/\/www.spinabifida.be\/fr\/consequences\/#primaryimage","url":"https:\/\/www.spinabifida.be\/wp-content\/uploads\/2026\/01\/spina-bifida-gevolgen-1024x768.jpeg","contentUrl":"https:\/\/www.spinabifida.be\/wp-content\/uploads\/2026\/01\/spina-bifida-gevolgen-1024x768.jpeg"},{"@type":"BreadcrumbList","@id":"https:\/\/www.spinabifida.be\/fr\/consequences\/#breadcrumb","itemListElement":[{"@type":"ListItem","position":1,"name":"Home","item":"https:\/\/www.spinabifida.be\/fr\/"},{"@type":"ListItem","position":2,"name":"Cons\u00e9quences"}]},{"@type":"WebSite","@id":"https:\/\/www.spinabifida.be\/fr\/#website","url":"https:\/\/www.spinabifida.be\/fr\/","name":"Spina bifida","description":"De vereniging voor spina bifida en hydrocephalus is een zelfhulpgroep voor mensen met spina bifida en hun families.","publisher":{"@id":"https:\/\/www.spinabifida.be\/fr\/#organization"},"potentialAction":[{"@type":"SearchAction","target":{"@type":"EntryPoint","urlTemplate":"https:\/\/www.spinabifida.be\/fr\/?s={search_term_string}"},"query-input":{"@type":"PropertyValueSpecification","valueRequired":true,"valueName":"search_term_string"}}],"inLanguage":"fr-BE"},{"@type":"Organization","@id":"https:\/\/www.spinabifida.be\/fr\/#organization","name":"Spina bifida","url":"https:\/\/www.spinabifida.be\/fr\/","logo":{"@type":"ImageObject","inLanguage":"fr-BE","@id":"https:\/\/www.spinabifida.be\/fr\/#\/schema\/logo\/image\/","url":"https:\/\/www.spinabifida.be\/wp-content\/uploads\/2026\/01\/spina-bifida-logo-512x512-1.png","contentUrl":"https:\/\/www.spinabifida.be\/wp-content\/uploads\/2026\/01\/spina-bifida-logo-512x512-1.png","width":512,"height":512,"caption":"Spina bifida"},"image":{"@id":"https:\/\/www.spinabifida.be\/fr\/#\/schema\/logo\/image\/"},"sameAs":["https:\/\/www.facebook.com\/VshVzw\/"]}]}},"_links":{"self":[{"href":"https:\/\/www.spinabifida.be\/fr\/wp-json\/wp\/v2\/pages\/1476","targetHints":{"allow":["GET"]}}],"collection":[{"href":"https:\/\/www.spinabifida.be\/fr\/wp-json\/wp\/v2\/pages"}],"about":[{"href":"https:\/\/www.spinabifida.be\/fr\/wp-json\/wp\/v2\/types\/page"}],"author":[{"embeddable":true,"href":"https:\/\/www.spinabifida.be\/fr\/wp-json\/wp\/v2\/users\/1"}],"replies":[{"embeddable":true,"href":"https:\/\/www.spinabifida.be\/fr\/wp-json\/wp\/v2\/comments?post=1476"}],"version-history":[{"count":1,"href":"https:\/\/www.spinabifida.be\/fr\/wp-json\/wp\/v2\/pages\/1476\/revisions"}],"predecessor-version":[{"id":1478,"href":"https:\/\/www.spinabifida.be\/fr\/wp-json\/wp\/v2\/pages\/1476\/revisions\/1478"}],"wp:attachment":[{"href":"https:\/\/www.spinabifida.be\/fr\/wp-json\/wp\/v2\/media?parent=1476"}],"curies":[{"name":"wp","href":"https:\/\/api.w.org\/{rel}","templated":true}]}}