{"id":1531,"date":"2026-01-14T09:14:48","date_gmt":"2026-01-14T08:14:48","guid":{"rendered":"https:\/\/www.spinabifida.be\/origine-et-diagnostic\/"},"modified":"2026-02-16T16:11:10","modified_gmt":"2026-02-16T15:11:10","slug":"origine-et-diagnostic","status":"publish","type":"page","link":"https:\/\/www.spinabifida.be\/fr\/origine-et-diagnostic\/","title":{"rendered":"Origine et diagnostic"},"content":{"rendered":"\n<div class=\"wp-block-group alignfull has-blue-to-white-3-gradient-background has-background has-global-padding is-content-justification-center is-layout-constrained wp-block-group-is-layout-constrained\" style=\"border-radius:0px;padding-top:var(--wp--preset--spacing--80-40);padding-bottom:var(--wp--preset--spacing--80-40)\">\n<div class=\"wp-block-media-text alignwide has-media-on-the-right is-stacked-on-mobile is-vertically-aligned-top is-image-fill-element media-text-afbeelding-rechts\" style=\"grid-template-columns:auto 30%\"><div class=\"wp-block-media-text__content\">\n<h1 class=\"wp-block-heading is-style-default has-white-color has-text-color has-link-color wp-elements-e64f7e4d326e5c9dc3ccc7a2e61fb4e7\">Origine et diagnostic<\/h1>\n\n\n\n<div style=\"height:324px\" aria-hidden=\"true\" class=\"wp-block-spacer\"><\/div>\n<\/div><figure class=\"wp-block-media-text__media\"><img loading=\"lazy\" decoding=\"async\" width=\"500\" height=\"667\" src=\"https:\/\/www.spinabifida.be\/wp-content\/uploads\/2026\/01\/spina-bifida-ontstaan-Diagnose-.jpeg\" alt=\"origine et diagnostic\" class=\"wp-image-615 size-full\" style=\"object-position:50% 50%\" srcset=\"https:\/\/www.spinabifida.be\/wp-content\/uploads\/2026\/01\/spina-bifida-ontstaan-Diagnose-.jpeg 500w, https:\/\/www.spinabifida.be\/wp-content\/uploads\/2026\/01\/spina-bifida-ontstaan-Diagnose--225x300.jpeg 225w\" sizes=\"auto, (max-width: 500px) 100vw, 500px\" \/><\/figure><\/div>\n<\/div>\n\n<div class=\"wp-block-media-text alignwide is-stacked-on-mobile is-vertically-aligned-center bg-foto-left\" style=\"margin-top:var(--wp--preset--spacing--24-16);margin-bottom:var(--wp--preset--spacing--120-40);padding-right:var(--wp--preset--spacing--120-60);padding-left:var(--wp--preset--spacing--120-60);grid-template-columns:46% auto\"><figure class=\"wp-block-media-text__media\"><img loading=\"lazy\" decoding=\"async\" width=\"321\" height=\"238\" src=\"https:\/\/www.spinabifida.be\/wp-content\/uploads\/2026\/01\/spina-bifida-ontstaan-Diagnose-foto2.jpg\" alt=\"photo-du-tube-neural\" class=\"wp-image-619 size-full\" srcset=\"https:\/\/www.spinabifida.be\/wp-content\/uploads\/2026\/01\/spina-bifida-ontstaan-Diagnose-foto2.jpg 321w, https:\/\/www.spinabifida.be\/wp-content\/uploads\/2026\/01\/spina-bifida-ontstaan-Diagnose-foto2-300x222.jpg 300w\" sizes=\"auto, (max-width: 321px) 100vw, 321px\" \/><\/figure><div class=\"wp-block-media-text__content\">\n<p class=\"has-dark-slate-blue-color has-text-color has-link-color wp-elements-349a02eeeaa5027faec5bd91b49be844\">La formation d\u00e9finitive du tube neural a lieu entre le 22e et le 26e jour apr\u00e8s la conception. Si, \u00e0 ce moment, une ou plusieurs vert\u00e8bres ne sont pas ferm\u00e9es, on parle de spina-bifida. Le diagnostic d\u2019un spina-bifida peut d\u00e9j\u00e0 \u00eatre pos\u00e9 \u00e0 un stade pr\u00e9coce et, selon la nature de l\u2019examen, la l\u00e9sion peut \u00eatre d\u00e9crite de mani\u00e8re assez pr\u00e9cise. Il est toutefois difficile d\u2019\u00e9tablir un pronostic concernant la future qualit\u00e9 de vie de ce f\u0153tus en tant que personne atteinte de spina-bifida.  <br\/><\/p>\n<\/div><\/div>\n\n<div class=\"wp-block-group alignwide is-layout-flow wp-block-group-is-layout-flow\" style=\"padding-bottom:var(--wp--preset--spacing--160-80)\">\n<p>Parmi les examens pertinents pour le spina-bifida, nous mentionnons :<br\/>&#8211; analyse de sang (d\u00e9termination du taux d\u2019AFP)<br\/>&#8211; \u00e9chographie du f\u0153tus<br\/>&#8211; examen g\u00e9n\u00e9tique par amniocent\u00e8se, apr\u00e8s quoi le diagnostic peut \u00eatre pos\u00e9 avec plus de pr\u00e9cision.<\/p>\n\n\n\n<p>En ce qui concerne les causes du spina-bifida, nous pouvons affirmer qu\u2019il s\u2019agit d\u2019une affection multifactorielle dans laquelle des facteurs tant h\u00e9r\u00e9ditaires que non h\u00e9r\u00e9ditaires peuvent jouer un r\u00f4le. La litt\u00e9rature scientifique fait largement r\u00e9f\u00e9rence \u00e0 la carence en acide folique comme l\u2019une des causes possibles du spina-bifida. <\/p>\n\n\n\n<p>La pr\u00e9vention est toutefois un moyen de pr\u00e9venir cette affection.<\/p>\n<\/div>\n\n<div style=\"background-image:url(&#039;https:\/\/www.spinabifida.be\/wp-content\/uploads\/2026\/01\/Spina-bifida-patroonBG-nieuwsbanner.svg&#039;);background-size:cover;\" class=\"wp-block-group alignfull has-light-blue-background-color has-background has-global-padding is-layout-constrained wp-block-group-is-layout-constrained\">\n<div class=\"wp-block-columns alignwide is-layout-flex wp-container-core-columns-is-layout-ad315cc3 wp-block-columns-is-layout-flex\" style=\"padding-top:var(--wp--preset--spacing--120-40);padding-right:0;padding-bottom:var(--wp--preset--spacing--120-40);padding-left:0\">\n<div class=\"wp-block-column is-layout-flow wp-block-column-is-layout-flow\" style=\"flex-basis:53%\">\n<div class=\"wp-block-group alignwide is-nowrap is-layout-flex wp-container-core-group-is-layout-6c531013 wp-block-group-is-layout-flex\">\n<h2 class=\"wp-block-heading is-style-default has-dark-slate-blue-color has-text-color\">Inscrivez-vous ici \u00e0 notre newsletter.<\/h2>\n<\/div>\n<\/div>\n\n\n\n<div class=\"wp-block-column is-vertically-aligned-center is-layout-flow wp-block-column-is-layout-flow\" style=\"flex-basis:50%\">\n<div class=\"wp-block-group has-global-padding is-content-justification-right is-layout-constrained wp-container-core-group-is-layout-f1f2ed93 wp-block-group-is-layout-constrained\">\n<div class=\"nieuwsbrief-button wp-block-button is-style-yellow is-style-yellow--1\"><a class=\"wp-block-button__link wp-element-button\" onclick=\"ml_account('webforms', '5452424', 'y6e4n8', 'show')\">INSCRIVEZ-VOUS !<\/a><\/div>\n<\/div>\n<\/div>\n<\/div>\n<\/div>\n","protected":false},"excerpt":{"rendered":"<p>Origine et diagnostic La formation d\u00e9finitive du tube neural a lieu entre le 22e et le 26e jour apr\u00e8s la conception. Si, \u00e0 ce moment, une ou plusieurs vert\u00e8bres ne sont pas ferm\u00e9es, on parle de spina-bifida. Le diagnostic d\u2019un spina-bifida peut d\u00e9j\u00e0 \u00eatre pos\u00e9 \u00e0 un stade pr\u00e9coce et, selon la nature de l\u2019examen, [&hellip;]<\/p>\n","protected":false},"author":1,"featured_media":0,"parent":0,"menu_order":0,"comment_status":"closed","ping_status":"closed","template":"","meta":{"_acf_changed":false,"inline_featured_image":false,"footnotes":""},"class_list":["post-1531","page","type-page","status-publish","hentry"],"acf":[],"yoast_head":"<!-- This site is optimized with the Yoast SEO plugin v27.0 - https:\/\/yoast.com\/product\/yoast-seo-wordpress\/ -->\n<title>Origine et diagnostic - Spina Bifida<\/title>\n<meta name=\"description\" content=\"La formation d\u00e9finitive du tube neural a lieu entre le 22e et le 26e jour apr\u00e8s la conception. Si, \u00e0 ce moment, une ou plusieurs vert\u00e8bres ne sont pas ferm\u00e9es, on par...\" \/>\n<meta name=\"robots\" content=\"index, follow, max-snippet:-1, max-image-preview:large, max-video-preview:-1\" \/>\n<link rel=\"canonical\" href=\"https:\/\/www.spinabifida.be\/fr\/origine-et-diagnostic\/\" \/>\n<meta property=\"og:locale\" content=\"fr_FR\" \/>\n<meta property=\"og:type\" content=\"article\" \/>\n<meta property=\"og:title\" content=\"Origine et diagnostic - Spina Bifida\" \/>\n<meta property=\"og:description\" content=\"La formation d\u00e9finitive du tube neural a lieu entre le 22e et le 26e jour apr\u00e8s la conception. Si, \u00e0 ce moment, une ou plusieurs vert\u00e8bres ne sont pas ferm\u00e9es, on par...\" \/>\n<meta property=\"og:url\" content=\"https:\/\/www.spinabifida.be\/fr\/origine-et-diagnostic\/\" \/>\n<meta property=\"og:site_name\" content=\"Spina Bifida\" \/>\n<meta property=\"article:publisher\" content=\"https:\/\/www.facebook.com\/VshVzw\/\" \/>\n<meta property=\"article:modified_time\" content=\"2026-02-16T15:11:10+00:00\" \/>\n<meta property=\"og:image\" content=\"https:\/\/www.spinabifida.be\/wp-content\/uploads\/2026\/01\/spina-bifida-ontstaan-Diagnose-.jpeg\" \/>\n\t<meta property=\"og:image:width\" content=\"500\" \/>\n\t<meta property=\"og:image:height\" content=\"667\" \/>\n\t<meta property=\"og:image:type\" content=\"image\/jpeg\" \/>\n<meta name=\"twitter:card\" content=\"summary_large_image\" \/>\n<meta name=\"twitter:label1\" content=\"Dur\u00e9e de lecture est.\" \/>\n\t<meta name=\"twitter:data1\" content=\"1 minute\" \/>\n<script type=\"application\/ld+json\" class=\"yoast-schema-graph\">{\"@context\":\"https:\/\/schema.org\",\"@graph\":[{\"@type\":\"WebPage\",\"@id\":\"https:\/\/www.spinabifida.be\/fr\/origine-et-diagnostic\/\",\"url\":\"https:\/\/www.spinabifida.be\/fr\/origine-et-diagnostic\/\",\"name\":\"Origine et diagnostic - Spina Bifida\",\"isPartOf\":{\"@id\":\"https:\/\/www.spinabifida.be\/fr\/#website\"},\"primaryImageOfPage\":{\"@id\":\"https:\/\/www.spinabifida.be\/fr\/origine-et-diagnostic\/#primaryimage\"},\"image\":{\"@id\":\"https:\/\/www.spinabifida.be\/fr\/origine-et-diagnostic\/#primaryimage\"},\"thumbnailUrl\":\"https:\/\/www.spinabifida.be\/wp-content\/uploads\/2026\/01\/spina-bifida-ontstaan-Diagnose-.jpeg\",\"datePublished\":\"2026-01-14T08:14:48+00:00\",\"dateModified\":\"2026-02-16T15:11:10+00:00\",\"description\":\"La formation d\u00e9finitive du tube neural a lieu entre le 22e et le 26e jour apr\u00e8s la conception. Si, \u00e0 ce moment, une ou plusieurs vert\u00e8bres ne sont pas ferm\u00e9es, on par...\",\"breadcrumb\":{\"@id\":\"https:\/\/www.spinabifida.be\/fr\/origine-et-diagnostic\/#breadcrumb\"},\"inLanguage\":\"fr-BE\",\"potentialAction\":[{\"@type\":\"ReadAction\",\"target\":[\"https:\/\/www.spinabifida.be\/fr\/origine-et-diagnostic\/\"]}]},{\"@type\":\"ImageObject\",\"inLanguage\":\"fr-BE\",\"@id\":\"https:\/\/www.spinabifida.be\/fr\/origine-et-diagnostic\/#primaryimage\",\"url\":\"https:\/\/www.spinabifida.be\/wp-content\/uploads\/2026\/01\/spina-bifida-ontstaan-Diagnose-.jpeg\",\"contentUrl\":\"https:\/\/www.spinabifida.be\/wp-content\/uploads\/2026\/01\/spina-bifida-ontstaan-Diagnose-.jpeg\"},{\"@type\":\"BreadcrumbList\",\"@id\":\"https:\/\/www.spinabifida.be\/fr\/origine-et-diagnostic\/#breadcrumb\",\"itemListElement\":[{\"@type\":\"ListItem\",\"position\":1,\"name\":\"Home\",\"item\":\"https:\/\/www.spinabifida.be\/fr\/\"},{\"@type\":\"ListItem\",\"position\":2,\"name\":\"Origine et diagnostic\"}]},{\"@type\":\"WebSite\",\"@id\":\"https:\/\/www.spinabifida.be\/fr\/#website\",\"url\":\"https:\/\/www.spinabifida.be\/fr\/\",\"name\":\"Spina bifida\",\"description\":\"De vereniging voor spina bifida en hydrocephalus is een zelfhulpgroep voor mensen met spina bifida en hun families.\",\"publisher\":{\"@id\":\"https:\/\/www.spinabifida.be\/fr\/#organization\"},\"potentialAction\":[{\"@type\":\"SearchAction\",\"target\":{\"@type\":\"EntryPoint\",\"urlTemplate\":\"https:\/\/www.spinabifida.be\/fr\/?s={search_term_string}\"},\"query-input\":{\"@type\":\"PropertyValueSpecification\",\"valueRequired\":true,\"valueName\":\"search_term_string\"}}],\"inLanguage\":\"fr-BE\"},{\"@type\":\"Organization\",\"@id\":\"https:\/\/www.spinabifida.be\/fr\/#organization\",\"name\":\"Spina bifida\",\"url\":\"https:\/\/www.spinabifida.be\/fr\/\",\"logo\":{\"@type\":\"ImageObject\",\"inLanguage\":\"fr-BE\",\"@id\":\"https:\/\/www.spinabifida.be\/fr\/#\/schema\/logo\/image\/\",\"url\":\"https:\/\/www.spinabifida.be\/wp-content\/uploads\/2026\/01\/spina-bifida-logo-512x512-1.png\",\"contentUrl\":\"https:\/\/www.spinabifida.be\/wp-content\/uploads\/2026\/01\/spina-bifida-logo-512x512-1.png\",\"width\":512,\"height\":512,\"caption\":\"Spina bifida\"},\"image\":{\"@id\":\"https:\/\/www.spinabifida.be\/fr\/#\/schema\/logo\/image\/\"},\"sameAs\":[\"https:\/\/www.facebook.com\/VshVzw\/\"]}]}<\/script>\n<!-- \/ Yoast SEO plugin. -->","yoast_head_json":{"title":"Origine et diagnostic - Spina Bifida","description":"La formation d\u00e9finitive du tube neural a lieu entre le 22e et le 26e jour apr\u00e8s la conception. Si, \u00e0 ce moment, une ou plusieurs vert\u00e8bres ne sont pas ferm\u00e9es, on par...","robots":{"index":"index","follow":"follow","max-snippet":"max-snippet:-1","max-image-preview":"max-image-preview:large","max-video-preview":"max-video-preview:-1"},"canonical":"https:\/\/www.spinabifida.be\/fr\/origine-et-diagnostic\/","og_locale":"fr_FR","og_type":"article","og_title":"Origine et diagnostic - Spina Bifida","og_description":"La formation d\u00e9finitive du tube neural a lieu entre le 22e et le 26e jour apr\u00e8s la conception. Si, \u00e0 ce moment, une ou plusieurs vert\u00e8bres ne sont pas ferm\u00e9es, on par...","og_url":"https:\/\/www.spinabifida.be\/fr\/origine-et-diagnostic\/","og_site_name":"Spina Bifida","article_publisher":"https:\/\/www.facebook.com\/VshVzw\/","article_modified_time":"2026-02-16T15:11:10+00:00","og_image":[{"width":500,"height":667,"url":"https:\/\/www.spinabifida.be\/wp-content\/uploads\/2026\/01\/spina-bifida-ontstaan-Diagnose-.jpeg","type":"image\/jpeg"}],"twitter_card":"summary_large_image","twitter_misc":{"Dur\u00e9e de lecture est.":"1 minute"},"schema":{"@context":"https:\/\/schema.org","@graph":[{"@type":"WebPage","@id":"https:\/\/www.spinabifida.be\/fr\/origine-et-diagnostic\/","url":"https:\/\/www.spinabifida.be\/fr\/origine-et-diagnostic\/","name":"Origine et diagnostic - Spina Bifida","isPartOf":{"@id":"https:\/\/www.spinabifida.be\/fr\/#website"},"primaryImageOfPage":{"@id":"https:\/\/www.spinabifida.be\/fr\/origine-et-diagnostic\/#primaryimage"},"image":{"@id":"https:\/\/www.spinabifida.be\/fr\/origine-et-diagnostic\/#primaryimage"},"thumbnailUrl":"https:\/\/www.spinabifida.be\/wp-content\/uploads\/2026\/01\/spina-bifida-ontstaan-Diagnose-.jpeg","datePublished":"2026-01-14T08:14:48+00:00","dateModified":"2026-02-16T15:11:10+00:00","description":"La formation d\u00e9finitive du tube neural a lieu entre le 22e et le 26e jour apr\u00e8s la conception. Si, \u00e0 ce moment, une ou plusieurs vert\u00e8bres ne sont pas ferm\u00e9es, on par...","breadcrumb":{"@id":"https:\/\/www.spinabifida.be\/fr\/origine-et-diagnostic\/#breadcrumb"},"inLanguage":"fr-BE","potentialAction":[{"@type":"ReadAction","target":["https:\/\/www.spinabifida.be\/fr\/origine-et-diagnostic\/"]}]},{"@type":"ImageObject","inLanguage":"fr-BE","@id":"https:\/\/www.spinabifida.be\/fr\/origine-et-diagnostic\/#primaryimage","url":"https:\/\/www.spinabifida.be\/wp-content\/uploads\/2026\/01\/spina-bifida-ontstaan-Diagnose-.jpeg","contentUrl":"https:\/\/www.spinabifida.be\/wp-content\/uploads\/2026\/01\/spina-bifida-ontstaan-Diagnose-.jpeg"},{"@type":"BreadcrumbList","@id":"https:\/\/www.spinabifida.be\/fr\/origine-et-diagnostic\/#breadcrumb","itemListElement":[{"@type":"ListItem","position":1,"name":"Home","item":"https:\/\/www.spinabifida.be\/fr\/"},{"@type":"ListItem","position":2,"name":"Origine et diagnostic"}]},{"@type":"WebSite","@id":"https:\/\/www.spinabifida.be\/fr\/#website","url":"https:\/\/www.spinabifida.be\/fr\/","name":"Spina bifida","description":"De vereniging voor spina bifida en hydrocephalus is een zelfhulpgroep voor mensen met spina bifida en hun families.","publisher":{"@id":"https:\/\/www.spinabifida.be\/fr\/#organization"},"potentialAction":[{"@type":"SearchAction","target":{"@type":"EntryPoint","urlTemplate":"https:\/\/www.spinabifida.be\/fr\/?s={search_term_string}"},"query-input":{"@type":"PropertyValueSpecification","valueRequired":true,"valueName":"search_term_string"}}],"inLanguage":"fr-BE"},{"@type":"Organization","@id":"https:\/\/www.spinabifida.be\/fr\/#organization","name":"Spina bifida","url":"https:\/\/www.spinabifida.be\/fr\/","logo":{"@type":"ImageObject","inLanguage":"fr-BE","@id":"https:\/\/www.spinabifida.be\/fr\/#\/schema\/logo\/image\/","url":"https:\/\/www.spinabifida.be\/wp-content\/uploads\/2026\/01\/spina-bifida-logo-512x512-1.png","contentUrl":"https:\/\/www.spinabifida.be\/wp-content\/uploads\/2026\/01\/spina-bifida-logo-512x512-1.png","width":512,"height":512,"caption":"Spina bifida"},"image":{"@id":"https:\/\/www.spinabifida.be\/fr\/#\/schema\/logo\/image\/"},"sameAs":["https:\/\/www.facebook.com\/VshVzw\/"]}]}},"_links":{"self":[{"href":"https:\/\/www.spinabifida.be\/fr\/wp-json\/wp\/v2\/pages\/1531","targetHints":{"allow":["GET"]}}],"collection":[{"href":"https:\/\/www.spinabifida.be\/fr\/wp-json\/wp\/v2\/pages"}],"about":[{"href":"https:\/\/www.spinabifida.be\/fr\/wp-json\/wp\/v2\/types\/page"}],"author":[{"embeddable":true,"href":"https:\/\/www.spinabifida.be\/fr\/wp-json\/wp\/v2\/users\/1"}],"replies":[{"embeddable":true,"href":"https:\/\/www.spinabifida.be\/fr\/wp-json\/wp\/v2\/comments?post=1531"}],"version-history":[{"count":1,"href":"https:\/\/www.spinabifida.be\/fr\/wp-json\/wp\/v2\/pages\/1531\/revisions"}],"predecessor-version":[{"id":1532,"href":"https:\/\/www.spinabifida.be\/fr\/wp-json\/wp\/v2\/pages\/1531\/revisions\/1532"}],"wp:attachment":[{"href":"https:\/\/www.spinabifida.be\/fr\/wp-json\/wp\/v2\/media?parent=1531"}],"curies":[{"name":"wp","href":"https:\/\/api.w.org\/{rel}","templated":true}]}}