{"id":1535,"date":"2026-01-14T10:55:41","date_gmt":"2026-01-14T09:55:41","guid":{"rendered":"https:\/\/www.spinabifida.be\/quest-ce-que-le-spina-bifida-et-lhydrocephalie\/"},"modified":"2026-02-16T16:12:21","modified_gmt":"2026-02-16T15:12:21","slug":"quest-ce-que-le-spina-bifida-et-lhydrocephalie","status":"publish","type":"page","link":"https:\/\/www.spinabifida.be\/fr\/quest-ce-que-le-spina-bifida-et-lhydrocephalie\/","title":{"rendered":"Qu\u2019est-ce que le spina-bifida et l\u2019hydroc\u00e9phalie"},"content":{"rendered":"\n<div class=\"wp-block-group alignfull has-blue-to-white-3-gradient-background has-background has-global-padding is-content-justification-center is-layout-constrained wp-block-group-is-layout-constrained\" style=\"border-radius:0px;padding-top:var(--wp--preset--spacing--80-40);padding-bottom:var(--wp--preset--spacing--80-40)\">\n<div class=\"wp-block-media-text alignwide has-media-on-the-right is-stacked-on-mobile is-vertically-aligned-top is-image-fill-element media-text-afbeelding-rechts\" style=\"grid-template-columns:auto 26%\"><div class=\"wp-block-media-text__content\">\n<h1 class=\"wp-block-heading is-style-default has-white-color has-text-color has-link-color wp-elements-c4cbf577f2627abf4264bf00172eb54e\">Qu\u2019est-ce que<br\/>le spina-bifida et l\u2019hydroc\u00e9phalie<\/h1>\n\n\n\n<div style=\"height:324px\" aria-hidden=\"true\" class=\"wp-block-spacer\"><\/div>\n<\/div><figure class=\"wp-block-media-text__media\"><img loading=\"lazy\" decoding=\"async\" width=\"462\" height=\"1024\" src=\"https:\/\/www.spinabifida.be\/wp-content\/uploads\/2026\/01\/spina-bifida-WatIsSpina-Bifida-Hydrocephalus-462x1024.jpg\" alt=\"qu-est-ce-que-le-spina-bifida-et-l-hydrocephalie\" class=\"wp-image-633 size-full\" style=\"object-position:50% 50%\" srcset=\"https:\/\/www.spinabifida.be\/wp-content\/uploads\/2026\/01\/spina-bifida-WatIsSpina-Bifida-Hydrocephalus-462x1024.jpg 462w, https:\/\/www.spinabifida.be\/wp-content\/uploads\/2026\/01\/spina-bifida-WatIsSpina-Bifida-Hydrocephalus-135x300.jpg 135w, https:\/\/www.spinabifida.be\/wp-content\/uploads\/2026\/01\/spina-bifida-WatIsSpina-Bifida-Hydrocephalus-768x1704.jpg 768w, https:\/\/www.spinabifida.be\/wp-content\/uploads\/2026\/01\/spina-bifida-WatIsSpina-Bifida-Hydrocephalus-692x1536.jpg 692w, https:\/\/www.spinabifida.be\/wp-content\/uploads\/2026\/01\/spina-bifida-WatIsSpina-Bifida-Hydrocephalus-923x2048.jpg 923w, https:\/\/www.spinabifida.be\/wp-content\/uploads\/2026\/01\/spina-bifida-WatIsSpina-Bifida-Hydrocephalus-scaled.jpg 1154w\" sizes=\"auto, (max-width: 462px) 100vw, 462px\" \/><\/figure><\/div>\n<\/div>\n\n<div class=\"wp-block-media-text alignwide is-stacked-on-mobile is-vertically-aligned-center bg-foto-left text-image-blok\" style=\"margin-top:var(--wp--preset--spacing--24-16);margin-bottom:var(--wp--preset--spacing--16-8);padding-right:var(--wp--preset--spacing--120-60);padding-left:var(--wp--preset--spacing--120-60);grid-template-columns:46% auto\"><figure class=\"wp-block-media-text__media\"><img loading=\"lazy\" decoding=\"async\" width=\"660\" height=\"795\" src=\"https:\/\/www.spinabifida.be\/wp-content\/uploads\/2026\/01\/spina-bifida-wat-grid-fotos.jpg\" alt=\"explication-qu-est-ce-que-le-spina-bifida\" class=\"wp-image-629 size-full\" srcset=\"https:\/\/www.spinabifida.be\/wp-content\/uploads\/2026\/01\/spina-bifida-wat-grid-fotos.jpg 660w, https:\/\/www.spinabifida.be\/wp-content\/uploads\/2026\/01\/spina-bifida-wat-grid-fotos-249x300.jpg 249w\" sizes=\"auto, (max-width: 660px) 100vw, 660px\" \/><\/figure><div class=\"wp-block-media-text__content\">\n<p>Le spina-bifida <strong>(dos ouvert)<\/strong> est une malformation cong\u00e9nitale caract\u00e9ris\u00e9e par l\u2019absence de fermeture d\u2019une ou de plusieurs vert\u00e8bres. Peu apr\u00e8s la naissance, le dos est referm\u00e9, mais les probl\u00e8mes r\u00e9sultant du spina-bifida persistent tout au long de la vie.<\/p>\n<\/div><\/div>\n\n<div class=\"wp-block-media-text alignwide has-media-on-the-right is-stacked-on-mobile is-vertically-aligned-center bg-foto-left text-image-blok\" style=\"margin-top:var(--wp--preset--spacing--24-16);margin-bottom:var(--wp--preset--spacing--120-40);padding-right:var(--wp--preset--spacing--120-60);padding-left:var(--wp--preset--spacing--120-60);grid-template-columns:auto 46%\"><div class=\"wp-block-media-text__content\">\n<p>L\u2019hydroc\u00e9phalie <strong>wordt<\/strong> est caus\u00e9e par un d\u00e9s\u00e9quilibre entre la production et l\u2019absorption du liquide c\u00e9phalorachidien. Une op\u00e9ration est n\u00e9cessaire pour r\u00e9guler l\u2019\u00e9vacuation de l\u2019exc\u00e8s de liquide c\u00e9phalorachidien.<\/p>\n<\/div><figure class=\"wp-block-media-text__media\"><img loading=\"lazy\" decoding=\"async\" width=\"399\" height=\"294\" src=\"https:\/\/www.spinabifida.be\/wp-content\/uploads\/2026\/01\/spina-bifida-Hydrocephalus.jpg\" alt=\"qu-est-ce-que-l-hydrocephalie\" class=\"wp-image-636 size-full\" srcset=\"https:\/\/www.spinabifida.be\/wp-content\/uploads\/2026\/01\/spina-bifida-Hydrocephalus.jpg 399w, https:\/\/www.spinabifida.be\/wp-content\/uploads\/2026\/01\/spina-bifida-Hydrocephalus-300x221.jpg 300w\" sizes=\"auto, (max-width: 399px) 100vw, 399px\" \/><\/figure><\/div>\n\n<div class=\"wp-block-group alignwide is-layout-flow wp-block-group-is-layout-flow\">\n<p style=\"margin-bottom:var(--wp--preset--spacing--120-60)\">Les personnes atteintes de spina-bifida pr\u00e9sentent, \u00e0 des degr\u00e9s divers, des probl\u00e8mes de mouvement (motricit\u00e9) et de sensation (sensoriel). Elles d\u00e9pendent d\u2019aides techniques en raison de probl\u00e8mes de mobilit\u00e9 (fauteuil roulant, appareils orthop\u00e9diques) et d\u2019incontinence (sondage, irrigation v\u00e9sicale et intestinale). Les personnes atteintes de spina-bifida n\u00e9cessitent g\u00e9n\u00e9ralement des soins et un suivi m\u00e9dical \u00e0 vie.<\/p>\n<\/div>\n\n<div style=\"background-image:url(&#039;https:\/\/www.spinabifida.be\/wp-content\/uploads\/2026\/01\/Spina-bifida-patroonBG-nieuwsbanner.svg&#039;);background-size:cover;\" class=\"wp-block-group alignfull has-light-blue-background-color has-background has-global-padding is-layout-constrained wp-block-group-is-layout-constrained\">\n<div class=\"wp-block-columns alignwide is-layout-flex wp-container-core-columns-is-layout-ad315cc3 wp-block-columns-is-layout-flex\" style=\"padding-top:var(--wp--preset--spacing--120-40);padding-right:0;padding-bottom:var(--wp--preset--spacing--120-40);padding-left:0\">\n<div class=\"wp-block-column is-layout-flow wp-block-column-is-layout-flow\" style=\"flex-basis:53%\">\n<div class=\"wp-block-group alignwide is-nowrap is-layout-flex wp-container-core-group-is-layout-6c531013 wp-block-group-is-layout-flex\">\n<h2 class=\"wp-block-heading is-style-default has-dark-slate-blue-color has-text-color\">Inscrivez-vous ici \u00e0 notre newsletter.<\/h2>\n<\/div>\n<\/div>\n\n\n\n<div class=\"wp-block-column is-vertically-aligned-center is-layout-flow wp-block-column-is-layout-flow\" style=\"flex-basis:50%\">\n<div class=\"wp-block-group has-global-padding is-content-justification-right is-layout-constrained wp-container-core-group-is-layout-f1f2ed93 wp-block-group-is-layout-constrained\">\n<div class=\"nieuwsbrief-button wp-block-button is-style-yellow is-style-yellow--1\"><a class=\"wp-block-button__link wp-element-button\" onclick=\"ml_account('webforms', '5452424', 'y6e4n8', 'show')\">INSCRIVEZ-VOUS !<\/a><\/div>\n<\/div>\n<\/div>\n<\/div>\n<\/div>\n","protected":false},"excerpt":{"rendered":"<p>Qu\u2019est-ce quele spina-bifida et l\u2019hydroc\u00e9phalie Le spina-bifida (dos ouvert) est une malformation cong\u00e9nitale caract\u00e9ris\u00e9e par l\u2019absence de fermeture d\u2019une ou de plusieurs vert\u00e8bres. Peu apr\u00e8s la naissance, le dos est referm\u00e9, mais les probl\u00e8mes r\u00e9sultant du spina-bifida persistent tout au long de la vie. L\u2019hydroc\u00e9phalie wordt est caus\u00e9e par un d\u00e9s\u00e9quilibre entre la production et [&hellip;]<\/p>\n","protected":false},"author":1,"featured_media":0,"parent":0,"menu_order":0,"comment_status":"closed","ping_status":"closed","template":"","meta":{"_acf_changed":false,"inline_featured_image":false,"footnotes":""},"class_list":["post-1535","page","type-page","status-publish","hentry"],"acf":[],"yoast_head":"<!-- This site is optimized with the Yoast SEO plugin v27.0 - https:\/\/yoast.com\/product\/yoast-seo-wordpress\/ -->\n<title>Qu\u2019est-ce que le spina-bifida et l\u2019hydroc\u00e9phalie - Spina Bifida<\/title>\n<meta name=\"description\" content=\"Le spina-bifida est une malformation cong\u00e9nitale caract\u00e9ris\u00e9e par l\u2019absence de fermeture d\u2019une ou de plusieurs vert\u00e8bres. Peu apr\u00e8s la naissance...\" \/>\n<meta name=\"robots\" content=\"index, follow, max-snippet:-1, max-image-preview:large, max-video-preview:-1\" \/>\n<link rel=\"canonical\" href=\"https:\/\/www.spinabifida.be\/fr\/quest-ce-que-le-spina-bifida-et-lhydrocephalie\/\" \/>\n<meta property=\"og:locale\" content=\"fr_FR\" \/>\n<meta property=\"og:type\" content=\"article\" \/>\n<meta property=\"og:title\" content=\"Qu\u2019est-ce que le spina-bifida et l\u2019hydroc\u00e9phalie - Spina Bifida\" \/>\n<meta property=\"og:description\" content=\"Le spina-bifida est une malformation cong\u00e9nitale caract\u00e9ris\u00e9e par l\u2019absence de fermeture d\u2019une ou de plusieurs vert\u00e8bres. Peu apr\u00e8s la naissance...\" \/>\n<meta property=\"og:url\" content=\"https:\/\/www.spinabifida.be\/fr\/quest-ce-que-le-spina-bifida-et-lhydrocephalie\/\" \/>\n<meta property=\"og:site_name\" content=\"Spina Bifida\" \/>\n<meta property=\"article:publisher\" content=\"https:\/\/www.facebook.com\/VshVzw\/\" \/>\n<meta property=\"article:modified_time\" content=\"2026-02-16T15:12:21+00:00\" \/>\n<meta property=\"og:image\" content=\"https:\/\/www.spinabifida.be\/wp-content\/uploads\/2026\/01\/spina-bifida-WatIsSpina-Bifida-Hydrocephalus-scaled.jpg\" \/>\n\t<meta property=\"og:image:width\" content=\"1154\" \/>\n\t<meta property=\"og:image:height\" content=\"2560\" \/>\n\t<meta property=\"og:image:type\" content=\"image\/jpeg\" \/>\n<meta name=\"twitter:card\" content=\"summary_large_image\" \/>\n<meta name=\"twitter:label1\" content=\"Dur\u00e9e de lecture est.\" \/>\n\t<meta name=\"twitter:data1\" content=\"1 minute\" \/>\n<script type=\"application\/ld+json\" class=\"yoast-schema-graph\">{\"@context\":\"https:\/\/schema.org\",\"@graph\":[{\"@type\":\"WebPage\",\"@id\":\"https:\/\/www.spinabifida.be\/fr\/quest-ce-que-le-spina-bifida-et-lhydrocephalie\/\",\"url\":\"https:\/\/www.spinabifida.be\/fr\/quest-ce-que-le-spina-bifida-et-lhydrocephalie\/\",\"name\":\"Qu\u2019est-ce que le spina-bifida et l\u2019hydroc\u00e9phalie - Spina Bifida\",\"isPartOf\":{\"@id\":\"https:\/\/www.spinabifida.be\/fr\/#website\"},\"primaryImageOfPage\":{\"@id\":\"https:\/\/www.spinabifida.be\/fr\/quest-ce-que-le-spina-bifida-et-lhydrocephalie\/#primaryimage\"},\"image\":{\"@id\":\"https:\/\/www.spinabifida.be\/fr\/quest-ce-que-le-spina-bifida-et-lhydrocephalie\/#primaryimage\"},\"thumbnailUrl\":\"https:\/\/www.spinabifida.be\/wp-content\/uploads\/2026\/01\/spina-bifida-WatIsSpina-Bifida-Hydrocephalus-462x1024.jpg\",\"datePublished\":\"2026-01-14T09:55:41+00:00\",\"dateModified\":\"2026-02-16T15:12:21+00:00\",\"description\":\"Le spina-bifida est une malformation cong\u00e9nitale caract\u00e9ris\u00e9e par l\u2019absence de fermeture d\u2019une ou de plusieurs vert\u00e8bres. Peu apr\u00e8s la naissance...\",\"breadcrumb\":{\"@id\":\"https:\/\/www.spinabifida.be\/fr\/quest-ce-que-le-spina-bifida-et-lhydrocephalie\/#breadcrumb\"},\"inLanguage\":\"fr-BE\",\"potentialAction\":[{\"@type\":\"ReadAction\",\"target\":[\"https:\/\/www.spinabifida.be\/fr\/quest-ce-que-le-spina-bifida-et-lhydrocephalie\/\"]}]},{\"@type\":\"ImageObject\",\"inLanguage\":\"fr-BE\",\"@id\":\"https:\/\/www.spinabifida.be\/fr\/quest-ce-que-le-spina-bifida-et-lhydrocephalie\/#primaryimage\",\"url\":\"https:\/\/www.spinabifida.be\/wp-content\/uploads\/2026\/01\/spina-bifida-WatIsSpina-Bifida-Hydrocephalus-462x1024.jpg\",\"contentUrl\":\"https:\/\/www.spinabifida.be\/wp-content\/uploads\/2026\/01\/spina-bifida-WatIsSpina-Bifida-Hydrocephalus-462x1024.jpg\"},{\"@type\":\"BreadcrumbList\",\"@id\":\"https:\/\/www.spinabifida.be\/fr\/quest-ce-que-le-spina-bifida-et-lhydrocephalie\/#breadcrumb\",\"itemListElement\":[{\"@type\":\"ListItem\",\"position\":1,\"name\":\"Home\",\"item\":\"https:\/\/www.spinabifida.be\/fr\/\"},{\"@type\":\"ListItem\",\"position\":2,\"name\":\"Qu\u2019est-ce que le spina-bifida et l\u2019hydroc\u00e9phalie\"}]},{\"@type\":\"WebSite\",\"@id\":\"https:\/\/www.spinabifida.be\/fr\/#website\",\"url\":\"https:\/\/www.spinabifida.be\/fr\/\",\"name\":\"Spina bifida\",\"description\":\"De vereniging voor spina bifida en hydrocephalus is een zelfhulpgroep voor mensen met spina bifida en hun families.\",\"publisher\":{\"@id\":\"https:\/\/www.spinabifida.be\/fr\/#organization\"},\"potentialAction\":[{\"@type\":\"SearchAction\",\"target\":{\"@type\":\"EntryPoint\",\"urlTemplate\":\"https:\/\/www.spinabifida.be\/fr\/?s={search_term_string}\"},\"query-input\":{\"@type\":\"PropertyValueSpecification\",\"valueRequired\":true,\"valueName\":\"search_term_string\"}}],\"inLanguage\":\"fr-BE\"},{\"@type\":\"Organization\",\"@id\":\"https:\/\/www.spinabifida.be\/fr\/#organization\",\"name\":\"Spina bifida\",\"url\":\"https:\/\/www.spinabifida.be\/fr\/\",\"logo\":{\"@type\":\"ImageObject\",\"inLanguage\":\"fr-BE\",\"@id\":\"https:\/\/www.spinabifida.be\/fr\/#\/schema\/logo\/image\/\",\"url\":\"https:\/\/www.spinabifida.be\/wp-content\/uploads\/2026\/01\/spina-bifida-logo-512x512-1.png\",\"contentUrl\":\"https:\/\/www.spinabifida.be\/wp-content\/uploads\/2026\/01\/spina-bifida-logo-512x512-1.png\",\"width\":512,\"height\":512,\"caption\":\"Spina bifida\"},\"image\":{\"@id\":\"https:\/\/www.spinabifida.be\/fr\/#\/schema\/logo\/image\/\"},\"sameAs\":[\"https:\/\/www.facebook.com\/VshVzw\/\"]}]}<\/script>\n<!-- \/ Yoast SEO plugin. -->","yoast_head_json":{"title":"Qu\u2019est-ce que le spina-bifida et l\u2019hydroc\u00e9phalie - Spina Bifida","description":"Le spina-bifida est une malformation cong\u00e9nitale caract\u00e9ris\u00e9e par l\u2019absence de fermeture d\u2019une ou de plusieurs vert\u00e8bres. Peu apr\u00e8s la naissance...","robots":{"index":"index","follow":"follow","max-snippet":"max-snippet:-1","max-image-preview":"max-image-preview:large","max-video-preview":"max-video-preview:-1"},"canonical":"https:\/\/www.spinabifida.be\/fr\/quest-ce-que-le-spina-bifida-et-lhydrocephalie\/","og_locale":"fr_FR","og_type":"article","og_title":"Qu\u2019est-ce que le spina-bifida et l\u2019hydroc\u00e9phalie - Spina Bifida","og_description":"Le spina-bifida est une malformation cong\u00e9nitale caract\u00e9ris\u00e9e par l\u2019absence de fermeture d\u2019une ou de plusieurs vert\u00e8bres. Peu apr\u00e8s la naissance...","og_url":"https:\/\/www.spinabifida.be\/fr\/quest-ce-que-le-spina-bifida-et-lhydrocephalie\/","og_site_name":"Spina Bifida","article_publisher":"https:\/\/www.facebook.com\/VshVzw\/","article_modified_time":"2026-02-16T15:12:21+00:00","og_image":[{"width":1154,"height":2560,"url":"https:\/\/www.spinabifida.be\/wp-content\/uploads\/2026\/01\/spina-bifida-WatIsSpina-Bifida-Hydrocephalus-scaled.jpg","type":"image\/jpeg"}],"twitter_card":"summary_large_image","twitter_misc":{"Dur\u00e9e de lecture est.":"1 minute"},"schema":{"@context":"https:\/\/schema.org","@graph":[{"@type":"WebPage","@id":"https:\/\/www.spinabifida.be\/fr\/quest-ce-que-le-spina-bifida-et-lhydrocephalie\/","url":"https:\/\/www.spinabifida.be\/fr\/quest-ce-que-le-spina-bifida-et-lhydrocephalie\/","name":"Qu\u2019est-ce que le spina-bifida et l\u2019hydroc\u00e9phalie - Spina Bifida","isPartOf":{"@id":"https:\/\/www.spinabifida.be\/fr\/#website"},"primaryImageOfPage":{"@id":"https:\/\/www.spinabifida.be\/fr\/quest-ce-que-le-spina-bifida-et-lhydrocephalie\/#primaryimage"},"image":{"@id":"https:\/\/www.spinabifida.be\/fr\/quest-ce-que-le-spina-bifida-et-lhydrocephalie\/#primaryimage"},"thumbnailUrl":"https:\/\/www.spinabifida.be\/wp-content\/uploads\/2026\/01\/spina-bifida-WatIsSpina-Bifida-Hydrocephalus-462x1024.jpg","datePublished":"2026-01-14T09:55:41+00:00","dateModified":"2026-02-16T15:12:21+00:00","description":"Le spina-bifida est une malformation cong\u00e9nitale caract\u00e9ris\u00e9e par l\u2019absence de fermeture d\u2019une ou de plusieurs vert\u00e8bres. Peu apr\u00e8s la naissance...","breadcrumb":{"@id":"https:\/\/www.spinabifida.be\/fr\/quest-ce-que-le-spina-bifida-et-lhydrocephalie\/#breadcrumb"},"inLanguage":"fr-BE","potentialAction":[{"@type":"ReadAction","target":["https:\/\/www.spinabifida.be\/fr\/quest-ce-que-le-spina-bifida-et-lhydrocephalie\/"]}]},{"@type":"ImageObject","inLanguage":"fr-BE","@id":"https:\/\/www.spinabifida.be\/fr\/quest-ce-que-le-spina-bifida-et-lhydrocephalie\/#primaryimage","url":"https:\/\/www.spinabifida.be\/wp-content\/uploads\/2026\/01\/spina-bifida-WatIsSpina-Bifida-Hydrocephalus-462x1024.jpg","contentUrl":"https:\/\/www.spinabifida.be\/wp-content\/uploads\/2026\/01\/spina-bifida-WatIsSpina-Bifida-Hydrocephalus-462x1024.jpg"},{"@type":"BreadcrumbList","@id":"https:\/\/www.spinabifida.be\/fr\/quest-ce-que-le-spina-bifida-et-lhydrocephalie\/#breadcrumb","itemListElement":[{"@type":"ListItem","position":1,"name":"Home","item":"https:\/\/www.spinabifida.be\/fr\/"},{"@type":"ListItem","position":2,"name":"Qu\u2019est-ce que le spina-bifida et l\u2019hydroc\u00e9phalie"}]},{"@type":"WebSite","@id":"https:\/\/www.spinabifida.be\/fr\/#website","url":"https:\/\/www.spinabifida.be\/fr\/","name":"Spina bifida","description":"De vereniging voor spina bifida en hydrocephalus is een zelfhulpgroep voor mensen met spina bifida en hun families.","publisher":{"@id":"https:\/\/www.spinabifida.be\/fr\/#organization"},"potentialAction":[{"@type":"SearchAction","target":{"@type":"EntryPoint","urlTemplate":"https:\/\/www.spinabifida.be\/fr\/?s={search_term_string}"},"query-input":{"@type":"PropertyValueSpecification","valueRequired":true,"valueName":"search_term_string"}}],"inLanguage":"fr-BE"},{"@type":"Organization","@id":"https:\/\/www.spinabifida.be\/fr\/#organization","name":"Spina bifida","url":"https:\/\/www.spinabifida.be\/fr\/","logo":{"@type":"ImageObject","inLanguage":"fr-BE","@id":"https:\/\/www.spinabifida.be\/fr\/#\/schema\/logo\/image\/","url":"https:\/\/www.spinabifida.be\/wp-content\/uploads\/2026\/01\/spina-bifida-logo-512x512-1.png","contentUrl":"https:\/\/www.spinabifida.be\/wp-content\/uploads\/2026\/01\/spina-bifida-logo-512x512-1.png","width":512,"height":512,"caption":"Spina bifida"},"image":{"@id":"https:\/\/www.spinabifida.be\/fr\/#\/schema\/logo\/image\/"},"sameAs":["https:\/\/www.facebook.com\/VshVzw\/"]}]}},"_links":{"self":[{"href":"https:\/\/www.spinabifida.be\/fr\/wp-json\/wp\/v2\/pages\/1535","targetHints":{"allow":["GET"]}}],"collection":[{"href":"https:\/\/www.spinabifida.be\/fr\/wp-json\/wp\/v2\/pages"}],"about":[{"href":"https:\/\/www.spinabifida.be\/fr\/wp-json\/wp\/v2\/types\/page"}],"author":[{"embeddable":true,"href":"https:\/\/www.spinabifida.be\/fr\/wp-json\/wp\/v2\/users\/1"}],"replies":[{"embeddable":true,"href":"https:\/\/www.spinabifida.be\/fr\/wp-json\/wp\/v2\/comments?post=1535"}],"version-history":[{"count":1,"href":"https:\/\/www.spinabifida.be\/fr\/wp-json\/wp\/v2\/pages\/1535\/revisions"}],"predecessor-version":[{"id":1537,"href":"https:\/\/www.spinabifida.be\/fr\/wp-json\/wp\/v2\/pages\/1535\/revisions\/1537"}],"wp:attachment":[{"href":"https:\/\/www.spinabifida.be\/fr\/wp-json\/wp\/v2\/media?parent=1535"}],"curies":[{"name":"wp","href":"https:\/\/api.w.org\/{rel}","templated":true}]}}