{"id":1538,"date":"2026-01-13T16:21:38","date_gmt":"2026-01-13T15:21:38","guid":{"rendered":"https:\/\/www.spinabifida.be\/soutenir-notre-asbl\/"},"modified":"2026-02-18T11:42:52","modified_gmt":"2026-02-18T10:42:52","slug":"soutenir-notre-asbl","status":"publish","type":"page","link":"https:\/\/www.spinabifida.be\/fr\/soutenir-notre-asbl\/","title":{"rendered":"Soutenir notre ASBL"},"content":{"rendered":"\n<div class=\"wp-block-group alignfull titel-banner-bovenaan has-primary-background-color has-background has-global-padding is-layout-constrained wp-block-group-is-layout-constrained\"><h1 style=\"padding-top:var(--wp--preset--spacing--64-32);padding-bottom:var(--wp--preset--spacing--64-32);\" class=\"has-text-align-center has-link-color alignwide wp-elements-dce46223f7ce29c1aa01b1f4e0de27f6 wp-block-post-title has-text-color has-white-color\">Soutenir notre ASBL<\/h1><\/div>\n\n<div class=\"wp-block-media-text alignwide is-stacked-on-mobile is-vertically-aligned-top is-image-fill-element text-image-blok\" style=\"margin-top:var(--wp--preset--spacing--24-16);margin-bottom:var(--wp--preset--spacing--24-16);padding-right:var(--wp--preset--spacing--120-60);padding-bottom:var(--wp--preset--spacing--120-60);padding-left:var(--wp--preset--spacing--120-60);grid-template-columns:47% auto\"><figure class=\"wp-block-media-text__media\"><img loading=\"lazy\" decoding=\"async\" width=\"800\" height=\"533\" src=\"https:\/\/www.spinabifida.be\/wp-content\/uploads\/2026\/01\/spina-bifida-doneren-foto-1.jpeg\" alt=\"faire-un-don-a-spina-bifida\" class=\"wp-image-569 size-full\" style=\"object-position:50% 50%\" srcset=\"https:\/\/www.spinabifida.be\/wp-content\/uploads\/2026\/01\/spina-bifida-doneren-foto-1.jpeg 800w, https:\/\/www.spinabifida.be\/wp-content\/uploads\/2026\/01\/spina-bifida-doneren-foto-1-300x200.jpeg 300w, https:\/\/www.spinabifida.be\/wp-content\/uploads\/2026\/01\/spina-bifida-doneren-foto-1-768x512.jpeg 768w\" sizes=\"auto, (max-width: 800px) 100vw, 800px\" \/><\/figure><div class=\"wp-block-media-text__content\">\n<h3 class=\"wp-block-heading has-dark-slate-blue-color has-text-color has-link-color wp-elements-cc4662442796785667620f06342c1de5\" style=\"margin-bottom:var(--wp--preset--spacing--8-4)\">Faire un don<\/h3>\n\n\n\n<p class=\"has-dark-slate-blue-color has-text-color has-link-color wp-elements-1289cc8ad7ad9696fa9613e134c61c90\">Votre soutien \u00e0 notre association est toujours utile. Gr\u00e2ce \u00e0 votre contribution, nous pouvons continuer \u00e0 d\u00e9velopper nos activit\u00e9s et vous nous donnez la possibilit\u00e9 de fournir des informations utiles \u00e0 nos membres. Un don est le bienvenu sur notre num\u00e9ro de compte BE39 0011 5533 9819.<\/p>\n\n\n\n<p class=\"has-dark-slate-blue-color has-text-color has-link-color wp-elements-6639f20ca4c3fdf23b2f5e0a222bddd4\">Les dons \u00e0 partir de 40 euros sont d\u00e9ductibles fiscalement. Veuillez toujours mentionner \u00ab Don \u00bb dans votre communication. En cas de paiement correct, vous recevrez une attestation fiscale en f\u00e9vrier de l\u2019ann\u00e9e civile suivante.<\/p>\n<\/div><\/div>\n\n<div class=\"wp-block-media-text alignwide has-media-on-the-right is-stacked-on-mobile is-vertically-aligned-top is-image-fill-element text-image-blok\" style=\"margin-top:var(--wp--preset--spacing--24-16);margin-bottom:var(--wp--preset--spacing--24-16);padding-right:var(--wp--preset--spacing--120-60);padding-bottom:var(--wp--preset--spacing--120-60);padding-left:var(--wp--preset--spacing--120-60);grid-template-columns:auto 47%\"><div class=\"wp-block-media-text__content\">\n<h3 class=\"wp-block-heading has-dark-slate-blue-color has-text-color has-link-color wp-elements-10f3335bd0ca4a97bc8ffef45fae7a8a\" style=\"margin-bottom:var(--wp--preset--spacing--8-4)\">Offrir un cadeau<\/h3>\n\n\n\n<p class=\"has-dark-slate-blue-color has-text-color has-link-color wp-elements-dcc00eba37740d5bd9e01fb1aaa0bbbf\">Via Goodgift, vous offrez un bon-cadeau pour lequel le destinataire <strong>choisit lui-m\u00eame<\/strong> l\u2019\u0153uvre de bienfaisance \u00e0 laquelle le don est destin\u00e9 \u2013 une organisation qui lui tient \u00e0 c\u0153ur. Goodgift travaille exclusivement avec des b\u00e9n\u00e9voles et tous les dons vont toujours <strong>enti\u00e8rement<\/strong> aux \u0153uvres de bienfaisance. En offrant un Goodgift, vous encouragez les personnes autour de vous \u00e0 donner davantage. Vous pouvez commander un Goodgift via : <a href=\"https:\/\/www.goodgift.be\/bestel\/\">Commander un Goodgift &#8211; Goodgift<\/a><\/p>\n\n\n\n<div style=\"height:92px\" aria-hidden=\"true\" class=\"wp-block-spacer\"><\/div>\n<\/div><figure class=\"wp-block-media-text__media\"><img loading=\"lazy\" decoding=\"async\" width=\"800\" height=\"533\" src=\"https:\/\/www.spinabifida.be\/wp-content\/uploads\/2026\/01\/spina-bifida-doneren-foto-2.png\" alt=\"offrir-un-cadeau-spina-bifida\" class=\"wp-image-572 size-full\" style=\"object-position:50% 50%\" srcset=\"https:\/\/www.spinabifida.be\/wp-content\/uploads\/2026\/01\/spina-bifida-doneren-foto-2.png 800w, https:\/\/www.spinabifida.be\/wp-content\/uploads\/2026\/01\/spina-bifida-doneren-foto-2-300x200.png 300w, https:\/\/www.spinabifida.be\/wp-content\/uploads\/2026\/01\/spina-bifida-doneren-foto-2-768x512.png 768w\" sizes=\"auto, (max-width: 800px) 100vw, 800px\" \/><\/figure><\/div>\n\n<div class=\"wp-block-media-text alignwide is-stacked-on-mobile is-vertically-aligned-top text-image-blok\" style=\"margin-top:var(--wp--preset--spacing--24-16);margin-bottom:var(--wp--preset--spacing--24-16);padding-right:var(--wp--preset--spacing--120-60);padding-left:var(--wp--preset--spacing--120-60)\"><figure class=\"wp-block-media-text__media\"><img loading=\"lazy\" decoding=\"async\" width=\"615\" height=\"715\" src=\"https:\/\/www.spinabifida.be\/wp-content\/uploads\/2026\/01\/spina-bifida-doneren-foto-3.jpeg\" alt=\"parrainer-spina-bifida\" class=\"wp-image-577 size-full\" srcset=\"https:\/\/www.spinabifida.be\/wp-content\/uploads\/2026\/01\/spina-bifida-doneren-foto-3.jpeg 615w, https:\/\/www.spinabifida.be\/wp-content\/uploads\/2026\/01\/spina-bifida-doneren-foto-3-258x300.jpeg 258w\" sizes=\"auto, (max-width: 615px) 100vw, 615px\" \/><\/figure><div class=\"wp-block-media-text__content\">\n<h3 class=\"wp-block-heading has-dark-slate-blue-color has-text-color has-link-color wp-elements-79dd42278313f4b5a45f7a99e7e6894e\" style=\"margin-bottom:var(--wp--preset--spacing--8-4)\">Sponsoriser<\/h3>\n\n\n\n<p class=\"has-dark-slate-blue-color has-text-color has-link-color wp-elements-eac9fb8bc936e811854736a95b0bcd45\">Les entreprises peuvent soutenir notre association par le biais d\u2019un parrainage. Pour obtenir le formulaire de demande de parrainage ou pour plus d\u2019informations \u00e0 ce sujet, vous pouvez nous contacter via <a href=\"mailto:info@spinabifida.be\">info@spinabifida.be<\/a><\/p>\n\n\n\n<h3 class=\"wp-block-heading has-dark-slate-blue-color has-text-color has-link-color wp-elements-9f7630591a735cbcce4a30a1376748e6\" style=\"margin-bottom:var(--wp--preset--spacing--8-4)\">Achats en ligne<\/h3>\n\n\n\n<p class=\"has-dark-slate-blue-color has-text-color has-link-color wp-elements-e34e35eff558325ae9aa1cebb6ccf382\">Vous pouvez \u00e9galement soutenir notre ASBL en effectuant des achats en ligne :<br\/>&#8211; Trooper : <a href=\"https:\/\/www.trooper.be\/nl\/trooperverenigingen\/vshvzw\">Soutenez l\u2019Association pour le spina bifida et l\u2019hydroc\u00e9phalie ASBL via Trooper<br\/><\/a>&#8211; De Wijnshop : <a href=\"https:\/\/www.dewijnshop.com\/\">De Wijnshop &#8211; Votre expert en vin depuis plus de 15 ans<\/a> Lors de votre paiement, vous pouvez y s\u00e9lectionner notre association.<\/p>\n\n\n\n<h3 class=\"wp-block-heading has-dark-slate-blue-color has-text-color has-link-color wp-elements-99193296a1a4abbb297eb391cd6434b6\" style=\"margin-bottom:var(--wp--preset--spacing--8-4)\">Recycler<\/h3>\n\n\n\n<p class=\"has-dark-slate-blue-color has-text-color has-link-color wp-elements-1bbb5be41df19a9b3124bf365c06cda9\">Le recyclage des dosettes de caf\u00e9 peut \u00e9galement rapporter de l\u2019argent \u00e0 notre caisse. Vous trouverez toutes les informations sur le programme de recyclage TerraCycle ici : <a href=\"https:\/\/www.terracycle.com\/nl-BE\/brigades\/nescafedolcegusto\/brigade_faqs\">Programme de recyclage NESCAF\u00c9\u00ae Dolce Gusto\u00ae &#8211; Foire aux questions \u00b7 TerraCycle<\/a><\/p>\n<\/div><\/div>\n\n<div class=\"wp-block-group alignwide has-beige-background-color has-background has-global-padding is-content-justification-center is-layout-constrained wp-block-group-is-layout-constrained\" style=\"margin-top:var(--wp--preset--spacing--120-40);margin-bottom:var(--wp--preset--spacing--120-40);padding-top:var(--wp--preset--spacing--120-40);padding-bottom:var(--wp--preset--spacing--120-40)\">\n<div class=\"wp-block-group has-global-padding is-layout-constrained wp-container-core-group-is-layout-1b7674e1 wp-block-group-is-layout-constrained\" style=\"padding-right:var(--wp--preset--spacing--48-32);padding-left:var(--wp--preset--spacing--48-32)\">\n<h2 class=\"wp-block-heading has-dark-slate-blue-color has-text-color has-link-color has-heading-xs-font-size wp-elements-5f76d82d6bf0a8e7f1eae0dcbf87680c\">Contactez-nous<\/h2>\n\n\n\n<p class=\"has-text-xs-font-size\">Avez-vous une question ou souhaitez-vous devenir membre ? Veuillez remplir le formulaire ci-dessous et nous prendrons contact avec vous dans les plus brefs d\u00e9lais.<\/p>\n\n\n<div class=\"wpforms-container wpforms-block wpforms-block-5a6800fa-d7d4-4484-a3ca-2cb18dd19087\" id=\"wpforms-10\"><form id=\"wpforms-form-10\" class=\"wpforms-validate wpforms-form\" data-formid=\"10\" method=\"post\" enctype=\"multipart\/form-data\" action=\"\/fr\/wp-json\/wp\/v2\/pages\/1538\" data-token=\"2a134360f7ec986c0bf185bb0fd62ef6\" data-token-time=\"1775258332\"><noscript class=\"wpforms-error-noscript\">Veuillez activer JavaScript dans votre navigateur pour remplir ce formulaire.<\/noscript><div class=\"wpforms-field-container\"><div id=\"wpforms-10-field_6-container\" class=\"wpforms-field wpforms-field-layout\" data-field-id=\"6\"><div class=\"wpforms-field-layout-rows wpforms-field-large\"><div class=\"wpforms-layout-row\"><div class=\"wpforms-layout-column wpforms-layout-column-50\"><div id=\"wpforms-10-field_12-container\" class=\"wpforms-field wpforms-field-text\" data-field-id=\"12\"><label class=\"wpforms-field-label\" for=\"wpforms-10-field_12\">Voornaam <span class=\"wpforms-required-label\">*<\/span><\/label><input type=\"text\" id=\"wpforms-10-field_12\" class=\"wpforms-field-medium wpforms-field-required\" name=\"wpforms[fields][12]\" required><\/div><\/div><div class=\"wpforms-layout-column wpforms-layout-column-50\"><div id=\"wpforms-10-field_11-container\" class=\"wpforms-field wpforms-field-text\" data-field-id=\"11\"><label class=\"wpforms-field-label\" for=\"wpforms-10-field_11\"> Achternaam <span class=\"wpforms-required-label\">*<\/span><\/label><input type=\"text\" id=\"wpforms-10-field_11\" class=\"wpforms-field-medium wpforms-field-required\" name=\"wpforms[fields][11]\" required><\/div><\/div><\/div><\/div><\/div><div id=\"wpforms-10-field_5-container\" class=\"wpforms-field wpforms-field-layout\" data-field-id=\"5\"><div class=\"wpforms-field-layout-rows wpforms-field-large\"><div class=\"wpforms-layout-row\"><div class=\"wpforms-layout-column wpforms-layout-column-50\"><div id=\"wpforms-10-field_3-container\" class=\"wpforms-field wpforms-field-phone\" data-field-id=\"3\"><label class=\"wpforms-field-label\" for=\"wpforms-10-field_3\">Telefoon<\/label><input type=\"tel\" id=\"wpforms-10-field_3\" class=\"wpforms-field-large\" data-rule-int-phone-field=\"true\" name=\"wpforms[fields][3]\" aria-label=\"Telefoon\" ><\/div><\/div><div class=\"wpforms-layout-column wpforms-layout-column-50\"><div id=\"wpforms-10-field_1-container\" class=\"wpforms-field wpforms-field-email\" data-field-id=\"1\"><label class=\"wpforms-field-label\" for=\"wpforms-10-field_1\">E-mailadres <span class=\"wpforms-required-label\">*<\/span><\/label><input type=\"email\" id=\"wpforms-10-field_1\" class=\"wpforms-field-large wpforms-field-required\" name=\"wpforms[fields][1]\" spellcheck=\"false\" required><\/div><\/div><\/div><\/div><\/div><div id=\"wpforms-10-field_2-container\" class=\"wpforms-field wpforms-field-textarea\" data-field-id=\"2\"><label class=\"wpforms-field-label\" for=\"wpforms-10-field_2\">Bericht <span class=\"wpforms-required-label\">*<\/span><\/label><textarea id=\"wpforms-10-field_2\" class=\"wpforms-field-medium wpforms-field-required\" name=\"wpforms[fields][2]\" required><\/textarea><\/div><\/div><!-- .wpforms-field-container --><div class=\"wpforms-field wpforms-field-hp\"><label for=\"wpforms-10-field-hp\" class=\"wpforms-field-label\">Website<\/label><input type=\"text\" name=\"wpforms[hp]\" id=\"wpforms-10-field-hp\" class=\"wpforms-field-medium\"><\/div><div class=\"wpforms-recaptcha-container wpforms-is-turnstile\" ><div class=\"wpforms-turnstile\" data-sitekey=\"0x4AAAAAAAVkIy6pnpjZ5K4z\" data-action=\"FormID-10\"><\/div><input type=\"text\" name=\"g-recaptcha-hidden\" class=\"wpforms-recaptcha-hidden\" style=\"position:absolute!important;clip:rect(0,0,0,0)!important;height:1px!important;width:1px!important;border:0!important;overflow:hidden!important;padding:0!important;margin:0!important;\" data-rule-turnstile=\"1\"><\/div><div class=\"wpforms-submit-container\" ><input type=\"hidden\" name=\"wpforms[id]\" value=\"10\"><input type=\"hidden\" name=\"page_title\" value=\"\"><input type=\"hidden\" name=\"page_url\" value=\"https:\/\/www.spinabifida.be\/fr\/wp-json\/wp\/v2\/pages\/1538\"><input type=\"hidden\" name=\"url_referer\" value=\"\"><button type=\"submit\" name=\"wpforms[submit]\" id=\"wpforms-submit-10\" class=\"wpforms-submit\" data-alt-text=\"Verzenden....\" data-submit-text=\"Verzenden\" aria-live=\"assertive\" value=\"wpforms-submit\">Verzenden<\/button><\/div><\/form><\/div>  <!-- .wpforms-container --><\/div>\n<\/div>\n\n<div style=\"background-image:url(&#039;https:\/\/www.spinabifida.be\/wp-content\/uploads\/2026\/01\/Spina-bifida-patroonBG-nieuwsbanner.svg&#039;);background-size:cover;\" class=\"wp-block-group alignfull has-light-blue-background-color has-background has-global-padding is-layout-constrained wp-block-group-is-layout-constrained\">\n<div class=\"wp-block-columns alignwide is-layout-flex wp-container-core-columns-is-layout-ad315cc3 wp-block-columns-is-layout-flex\" style=\"padding-top:var(--wp--preset--spacing--120-40);padding-right:0;padding-bottom:var(--wp--preset--spacing--120-40);padding-left:0\">\n<div class=\"wp-block-column is-layout-flow wp-block-column-is-layout-flow\" style=\"flex-basis:53%\">\n<div class=\"wp-block-group alignwide is-nowrap is-layout-flex wp-container-core-group-is-layout-6c531013 wp-block-group-is-layout-flex\">\n<h2 class=\"wp-block-heading is-style-default has-dark-slate-blue-color has-text-color\">Inscrivez-vous ici \u00e0 notre newsletter.<\/h2>\n<\/div>\n<\/div>\n\n\n\n<div class=\"wp-block-column is-vertically-aligned-center is-layout-flow wp-block-column-is-layout-flow\" style=\"flex-basis:50%\">\n<div class=\"wp-block-group has-global-padding is-content-justification-right is-layout-constrained wp-container-core-group-is-layout-f1f2ed93 wp-block-group-is-layout-constrained\">\n<div class=\"nieuwsbrief-button wp-block-button is-style-yellow is-style-yellow--1\"><a class=\"wp-block-button__link wp-element-button\" onclick=\"ml_account('webforms', '5452424', 'y6e4n8', 'show')\">INSCRIVEZ-VOUS !<\/a><\/div>\n<\/div>\n<\/div>\n<\/div>\n<\/div>\n","protected":false},"excerpt":{"rendered":"<p>Faire un don Votre soutien \u00e0 notre association est toujours utile. Gr\u00e2ce \u00e0 votre contribution, nous pouvons continuer \u00e0 d\u00e9velopper nos activit\u00e9s et vous nous donnez la possibilit\u00e9 de fournir des informations utiles \u00e0 nos membres. Un don est le bienvenu sur notre num\u00e9ro de compte BE39 0011 5533 9819. Les dons \u00e0 partir de [&hellip;]<\/p>\n","protected":false},"author":1,"featured_media":0,"parent":0,"menu_order":0,"comment_status":"closed","ping_status":"closed","template":"","meta":{"_acf_changed":false,"inline_featured_image":false,"footnotes":""},"class_list":["post-1538","page","type-page","status-publish","hentry"],"acf":[],"yoast_head":"<!-- This site is optimized with the Yoast SEO plugin v27.0 - https:\/\/yoast.com\/product\/yoast-seo-wordpress\/ -->\n<title>Soutenir notre ASBL - Spina Bifida<\/title>\n<meta name=\"description\" content=\"Faire un don Votre soutien \u00e0 notre association est toujours une contribution utile. Gr\u00e2ce \u00e0 votre contribution, nous pouvons continuer \u00e0 d\u00e9velopper nos activit\u00e9s et vous nous donnez...\" \/>\n<meta name=\"robots\" content=\"index, follow, max-snippet:-1, max-image-preview:large, max-video-preview:-1\" \/>\n<link rel=\"canonical\" href=\"https:\/\/www.spinabifida.be\/fr\/soutenir-notre-asbl\/\" \/>\n<meta property=\"og:locale\" content=\"fr_FR\" \/>\n<meta property=\"og:type\" content=\"article\" \/>\n<meta property=\"og:title\" content=\"Soutenir notre ASBL - Spina Bifida\" \/>\n<meta property=\"og:description\" content=\"Faire un don Votre soutien \u00e0 notre association est toujours une contribution utile. Gr\u00e2ce \u00e0 votre contribution, nous pouvons continuer \u00e0 d\u00e9velopper nos activit\u00e9s et vous nous donnez...\" \/>\n<meta property=\"og:url\" content=\"https:\/\/www.spinabifida.be\/fr\/soutenir-notre-asbl\/\" \/>\n<meta property=\"og:site_name\" content=\"Spina Bifida\" \/>\n<meta property=\"article:publisher\" content=\"https:\/\/www.facebook.com\/VshVzw\/\" \/>\n<meta property=\"article:modified_time\" content=\"2026-02-18T10:42:52+00:00\" \/>\n<meta property=\"og:image\" content=\"https:\/\/www.spinabifida.be\/wp-content\/uploads\/2026\/01\/spina-bifida-doneren-foto-1.jpeg\" \/>\n\t<meta property=\"og:image:width\" content=\"800\" \/>\n\t<meta property=\"og:image:height\" content=\"533\" \/>\n\t<meta property=\"og:image:type\" content=\"image\/jpeg\" \/>\n<meta name=\"twitter:card\" content=\"summary_large_image\" \/>\n<meta name=\"twitter:label1\" content=\"Dur\u00e9e de lecture est.\" \/>\n\t<meta name=\"twitter:data1\" content=\"1 minute\" \/>\n<script type=\"application\/ld+json\" class=\"yoast-schema-graph\">{\"@context\":\"https:\/\/schema.org\",\"@graph\":[{\"@type\":\"WebPage\",\"@id\":\"https:\/\/www.spinabifida.be\/fr\/soutenir-notre-asbl\/\",\"url\":\"https:\/\/www.spinabifida.be\/fr\/soutenir-notre-asbl\/\",\"name\":\"Soutenir notre ASBL - Spina Bifida\",\"isPartOf\":{\"@id\":\"https:\/\/www.spinabifida.be\/fr\/#website\"},\"primaryImageOfPage\":{\"@id\":\"https:\/\/www.spinabifida.be\/fr\/soutenir-notre-asbl\/#primaryimage\"},\"image\":{\"@id\":\"https:\/\/www.spinabifida.be\/fr\/soutenir-notre-asbl\/#primaryimage\"},\"thumbnailUrl\":\"https:\/\/www.spinabifida.be\/wp-content\/uploads\/2026\/01\/spina-bifida-doneren-foto-1.jpeg\",\"datePublished\":\"2026-01-13T15:21:38+00:00\",\"dateModified\":\"2026-02-18T10:42:52+00:00\",\"description\":\"Faire un don Votre soutien \u00e0 notre association est toujours une contribution utile. Gr\u00e2ce \u00e0 votre contribution, nous pouvons continuer \u00e0 d\u00e9velopper nos activit\u00e9s et vous nous donnez...\",\"breadcrumb\":{\"@id\":\"https:\/\/www.spinabifida.be\/fr\/soutenir-notre-asbl\/#breadcrumb\"},\"inLanguage\":\"fr-BE\",\"potentialAction\":[{\"@type\":\"ReadAction\",\"target\":[\"https:\/\/www.spinabifida.be\/fr\/soutenir-notre-asbl\/\"]}]},{\"@type\":\"ImageObject\",\"inLanguage\":\"fr-BE\",\"@id\":\"https:\/\/www.spinabifida.be\/fr\/soutenir-notre-asbl\/#primaryimage\",\"url\":\"https:\/\/www.spinabifida.be\/wp-content\/uploads\/2026\/01\/spina-bifida-doneren-foto-1.jpeg\",\"contentUrl\":\"https:\/\/www.spinabifida.be\/wp-content\/uploads\/2026\/01\/spina-bifida-doneren-foto-1.jpeg\"},{\"@type\":\"BreadcrumbList\",\"@id\":\"https:\/\/www.spinabifida.be\/fr\/soutenir-notre-asbl\/#breadcrumb\",\"itemListElement\":[{\"@type\":\"ListItem\",\"position\":1,\"name\":\"Home\",\"item\":\"https:\/\/www.spinabifida.be\/fr\/\"},{\"@type\":\"ListItem\",\"position\":2,\"name\":\"Soutenir notre ASBL\"}]},{\"@type\":\"WebSite\",\"@id\":\"https:\/\/www.spinabifida.be\/fr\/#website\",\"url\":\"https:\/\/www.spinabifida.be\/fr\/\",\"name\":\"Spina bifida\",\"description\":\"De vereniging voor spina bifida en hydrocephalus is een zelfhulpgroep voor mensen met spina bifida en hun families.\",\"publisher\":{\"@id\":\"https:\/\/www.spinabifida.be\/fr\/#organization\"},\"potentialAction\":[{\"@type\":\"SearchAction\",\"target\":{\"@type\":\"EntryPoint\",\"urlTemplate\":\"https:\/\/www.spinabifida.be\/fr\/?s={search_term_string}\"},\"query-input\":{\"@type\":\"PropertyValueSpecification\",\"valueRequired\":true,\"valueName\":\"search_term_string\"}}],\"inLanguage\":\"fr-BE\"},{\"@type\":\"Organization\",\"@id\":\"https:\/\/www.spinabifida.be\/fr\/#organization\",\"name\":\"Spina bifida\",\"url\":\"https:\/\/www.spinabifida.be\/fr\/\",\"logo\":{\"@type\":\"ImageObject\",\"inLanguage\":\"fr-BE\",\"@id\":\"https:\/\/www.spinabifida.be\/fr\/#\/schema\/logo\/image\/\",\"url\":\"https:\/\/www.spinabifida.be\/wp-content\/uploads\/2026\/01\/spina-bifida-logo-512x512-1.png\",\"contentUrl\":\"https:\/\/www.spinabifida.be\/wp-content\/uploads\/2026\/01\/spina-bifida-logo-512x512-1.png\",\"width\":512,\"height\":512,\"caption\":\"Spina bifida\"},\"image\":{\"@id\":\"https:\/\/www.spinabifida.be\/fr\/#\/schema\/logo\/image\/\"},\"sameAs\":[\"https:\/\/www.facebook.com\/VshVzw\/\"]}]}<\/script>\n<!-- \/ Yoast SEO plugin. -->","yoast_head_json":{"title":"Soutenir notre ASBL - Spina Bifida","description":"Faire un don Votre soutien \u00e0 notre association est toujours une contribution utile. Gr\u00e2ce \u00e0 votre contribution, nous pouvons continuer \u00e0 d\u00e9velopper nos activit\u00e9s et vous nous donnez...","robots":{"index":"index","follow":"follow","max-snippet":"max-snippet:-1","max-image-preview":"max-image-preview:large","max-video-preview":"max-video-preview:-1"},"canonical":"https:\/\/www.spinabifida.be\/fr\/soutenir-notre-asbl\/","og_locale":"fr_FR","og_type":"article","og_title":"Soutenir notre ASBL - Spina Bifida","og_description":"Faire un don Votre soutien \u00e0 notre association est toujours une contribution utile. Gr\u00e2ce \u00e0 votre contribution, nous pouvons continuer \u00e0 d\u00e9velopper nos activit\u00e9s et vous nous donnez...","og_url":"https:\/\/www.spinabifida.be\/fr\/soutenir-notre-asbl\/","og_site_name":"Spina Bifida","article_publisher":"https:\/\/www.facebook.com\/VshVzw\/","article_modified_time":"2026-02-18T10:42:52+00:00","og_image":[{"width":800,"height":533,"url":"https:\/\/www.spinabifida.be\/wp-content\/uploads\/2026\/01\/spina-bifida-doneren-foto-1.jpeg","type":"image\/jpeg"}],"twitter_card":"summary_large_image","twitter_misc":{"Dur\u00e9e de lecture est.":"1 minute"},"schema":{"@context":"https:\/\/schema.org","@graph":[{"@type":"WebPage","@id":"https:\/\/www.spinabifida.be\/fr\/soutenir-notre-asbl\/","url":"https:\/\/www.spinabifida.be\/fr\/soutenir-notre-asbl\/","name":"Soutenir notre ASBL - Spina Bifida","isPartOf":{"@id":"https:\/\/www.spinabifida.be\/fr\/#website"},"primaryImageOfPage":{"@id":"https:\/\/www.spinabifida.be\/fr\/soutenir-notre-asbl\/#primaryimage"},"image":{"@id":"https:\/\/www.spinabifida.be\/fr\/soutenir-notre-asbl\/#primaryimage"},"thumbnailUrl":"https:\/\/www.spinabifida.be\/wp-content\/uploads\/2026\/01\/spina-bifida-doneren-foto-1.jpeg","datePublished":"2026-01-13T15:21:38+00:00","dateModified":"2026-02-18T10:42:52+00:00","description":"Faire un don Votre soutien \u00e0 notre association est toujours une contribution utile. Gr\u00e2ce \u00e0 votre contribution, nous pouvons continuer \u00e0 d\u00e9velopper nos activit\u00e9s et vous nous donnez...","breadcrumb":{"@id":"https:\/\/www.spinabifida.be\/fr\/soutenir-notre-asbl\/#breadcrumb"},"inLanguage":"fr-BE","potentialAction":[{"@type":"ReadAction","target":["https:\/\/www.spinabifida.be\/fr\/soutenir-notre-asbl\/"]}]},{"@type":"ImageObject","inLanguage":"fr-BE","@id":"https:\/\/www.spinabifida.be\/fr\/soutenir-notre-asbl\/#primaryimage","url":"https:\/\/www.spinabifida.be\/wp-content\/uploads\/2026\/01\/spina-bifida-doneren-foto-1.jpeg","contentUrl":"https:\/\/www.spinabifida.be\/wp-content\/uploads\/2026\/01\/spina-bifida-doneren-foto-1.jpeg"},{"@type":"BreadcrumbList","@id":"https:\/\/www.spinabifida.be\/fr\/soutenir-notre-asbl\/#breadcrumb","itemListElement":[{"@type":"ListItem","position":1,"name":"Home","item":"https:\/\/www.spinabifida.be\/fr\/"},{"@type":"ListItem","position":2,"name":"Soutenir notre ASBL"}]},{"@type":"WebSite","@id":"https:\/\/www.spinabifida.be\/fr\/#website","url":"https:\/\/www.spinabifida.be\/fr\/","name":"Spina bifida","description":"De vereniging voor spina bifida en hydrocephalus is een zelfhulpgroep voor mensen met spina bifida en hun families.","publisher":{"@id":"https:\/\/www.spinabifida.be\/fr\/#organization"},"potentialAction":[{"@type":"SearchAction","target":{"@type":"EntryPoint","urlTemplate":"https:\/\/www.spinabifida.be\/fr\/?s={search_term_string}"},"query-input":{"@type":"PropertyValueSpecification","valueRequired":true,"valueName":"search_term_string"}}],"inLanguage":"fr-BE"},{"@type":"Organization","@id":"https:\/\/www.spinabifida.be\/fr\/#organization","name":"Spina bifida","url":"https:\/\/www.spinabifida.be\/fr\/","logo":{"@type":"ImageObject","inLanguage":"fr-BE","@id":"https:\/\/www.spinabifida.be\/fr\/#\/schema\/logo\/image\/","url":"https:\/\/www.spinabifida.be\/wp-content\/uploads\/2026\/01\/spina-bifida-logo-512x512-1.png","contentUrl":"https:\/\/www.spinabifida.be\/wp-content\/uploads\/2026\/01\/spina-bifida-logo-512x512-1.png","width":512,"height":512,"caption":"Spina bifida"},"image":{"@id":"https:\/\/www.spinabifida.be\/fr\/#\/schema\/logo\/image\/"},"sameAs":["https:\/\/www.facebook.com\/VshVzw\/"]}]}},"_links":{"self":[{"href":"https:\/\/www.spinabifida.be\/fr\/wp-json\/wp\/v2\/pages\/1538","targetHints":{"allow":["GET"]}}],"collection":[{"href":"https:\/\/www.spinabifida.be\/fr\/wp-json\/wp\/v2\/pages"}],"about":[{"href":"https:\/\/www.spinabifida.be\/fr\/wp-json\/wp\/v2\/types\/page"}],"author":[{"embeddable":true,"href":"https:\/\/www.spinabifida.be\/fr\/wp-json\/wp\/v2\/users\/1"}],"replies":[{"embeddable":true,"href":"https:\/\/www.spinabifida.be\/fr\/wp-json\/wp\/v2\/comments?post=1538"}],"version-history":[{"count":5,"href":"https:\/\/www.spinabifida.be\/fr\/wp-json\/wp\/v2\/pages\/1538\/revisions"}],"predecessor-version":[{"id":1770,"href":"https:\/\/www.spinabifida.be\/fr\/wp-json\/wp\/v2\/pages\/1538\/revisions\/1770"}],"wp:attachment":[{"href":"https:\/\/www.spinabifida.be\/fr\/wp-json\/wp\/v2\/media?parent=1538"}],"curies":[{"name":"wp","href":"https:\/\/api.w.org\/{rel}","templated":true}]}}