{"id":1546,"date":"2026-01-12T15:29:30","date_gmt":"2026-01-12T14:29:30","guid":{"rendered":"https:\/\/www.spinabifida.be\/qui-est-qui\/"},"modified":"2026-02-25T08:53:58","modified_gmt":"2026-02-25T07:53:58","slug":"qui-est-qui","status":"publish","type":"page","link":"https:\/\/www.spinabifida.be\/fr\/qui-est-qui\/","title":{"rendered":"Qui est qui"},"content":{"rendered":"\n<div class=\"wp-block-group alignfull has-blue-to-white-2-gradient-background has-background has-global-padding is-layout-constrained wp-block-group-is-layout-constrained\" style=\"border-radius:0px;padding-top:var(--wp--preset--spacing--80-40);padding-bottom:var(--wp--preset--spacing--80-40)\">\n<div class=\"wp-block-media-text alignwide has-media-on-the-right is-stacked-on-mobile is-vertically-aligned-top\"><div class=\"wp-block-media-text__content\">\n<h1 class=\"wp-block-heading is-style-default has-white-color has-text-color has-link-color wp-elements-d8147e207f32096deed79943e744d99a\">Qui est qui<\/h1>\n<\/div><figure class=\"wp-block-media-text__media\"><img loading=\"lazy\" decoding=\"async\" width=\"500\" height=\"460\" src=\"https:\/\/www.spinabifida.be\/wp-content\/uploads\/2026\/01\/spina-bifida-wie-is-wie-headerbeeld.png\" alt=\"qui est qui\" class=\"wp-image-419 size-full\" srcset=\"https:\/\/www.spinabifida.be\/wp-content\/uploads\/2026\/01\/spina-bifida-wie-is-wie-headerbeeld.png 500w, https:\/\/www.spinabifida.be\/wp-content\/uploads\/2026\/01\/spina-bifida-wie-is-wie-headerbeeld-300x276.png 300w\" sizes=\"auto, (max-width: 500px) 100vw, 500px\" \/><\/figure><\/div>\n<\/div>\n\n<div class=\"wp-block-group alignwide geel-vierkant-midden has-global-padding is-layout-constrained wp-block-group-is-layout-constrained\">\n<div class=\"wp-block-media-text alignwide is-stacked-on-mobile is-image-fill-element\" style=\"margin-top:var(--wp--preset--spacing--24-16);margin-bottom:var(--wp--preset--spacing--24-16);grid-template-columns:48% auto\"><figure class=\"wp-block-media-text__media\"><img loading=\"lazy\" decoding=\"async\" width=\"800\" height=\"533\" src=\"https:\/\/www.spinabifida.be\/wp-content\/uploads\/2026\/01\/spina-bifida-wie-is-wie-foto-1.jpg\" alt=\"qui est qui conseil d\u2019administration partie 1\" class=\"wp-image-421 size-full\" style=\"object-position:50% 50%\" srcset=\"https:\/\/www.spinabifida.be\/wp-content\/uploads\/2026\/01\/spina-bifida-wie-is-wie-foto-1.jpg 800w, https:\/\/www.spinabifida.be\/wp-content\/uploads\/2026\/01\/spina-bifida-wie-is-wie-foto-1-300x200.jpg 300w, https:\/\/www.spinabifida.be\/wp-content\/uploads\/2026\/01\/spina-bifida-wie-is-wie-foto-1-768x512.jpg 768w\" sizes=\"auto, (max-width: 800px) 100vw, 800px\" \/><\/figure><div class=\"wp-block-media-text__content\">\n<div class=\"wp-block-group has-global-padding is-layout-constrained wp-block-group-is-layout-constrained\" style=\"margin-top:var(--wp--preset--spacing--24-16);margin-bottom:var(--wp--preset--spacing--24-16)\">\n<h3 class=\"wp-block-heading is-style-default has-dark-slate-blue-color has-text-color has-link-color wp-elements-5addc11724e5007d62ba751c5bb01d65\" style=\"margin-top:0;margin-bottom:0;font-style:normal;font-weight:400\">Maria Pauwels<\/h3>\n\n\n\n<p class=\"has-dark-slate-blue-color has-text-color has-link-color has-text-sm-font-size wp-elements-9e3f5a095422661ac050381799cde2c3\" style=\"margin-top:var(--wp--preset--spacing--16-8);margin-bottom:var(--wp--preset--spacing--16-8)\">Pr\u00e9sidente<\/p>\n<\/div>\n\n\n\n<div class=\"wp-block-group has-global-padding is-layout-constrained wp-block-group-is-layout-constrained\" style=\"margin-top:var(--wp--preset--spacing--24-16);margin-bottom:var(--wp--preset--spacing--24-16)\">\n<h3 class=\"wp-block-heading is-style-default has-dark-slate-blue-color has-text-color has-link-color wp-elements-e2067e0e204e5ab788010766e43edcc6\" style=\"margin-top:0;margin-bottom:0;font-style:normal;font-weight:400\">Marleen Van der Burght<\/h3>\n\n\n\n<p class=\"has-dark-slate-blue-color has-text-color has-link-color has-text-sm-font-size wp-elements-12d1ae4f56c1235bf14066b8bfeb4635\" style=\"margin-top:var(--wp--preset--spacing--16-8);margin-bottom:var(--wp--preset--spacing--16-8)\">vice-pr\u00e9sidente<\/p>\n<\/div>\n\n\n\n<div class=\"wp-block-group has-global-padding is-layout-constrained wp-block-group-is-layout-constrained\" style=\"margin-top:var(--wp--preset--spacing--24-16);margin-bottom:var(--wp--preset--spacing--24-16)\">\n<h3 class=\"wp-block-heading is-style-default has-dark-slate-blue-color has-text-color has-link-color wp-elements-652444a9a946bf57a88471de6b60919b\" style=\"margin-top:0;margin-bottom:0;font-style:normal;font-weight:400\">Hugo Van den Berge<\/h3>\n\n\n\n<p class=\"has-dark-slate-blue-color has-text-color has-link-color has-text-sm-font-size wp-elements-cca41b759e678461f0c91ff6e17faf10\" style=\"margin-top:var(--wp--preset--spacing--16-8);margin-bottom:var(--wp--preset--spacing--16-8)\">secr\u00e9taire<\/p>\n<\/div>\n\n\n\n<div class=\"wp-block-group has-global-padding is-layout-constrained wp-block-group-is-layout-constrained\" style=\"margin-top:var(--wp--preset--spacing--24-16);margin-bottom:var(--wp--preset--spacing--24-16)\">\n<h3 class=\"wp-block-heading is-style-default has-dark-slate-blue-color has-text-color has-link-color wp-elements-626c4f9671cd07a28116c55ed83fedb1\" style=\"margin-top:0;margin-bottom:0;font-style:normal;font-weight:400\">Marianne Saelens<\/h3>\n\n\n\n<p class=\"has-dark-slate-blue-color has-text-color has-link-color has-text-sm-font-size wp-elements-b2897a92cc65847d43462fc945516b57\" style=\"margin-top:var(--wp--preset--spacing--16-8);margin-bottom:var(--wp--preset--spacing--16-8)\">tr\u00e9sorier<\/p>\n<\/div>\n<\/div><\/div>\n\n\n\n<div class=\"wp-block-media-text alignwide has-media-on-the-right is-stacked-on-mobile is-image-fill-element\" style=\"grid-template-columns:auto 48%\"><div class=\"wp-block-media-text__content\">\n<div class=\"wp-block-group has-global-padding is-layout-constrained wp-block-group-is-layout-constrained\" style=\"margin-top:var(--wp--preset--spacing--24-16);margin-bottom:var(--wp--preset--spacing--24-16)\">\n<h3 class=\"wp-block-heading is-style-default has-dark-slate-blue-color has-text-color has-link-color wp-elements-8de3c6d42464902515a5f36ca2279cd3\" style=\"margin-top:0;margin-bottom:0;font-style:normal;font-weight:400\">Nathalie Verbruggen<\/h3>\n\n\n\n<p class=\"has-dark-slate-blue-color has-text-color has-link-color has-text-sm-font-size wp-elements-7f8b08f38b5f3fb5fb514b190854f078\" style=\"margin-top:var(--wp--preset--spacing--16-8);margin-bottom:var(--wp--preset--spacing--16-8)\">membre du conseil d\u2019administration avec spina bifida<\/p>\n<\/div>\n\n\n\n<div class=\"wp-block-group has-global-padding is-layout-constrained wp-block-group-is-layout-constrained\" style=\"margin-top:var(--wp--preset--spacing--24-16);margin-bottom:var(--wp--preset--spacing--24-16)\">\n<h3 class=\"wp-block-heading is-style-default has-dark-slate-blue-color has-text-color has-link-color wp-elements-d2adf769e117b903805771a1ddabf90a\" style=\"margin-top:0;margin-bottom:0;font-style:normal;font-weight:400\">Stijn Calders<\/h3>\n\n\n\n<p class=\"has-dark-slate-blue-color has-text-color has-link-color has-text-sm-font-size wp-elements-7f8b08f38b5f3fb5fb514b190854f078\" style=\"margin-top:var(--wp--preset--spacing--16-8);margin-bottom:var(--wp--preset--spacing--16-8)\">membre du conseil d\u2019administration avec spina bifida<\/p>\n<\/div>\n\n\n\n<div class=\"wp-block-group has-global-padding is-layout-constrained wp-block-group-is-layout-constrained\" style=\"margin-top:var(--wp--preset--spacing--24-16);margin-bottom:var(--wp--preset--spacing--24-16)\">\n<h3 class=\"wp-block-heading is-style-default has-dark-slate-blue-color has-text-color has-link-color wp-elements-800c41ba330b5982d4a691a7f803e304\" style=\"margin-top:0;margin-bottom:0;font-style:normal;font-weight:400\">Jurn Anthonis<\/h3>\n\n\n\n<p class=\"has-dark-slate-blue-color has-text-color has-link-color has-text-sm-font-size wp-elements-3995ee3282fb9b0a4b05e7bafc6f12e2\" style=\"margin-top:var(--wp--preset--spacing--16-8);margin-bottom:var(--wp--preset--spacing--16-8)\">Collaborateur p\u00e9dagogique<\/p>\n<\/div>\n<\/div><figure class=\"wp-block-media-text__media\"><img loading=\"lazy\" decoding=\"async\" width=\"800\" height=\"677\" src=\"https:\/\/www.spinabifida.be\/wp-content\/uploads\/2026\/01\/spina-bifida-wie-is-wie-foto-2.jpg\" alt=\"qui est qui conseil d\u2019administration partie 2\" class=\"wp-image-433 size-full\" style=\"object-position:50% 50%\" srcset=\"https:\/\/www.spinabifida.be\/wp-content\/uploads\/2026\/01\/spina-bifida-wie-is-wie-foto-2.jpg 800w, https:\/\/www.spinabifida.be\/wp-content\/uploads\/2026\/01\/spina-bifida-wie-is-wie-foto-2-300x254.jpg 300w, https:\/\/www.spinabifida.be\/wp-content\/uploads\/2026\/01\/spina-bifida-wie-is-wie-foto-2-768x650.jpg 768w\" sizes=\"auto, (max-width: 800px) 100vw, 800px\" \/><\/figure><\/div>\n<\/div>\n\n<div class=\"wp-block-group alignwide has-beige-background-color has-background has-global-padding is-content-justification-center is-layout-constrained wp-block-group-is-layout-constrained\" style=\"margin-top:var(--wp--preset--spacing--120-40);margin-bottom:var(--wp--preset--spacing--120-40);padding-top:var(--wp--preset--spacing--120-40);padding-bottom:var(--wp--preset--spacing--120-40)\">\n<div class=\"wp-block-group has-global-padding is-layout-constrained wp-container-core-group-is-layout-1b7674e1 wp-block-group-is-layout-constrained\" style=\"padding-right:var(--wp--preset--spacing--48-32);padding-left:var(--wp--preset--spacing--48-32)\">\n<h2 class=\"wp-block-heading has-dark-slate-blue-color has-text-color has-link-color has-heading-xs-font-size wp-elements-5f76d82d6bf0a8e7f1eae0dcbf87680c\">Contactez-nous<\/h2>\n\n\n\n<p class=\"has-text-xs-font-size\">Avez-vous une question ou souhaitez-vous devenir membre ? Veuillez remplir le formulaire ci-dessous et nous prendrons contact avec vous dans les plus brefs d\u00e9lais.<\/p>\n\n\n<div class=\"wpforms-container wpforms-block wpforms-block-5a6800fa-d7d4-4484-a3ca-2cb18dd19087\" id=\"wpforms-10\"><form id=\"wpforms-form-10\" class=\"wpforms-validate wpforms-form\" data-formid=\"10\" method=\"post\" enctype=\"multipart\/form-data\" action=\"\/fr\/wp-json\/wp\/v2\/pages\/1546\" data-token=\"2a134360f7ec986c0bf185bb0fd62ef6\" data-token-time=\"1775258241\"><noscript class=\"wpforms-error-noscript\">Veuillez activer JavaScript dans votre navigateur pour remplir ce formulaire.<\/noscript><div class=\"wpforms-field-container\"><div id=\"wpforms-10-field_6-container\" class=\"wpforms-field wpforms-field-layout\" data-field-id=\"6\"><div class=\"wpforms-field-layout-rows wpforms-field-large\"><div class=\"wpforms-layout-row\"><div class=\"wpforms-layout-column wpforms-layout-column-50\"><div id=\"wpforms-10-field_12-container\" class=\"wpforms-field wpforms-field-text\" data-field-id=\"12\"><label class=\"wpforms-field-label\" for=\"wpforms-10-field_12\">Voornaam <span class=\"wpforms-required-label\">*<\/span><\/label><input type=\"text\" id=\"wpforms-10-field_12\" class=\"wpforms-field-medium wpforms-field-required\" name=\"wpforms[fields][12]\" required><\/div><\/div><div class=\"wpforms-layout-column wpforms-layout-column-50\"><div id=\"wpforms-10-field_11-container\" class=\"wpforms-field wpforms-field-text\" data-field-id=\"11\"><label class=\"wpforms-field-label\" for=\"wpforms-10-field_11\"> Achternaam <span class=\"wpforms-required-label\">*<\/span><\/label><input type=\"text\" id=\"wpforms-10-field_11\" class=\"wpforms-field-medium wpforms-field-required\" name=\"wpforms[fields][11]\" required><\/div><\/div><\/div><\/div><\/div><div id=\"wpforms-10-field_5-container\" class=\"wpforms-field wpforms-field-layout\" data-field-id=\"5\"><div class=\"wpforms-field-layout-rows wpforms-field-large\"><div class=\"wpforms-layout-row\"><div class=\"wpforms-layout-column wpforms-layout-column-50\"><div id=\"wpforms-10-field_3-container\" class=\"wpforms-field wpforms-field-phone\" data-field-id=\"3\"><label class=\"wpforms-field-label\" for=\"wpforms-10-field_3\">Telefoon<\/label><input type=\"tel\" id=\"wpforms-10-field_3\" class=\"wpforms-field-large\" data-rule-int-phone-field=\"true\" name=\"wpforms[fields][3]\" aria-label=\"Telefoon\" ><\/div><\/div><div class=\"wpforms-layout-column wpforms-layout-column-50\"><div id=\"wpforms-10-field_1-container\" class=\"wpforms-field wpforms-field-email\" data-field-id=\"1\"><label class=\"wpforms-field-label\" for=\"wpforms-10-field_1\">E-mailadres <span class=\"wpforms-required-label\">*<\/span><\/label><input type=\"email\" id=\"wpforms-10-field_1\" class=\"wpforms-field-large wpforms-field-required\" name=\"wpforms[fields][1]\" spellcheck=\"false\" required><\/div><\/div><\/div><\/div><\/div><div id=\"wpforms-10-field_2-container\" class=\"wpforms-field wpforms-field-textarea\" data-field-id=\"2\"><label class=\"wpforms-field-label\" for=\"wpforms-10-field_2\">Bericht <span class=\"wpforms-required-label\">*<\/span><\/label><textarea id=\"wpforms-10-field_2\" class=\"wpforms-field-medium wpforms-field-required\" name=\"wpforms[fields][2]\" required><\/textarea><\/div><\/div><!-- .wpforms-field-container --><div class=\"wpforms-field wpforms-field-hp\"><label for=\"wpforms-10-field-hp\" class=\"wpforms-field-label\">Website<\/label><input type=\"text\" name=\"wpforms[hp]\" id=\"wpforms-10-field-hp\" class=\"wpforms-field-medium\"><\/div><div class=\"wpforms-recaptcha-container wpforms-is-turnstile\" ><div class=\"wpforms-turnstile\" data-sitekey=\"0x4AAAAAAAVkIy6pnpjZ5K4z\" data-action=\"FormID-10\"><\/div><input type=\"text\" name=\"g-recaptcha-hidden\" class=\"wpforms-recaptcha-hidden\" style=\"position:absolute!important;clip:rect(0,0,0,0)!important;height:1px!important;width:1px!important;border:0!important;overflow:hidden!important;padding:0!important;margin:0!important;\" data-rule-turnstile=\"1\"><\/div><div class=\"wpforms-submit-container\" ><input type=\"hidden\" name=\"wpforms[id]\" value=\"10\"><input type=\"hidden\" name=\"page_title\" value=\"\"><input type=\"hidden\" name=\"page_url\" value=\"https:\/\/www.spinabifida.be\/fr\/wp-json\/wp\/v2\/pages\/1546\"><input type=\"hidden\" name=\"url_referer\" value=\"\"><button type=\"submit\" name=\"wpforms[submit]\" id=\"wpforms-submit-10\" class=\"wpforms-submit\" data-alt-text=\"Verzenden....\" data-submit-text=\"Verzenden\" aria-live=\"assertive\" value=\"wpforms-submit\">Verzenden<\/button><\/div><\/form><\/div>  <!-- .wpforms-container --><\/div>\n<\/div>\n\n<div style=\"background-image:url(&#039;https:\/\/www.spinabifida.be\/wp-content\/uploads\/2026\/01\/Spina-bifida-patroonBG-nieuwsbanner.svg&#039;);background-size:cover;\" class=\"wp-block-group alignfull has-light-blue-background-color has-background has-global-padding is-layout-constrained wp-block-group-is-layout-constrained\">\n<div class=\"wp-block-columns alignwide is-layout-flex wp-container-core-columns-is-layout-ad315cc3 wp-block-columns-is-layout-flex\" style=\"padding-top:var(--wp--preset--spacing--120-40);padding-right:0;padding-bottom:var(--wp--preset--spacing--120-40);padding-left:0\">\n<div class=\"wp-block-column is-layout-flow wp-block-column-is-layout-flow\" style=\"flex-basis:53%\">\n<div class=\"wp-block-group alignwide is-nowrap is-layout-flex wp-container-core-group-is-layout-6c531013 wp-block-group-is-layout-flex\">\n<h2 class=\"wp-block-heading is-style-default has-dark-slate-blue-color has-text-color\">Inscrivez-vous ici \u00e0 notre newsletter.<\/h2>\n<\/div>\n<\/div>\n\n\n\n<div class=\"wp-block-column is-vertically-aligned-center is-layout-flow wp-block-column-is-layout-flow\" style=\"flex-basis:50%\">\n<div class=\"wp-block-group has-global-padding is-content-justification-right is-layout-constrained wp-container-core-group-is-layout-f1f2ed93 wp-block-group-is-layout-constrained\">\n<div class=\"nieuwsbrief-button wp-block-button is-style-yellow is-style-yellow--1\"><a class=\"wp-block-button__link wp-element-button\" onclick=\"ml_account('webforms', '5452424', 'y6e4n8', 'show')\">INSCRIVEZ-VOUS !<\/a><\/div>\n<\/div>\n<\/div>\n<\/div>\n<\/div>\n","protected":false},"excerpt":{"rendered":"<p>Qui est qui Maria Pauwels Pr\u00e9sidente Marleen Van der Burght vice-pr\u00e9sidente Hugo Van den Berge secr\u00e9taire Marianne Saelens tr\u00e9sorier Nathalie Verbruggen membre du conseil d\u2019administration avec spina bifida Stijn Calders membre du conseil d\u2019administration avec spina bifida Jurn Anthonis Collaborateur p\u00e9dagogique<\/p>\n","protected":false},"author":1,"featured_media":0,"parent":0,"menu_order":0,"comment_status":"closed","ping_status":"closed","template":"","meta":{"_acf_changed":false,"inline_featured_image":false,"footnotes":""},"class_list":["post-1546","page","type-page","status-publish","hentry"],"acf":[],"yoast_head":"<!-- This site is optimized with the Yoast SEO plugin v27.0 - https:\/\/yoast.com\/product\/yoast-seo-wordpress\/ -->\n<title>Qui est qui - Spina Bifida<\/title>\n<meta name=\"description\" content=\"Un conseil d\u2019administration g\u00e8re le fonctionnement quotidien de l\u2019association et se compose des membres suivants : Maria Pauwels \u2013 pr\u00e9sidente, Hugo Van den Berge \u2013 se...\" \/>\n<meta name=\"robots\" content=\"index, follow, max-snippet:-1, max-image-preview:large, max-video-preview:-1\" \/>\n<link rel=\"canonical\" href=\"https:\/\/www.spinabifida.be\/fr\/qui-est-qui\/\" \/>\n<meta property=\"og:locale\" content=\"fr_FR\" \/>\n<meta property=\"og:type\" content=\"article\" \/>\n<meta property=\"og:title\" content=\"Qui est qui - Spina Bifida\" \/>\n<meta property=\"og:description\" content=\"Un conseil d\u2019administration g\u00e8re le fonctionnement quotidien de l\u2019association et se compose des membres suivants : Maria Pauwels \u2013 pr\u00e9sidente, Hugo Van den Berge \u2013 se...\" \/>\n<meta property=\"og:url\" content=\"https:\/\/www.spinabifida.be\/fr\/qui-est-qui\/\" \/>\n<meta property=\"og:site_name\" content=\"Spina Bifida\" \/>\n<meta property=\"article:publisher\" content=\"https:\/\/www.facebook.com\/VshVzw\/\" \/>\n<meta property=\"article:modified_time\" content=\"2026-02-25T07:53:58+00:00\" \/>\n<meta property=\"og:image\" content=\"https:\/\/www.spinabifida.be\/wp-content\/uploads\/2026\/01\/spina-bifida-wie-is-wie-headerbeeld.png\" \/>\n\t<meta property=\"og:image:width\" content=\"500\" \/>\n\t<meta property=\"og:image:height\" content=\"460\" \/>\n\t<meta property=\"og:image:type\" content=\"image\/png\" \/>\n<meta name=\"twitter:card\" content=\"summary_large_image\" \/>\n<script type=\"application\/ld+json\" class=\"yoast-schema-graph\">{\"@context\":\"https:\/\/schema.org\",\"@graph\":[{\"@type\":\"WebPage\",\"@id\":\"https:\/\/www.spinabifida.be\/fr\/qui-est-qui\/\",\"url\":\"https:\/\/www.spinabifida.be\/fr\/qui-est-qui\/\",\"name\":\"Qui est qui - Spina Bifida\",\"isPartOf\":{\"@id\":\"https:\/\/www.spinabifida.be\/fr\/#website\"},\"primaryImageOfPage\":{\"@id\":\"https:\/\/www.spinabifida.be\/fr\/qui-est-qui\/#primaryimage\"},\"image\":{\"@id\":\"https:\/\/www.spinabifida.be\/fr\/qui-est-qui\/#primaryimage\"},\"thumbnailUrl\":\"https:\/\/www.spinabifida.be\/wp-content\/uploads\/2026\/01\/spina-bifida-wie-is-wie-headerbeeld.png\",\"datePublished\":\"2026-01-12T14:29:30+00:00\",\"dateModified\":\"2026-02-25T07:53:58+00:00\",\"description\":\"Un conseil d\u2019administration g\u00e8re le fonctionnement quotidien de l\u2019association et se compose des membres suivants : Maria Pauwels \u2013 pr\u00e9sidente, Hugo Van den Berge \u2013 se...\",\"breadcrumb\":{\"@id\":\"https:\/\/www.spinabifida.be\/fr\/qui-est-qui\/#breadcrumb\"},\"inLanguage\":\"fr-BE\",\"potentialAction\":[{\"@type\":\"ReadAction\",\"target\":[\"https:\/\/www.spinabifida.be\/fr\/qui-est-qui\/\"]}]},{\"@type\":\"ImageObject\",\"inLanguage\":\"fr-BE\",\"@id\":\"https:\/\/www.spinabifida.be\/fr\/qui-est-qui\/#primaryimage\",\"url\":\"https:\/\/www.spinabifida.be\/wp-content\/uploads\/2026\/01\/spina-bifida-wie-is-wie-headerbeeld.png\",\"contentUrl\":\"https:\/\/www.spinabifida.be\/wp-content\/uploads\/2026\/01\/spina-bifida-wie-is-wie-headerbeeld.png\"},{\"@type\":\"BreadcrumbList\",\"@id\":\"https:\/\/www.spinabifida.be\/fr\/qui-est-qui\/#breadcrumb\",\"itemListElement\":[{\"@type\":\"ListItem\",\"position\":1,\"name\":\"Home\",\"item\":\"https:\/\/www.spinabifida.be\/fr\/\"},{\"@type\":\"ListItem\",\"position\":2,\"name\":\"Qui est qui\"}]},{\"@type\":\"WebSite\",\"@id\":\"https:\/\/www.spinabifida.be\/fr\/#website\",\"url\":\"https:\/\/www.spinabifida.be\/fr\/\",\"name\":\"Spina bifida\",\"description\":\"De vereniging voor spina bifida en hydrocephalus is een zelfhulpgroep voor mensen met spina bifida en hun families.\",\"publisher\":{\"@id\":\"https:\/\/www.spinabifida.be\/fr\/#organization\"},\"potentialAction\":[{\"@type\":\"SearchAction\",\"target\":{\"@type\":\"EntryPoint\",\"urlTemplate\":\"https:\/\/www.spinabifida.be\/fr\/?s={search_term_string}\"},\"query-input\":{\"@type\":\"PropertyValueSpecification\",\"valueRequired\":true,\"valueName\":\"search_term_string\"}}],\"inLanguage\":\"fr-BE\"},{\"@type\":\"Organization\",\"@id\":\"https:\/\/www.spinabifida.be\/fr\/#organization\",\"name\":\"Spina bifida\",\"url\":\"https:\/\/www.spinabifida.be\/fr\/\",\"logo\":{\"@type\":\"ImageObject\",\"inLanguage\":\"fr-BE\",\"@id\":\"https:\/\/www.spinabifida.be\/fr\/#\/schema\/logo\/image\/\",\"url\":\"https:\/\/www.spinabifida.be\/wp-content\/uploads\/2026\/01\/spina-bifida-logo-512x512-1.png\",\"contentUrl\":\"https:\/\/www.spinabifida.be\/wp-content\/uploads\/2026\/01\/spina-bifida-logo-512x512-1.png\",\"width\":512,\"height\":512,\"caption\":\"Spina bifida\"},\"image\":{\"@id\":\"https:\/\/www.spinabifida.be\/fr\/#\/schema\/logo\/image\/\"},\"sameAs\":[\"https:\/\/www.facebook.com\/VshVzw\/\"]}]}<\/script>\n<!-- \/ Yoast SEO plugin. -->","yoast_head_json":{"title":"Qui est qui - Spina Bifida","description":"Un conseil d\u2019administration g\u00e8re le fonctionnement quotidien de l\u2019association et se compose des membres suivants : Maria Pauwels \u2013 pr\u00e9sidente, Hugo Van den Berge \u2013 se...","robots":{"index":"index","follow":"follow","max-snippet":"max-snippet:-1","max-image-preview":"max-image-preview:large","max-video-preview":"max-video-preview:-1"},"canonical":"https:\/\/www.spinabifida.be\/fr\/qui-est-qui\/","og_locale":"fr_FR","og_type":"article","og_title":"Qui est qui - Spina Bifida","og_description":"Un conseil d\u2019administration g\u00e8re le fonctionnement quotidien de l\u2019association et se compose des membres suivants : Maria Pauwels \u2013 pr\u00e9sidente, Hugo Van den Berge \u2013 se...","og_url":"https:\/\/www.spinabifida.be\/fr\/qui-est-qui\/","og_site_name":"Spina Bifida","article_publisher":"https:\/\/www.facebook.com\/VshVzw\/","article_modified_time":"2026-02-25T07:53:58+00:00","og_image":[{"width":500,"height":460,"url":"https:\/\/www.spinabifida.be\/wp-content\/uploads\/2026\/01\/spina-bifida-wie-is-wie-headerbeeld.png","type":"image\/png"}],"twitter_card":"summary_large_image","schema":{"@context":"https:\/\/schema.org","@graph":[{"@type":"WebPage","@id":"https:\/\/www.spinabifida.be\/fr\/qui-est-qui\/","url":"https:\/\/www.spinabifida.be\/fr\/qui-est-qui\/","name":"Qui est qui - Spina Bifida","isPartOf":{"@id":"https:\/\/www.spinabifida.be\/fr\/#website"},"primaryImageOfPage":{"@id":"https:\/\/www.spinabifida.be\/fr\/qui-est-qui\/#primaryimage"},"image":{"@id":"https:\/\/www.spinabifida.be\/fr\/qui-est-qui\/#primaryimage"},"thumbnailUrl":"https:\/\/www.spinabifida.be\/wp-content\/uploads\/2026\/01\/spina-bifida-wie-is-wie-headerbeeld.png","datePublished":"2026-01-12T14:29:30+00:00","dateModified":"2026-02-25T07:53:58+00:00","description":"Un conseil d\u2019administration g\u00e8re le fonctionnement quotidien de l\u2019association et se compose des membres suivants : Maria Pauwels \u2013 pr\u00e9sidente, Hugo Van den Berge \u2013 se...","breadcrumb":{"@id":"https:\/\/www.spinabifida.be\/fr\/qui-est-qui\/#breadcrumb"},"inLanguage":"fr-BE","potentialAction":[{"@type":"ReadAction","target":["https:\/\/www.spinabifida.be\/fr\/qui-est-qui\/"]}]},{"@type":"ImageObject","inLanguage":"fr-BE","@id":"https:\/\/www.spinabifida.be\/fr\/qui-est-qui\/#primaryimage","url":"https:\/\/www.spinabifida.be\/wp-content\/uploads\/2026\/01\/spina-bifida-wie-is-wie-headerbeeld.png","contentUrl":"https:\/\/www.spinabifida.be\/wp-content\/uploads\/2026\/01\/spina-bifida-wie-is-wie-headerbeeld.png"},{"@type":"BreadcrumbList","@id":"https:\/\/www.spinabifida.be\/fr\/qui-est-qui\/#breadcrumb","itemListElement":[{"@type":"ListItem","position":1,"name":"Home","item":"https:\/\/www.spinabifida.be\/fr\/"},{"@type":"ListItem","position":2,"name":"Qui est qui"}]},{"@type":"WebSite","@id":"https:\/\/www.spinabifida.be\/fr\/#website","url":"https:\/\/www.spinabifida.be\/fr\/","name":"Spina bifida","description":"De vereniging voor spina bifida en hydrocephalus is een zelfhulpgroep voor mensen met spina bifida en hun families.","publisher":{"@id":"https:\/\/www.spinabifida.be\/fr\/#organization"},"potentialAction":[{"@type":"SearchAction","target":{"@type":"EntryPoint","urlTemplate":"https:\/\/www.spinabifida.be\/fr\/?s={search_term_string}"},"query-input":{"@type":"PropertyValueSpecification","valueRequired":true,"valueName":"search_term_string"}}],"inLanguage":"fr-BE"},{"@type":"Organization","@id":"https:\/\/www.spinabifida.be\/fr\/#organization","name":"Spina bifida","url":"https:\/\/www.spinabifida.be\/fr\/","logo":{"@type":"ImageObject","inLanguage":"fr-BE","@id":"https:\/\/www.spinabifida.be\/fr\/#\/schema\/logo\/image\/","url":"https:\/\/www.spinabifida.be\/wp-content\/uploads\/2026\/01\/spina-bifida-logo-512x512-1.png","contentUrl":"https:\/\/www.spinabifida.be\/wp-content\/uploads\/2026\/01\/spina-bifida-logo-512x512-1.png","width":512,"height":512,"caption":"Spina bifida"},"image":{"@id":"https:\/\/www.spinabifida.be\/fr\/#\/schema\/logo\/image\/"},"sameAs":["https:\/\/www.facebook.com\/VshVzw\/"]}]}},"_links":{"self":[{"href":"https:\/\/www.spinabifida.be\/fr\/wp-json\/wp\/v2\/pages\/1546","targetHints":{"allow":["GET"]}}],"collection":[{"href":"https:\/\/www.spinabifida.be\/fr\/wp-json\/wp\/v2\/pages"}],"about":[{"href":"https:\/\/www.spinabifida.be\/fr\/wp-json\/wp\/v2\/types\/page"}],"author":[{"embeddable":true,"href":"https:\/\/www.spinabifida.be\/fr\/wp-json\/wp\/v2\/users\/1"}],"replies":[{"embeddable":true,"href":"https:\/\/www.spinabifida.be\/fr\/wp-json\/wp\/v2\/comments?post=1546"}],"version-history":[{"count":3,"href":"https:\/\/www.spinabifida.be\/fr\/wp-json\/wp\/v2\/pages\/1546\/revisions"}],"predecessor-version":[{"id":1783,"href":"https:\/\/www.spinabifida.be\/fr\/wp-json\/wp\/v2\/pages\/1546\/revisions\/1783"}],"wp:attachment":[{"href":"https:\/\/www.spinabifida.be\/fr\/wp-json\/wp\/v2\/media?parent=1546"}],"curies":[{"name":"wp","href":"https:\/\/api.w.org\/{rel}","templated":true}]}}