{"id":1550,"date":"2026-01-13T11:53:58","date_gmt":"2026-01-13T10:53:58","guid":{"rendered":"https:\/\/www.spinabifida.be\/lid-worden\/"},"modified":"2026-02-16T17:54:03","modified_gmt":"2026-02-16T16:54:03","slug":"lid-worden","status":"publish","type":"page","link":"https:\/\/www.spinabifida.be\/fr\/lid-worden\/","title":{"rendered":"devenir membre"},"content":{"rendered":"\n<div class=\"wp-block-group alignfull titel-banner-bovenaan has-primary-background-color has-background has-global-padding is-layout-constrained wp-block-group-is-layout-constrained\"><h1 style=\"padding-top:var(--wp--preset--spacing--64-32);padding-bottom:var(--wp--preset--spacing--64-32);\" class=\"has-text-align-center has-link-color alignwide wp-elements-dce46223f7ce29c1aa01b1f4e0de27f6 wp-block-post-title has-text-color has-white-color\">devenir membre<\/h1><\/div>\n\n<div class=\"wp-block-group alignwide geel-vierkant-midden has-global-padding is-layout-constrained wp-block-group-is-layout-constrained\">\n<div class=\"wp-block-media-text alignwide is-stacked-on-mobile is-vertically-aligned-top is-image-fill-element text-image-blok\" style=\"margin-top:var(--wp--preset--spacing--24-16);padding-right:var(--wp--preset--spacing--120-60);padding-left:var(--wp--preset--spacing--120-60);grid-template-columns:47% auto\"><figure class=\"wp-block-media-text__media\"><img loading=\"lazy\" decoding=\"async\" width=\"800\" height=\"600\" src=\"https:\/\/www.spinabifida.be\/wp-content\/uploads\/2026\/01\/spina-bifida-lid-worden-foto-1.jpeg\" alt=\"devenir-membre-qui-peut-l-etre\" class=\"wp-image-524 size-full\" style=\"object-position:50% 50%\" srcset=\"https:\/\/www.spinabifida.be\/wp-content\/uploads\/2026\/01\/spina-bifida-lid-worden-foto-1.jpeg 800w, https:\/\/www.spinabifida.be\/wp-content\/uploads\/2026\/01\/spina-bifida-lid-worden-foto-1-300x225.jpeg 300w, https:\/\/www.spinabifida.be\/wp-content\/uploads\/2026\/01\/spina-bifida-lid-worden-foto-1-768x576.jpeg 768w\" sizes=\"auto, (max-width: 800px) 100vw, 800px\" \/><\/figure><div class=\"wp-block-media-text__content\">\n<p>Pour atteindre nos objectifs, il est important \u00e0 bien des \u00e9gards de disposer d\u2019un grand nombre de membres. Plus de membres signifie plus d\u2019\u00e9changes d\u2019informations et d\u2019exp\u00e9riences, ainsi qu\u2019un soutien accru pour la d\u00e9fense des int\u00e9r\u00eats communs. <\/p>\n\n\n\n<h3 class=\"wp-block-heading has-dark-slate-blue-color has-text-color has-link-color wp-elements-50cd6919ff64cc0c2c56ca1155962da5\">Qui peut devenir membre ?<\/h3>\n\n\n\n<p>Au cours des premi\u00e8res d\u00e9cennies, les membres \u00e9taient principalement de jeunes familles ayant un enfant atteint de spina bifida et d\u2019hydroc\u00e9phalie. Entre-temps, l\u2019esp\u00e9rance de vie d\u2019un enfant atteint de spina bifida a consid\u00e9rablement augment\u00e9 et nous comptons d\u00e9sormais un grand nombre d\u2019adultes atteints de spina bifida et d\u2019hydroc\u00e9phalie parmi nos membres. <\/p>\n<\/div><\/div>\n\n\n\n<div class=\"wp-block-media-text alignwide has-media-on-the-right is-stacked-on-mobile is-vertically-aligned-top is-image-fill-element text-image-blok\" style=\"margin-top:var(--wp--preset--spacing--24-16);margin-bottom:var(--wp--preset--spacing--24-16);padding-right:var(--wp--preset--spacing--120-60);padding-left:var(--wp--preset--spacing--120-60);grid-template-columns:auto 47%\"><div class=\"wp-block-media-text__content\">\n<h3 class=\"wp-block-heading has-dark-slate-blue-color has-text-color has-link-color has-heading-sm-font-size wp-elements-36c8e6358c0aa1bf1848f4b953b7e6e2\" style=\"margin-bottom:0\">Quel est le montant de la<br\/>cotisation annuelle ?<\/h3>\n\n\n\n<p>Nous demandons \u00e0 nos membres (donateurs) une cotisation annuelle de 25,00 euros. Pour ce montant, vous recevez un magazine 4 fois par an et vous \u00eates invit\u00e9 \u00e0 nos activit\u00e9s. De plus, nous sommes toujours \u00e0 votre disposition pour r\u00e9pondre \u00e0 vos questions par t\u00e9l\u00e9phone ou par e-mail.  <\/p>\n\n\n\n<h3 class=\"wp-block-heading has-dark-slate-blue-color has-text-color has-link-color wp-elements-dc6efad612adfd3635e7527bd12f70e9\" style=\"margin-bottom:0\">Comment devenir membre ?<\/h3>\n\n\n\n<p>Veuillez remplir le formulaire ci-dessous en indiquant que vous souhaitez devenir membre et nous vous ferons parvenir une confirmation de votre inscription dans les plus brefs d\u00e9lais.<\/p>\n<\/div><figure class=\"wp-block-media-text__media\"><img loading=\"lazy\" decoding=\"async\" width=\"800\" height=\"600\" src=\"https:\/\/www.spinabifida.be\/wp-content\/uploads\/2026\/01\/spina-bifida-lid-worden-foto-2.png\" alt=\"explications-pour-devenir-membre\" class=\"wp-image-523 size-full\" style=\"object-position:50% 50%\" srcset=\"https:\/\/www.spinabifida.be\/wp-content\/uploads\/2026\/01\/spina-bifida-lid-worden-foto-2.png 800w, https:\/\/www.spinabifida.be\/wp-content\/uploads\/2026\/01\/spina-bifida-lid-worden-foto-2-300x225.png 300w, https:\/\/www.spinabifida.be\/wp-content\/uploads\/2026\/01\/spina-bifida-lid-worden-foto-2-768x576.png 768w\" sizes=\"auto, (max-width: 800px) 100vw, 800px\" \/><\/figure><\/div>\n<\/div>\n\n<div class=\"wp-block-group alignwide has-beige-background-color has-background has-global-padding is-content-justification-center is-layout-constrained wp-block-group-is-layout-constrained\" style=\"margin-top:var(--wp--preset--spacing--120-40);margin-bottom:var(--wp--preset--spacing--80-40);padding-top:var(--wp--preset--spacing--80-40);padding-bottom:var(--wp--preset--spacing--80-40)\">\n<div class=\"wp-block-group has-global-padding is-layout-constrained wp-container-core-group-is-layout-1b7674e1 wp-block-group-is-layout-constrained\" style=\"padding-right:var(--wp--preset--spacing--48-32);padding-left:var(--wp--preset--spacing--48-32)\"><div class=\"wpforms-container wpforms-block wpforms-block-5a6800fa-d7d4-4484-a3ca-2cb18dd19087\" id=\"wpforms-532\"><form id=\"wpforms-form-532\" class=\"wpforms-validate wpforms-form wpforms-ajax-form\" data-formid=\"532\" method=\"post\" enctype=\"multipart\/form-data\" action=\"\/fr\/wp-json\/wp\/v2\/pages\/1550\" data-token=\"f028b0c92939d21d561f6cb922459068\" data-token-time=\"1775258239\"><noscript class=\"wpforms-error-noscript\">Veuillez activer JavaScript dans votre navigateur pour remplir ce formulaire.<\/noscript><div class=\"wpforms-field-container\"><div id=\"wpforms-532-field_7-container\" class=\"wpforms-field wpforms-field-layout\" data-field-id=\"7\"><div class=\"wpforms-field-layout-rows wpforms-field-large\"><div class=\"wpforms-layout-row\"><div class=\"wpforms-layout-column wpforms-layout-column-50\"><div id=\"wpforms-532-field_8-container\" class=\"wpforms-field wpforms-field-text\" data-field-id=\"8\"><label class=\"wpforms-field-label\" for=\"wpforms-532-field_8\">Voornaam <span class=\"wpforms-required-label\">*<\/span><\/label><input type=\"text\" id=\"wpforms-532-field_8\" class=\"wpforms-field-medium wpforms-field-required\" name=\"wpforms[fields][8]\" required><\/div><\/div><div class=\"wpforms-layout-column wpforms-layout-column-50\"><div id=\"wpforms-532-field_9-container\" class=\"wpforms-field wpforms-field-text\" data-field-id=\"9\"><label class=\"wpforms-field-label\" for=\"wpforms-532-field_9\">Achternaam<\/label><input type=\"text\" id=\"wpforms-532-field_9\" class=\"wpforms-field-medium\" name=\"wpforms[fields][9]\" ><\/div><\/div><\/div><\/div><\/div><div id=\"wpforms-532-field_10-container\" class=\"wpforms-field wpforms-field-layout\" data-field-id=\"10\"><div class=\"wpforms-field-layout-rows wpforms-field-large\"><div class=\"wpforms-layout-row\"><div class=\"wpforms-layout-column wpforms-layout-column-50\"><div id=\"wpforms-532-field_2-container\" class=\"wpforms-field wpforms-field-phone\" data-field-id=\"2\"><label class=\"wpforms-field-label\" for=\"wpforms-532-field_2\">Telefoon<\/label><input type=\"tel\" id=\"wpforms-532-field_2\" class=\"wpforms-field-large\" data-rule-int-phone-field=\"true\" name=\"wpforms[fields][2]\" aria-label=\"Telefoon\" ><\/div><\/div><div class=\"wpforms-layout-column wpforms-layout-column-50\"><div id=\"wpforms-532-field_3-container\" class=\"wpforms-field wpforms-field-email\" data-field-id=\"3\"><label class=\"wpforms-field-label\" for=\"wpforms-532-field_3\">e-mailadres <span class=\"wpforms-required-label\">*<\/span><\/label><input type=\"email\" id=\"wpforms-532-field_3\" class=\"wpforms-field-large wpforms-field-required\" name=\"wpforms[fields][3]\" spellcheck=\"false\" required><\/div><\/div><\/div><\/div><\/div><div id=\"wpforms-532-field_4-container\" class=\"wpforms-field wpforms-field-address\" data-field-id=\"4\"><label class=\"wpforms-field-label\" for=\"wpforms-532-field_4\">Adres<\/label><div class=\"wpforms-field-row wpforms-field-large\"><div ><input type=\"text\" id=\"wpforms-532-field_4\" class=\"wpforms-field-address-address1\" name=\"wpforms[fields][4][address1]\" placeholder=\"Straat + nummer\" ><label for=\"wpforms-532-field_4\" class=\"wpforms-field-sublabel after wpforms-sublabel-hide\">Address Line 1<\/label><\/div><\/div><div class=\"wpforms-field-row wpforms-field-large\"><div class=\"wpforms-field-row-block wpforms-one-half wpforms-first\"><input type=\"text\" id=\"wpforms-532-field_4-city\" class=\"wpforms-field-address-city\" name=\"wpforms[fields][4][city]\" placeholder=\"Stad\" ><label for=\"wpforms-532-field_4-city\" class=\"wpforms-field-sublabel after wpforms-sublabel-hide\">City<\/label><\/div><div class=\"wpforms-field-row-block wpforms-one-half\"><input type=\"text\" id=\"wpforms-532-field_4-state\" class=\"wpforms-field-address-state\" name=\"wpforms[fields][4][state]\" placeholder=\"Provencie\" ><label for=\"wpforms-532-field_4-state\" class=\"wpforms-field-sublabel after wpforms-sublabel-hide\">State \/ Province \/ Region<\/label><\/div><\/div><div class=\"wpforms-field-row wpforms-field-large\"><div class=\"wpforms-field-row-block wpforms-one-half wpforms-first\"><input type=\"text\" id=\"wpforms-532-field_4-postal\" class=\"wpforms-field-address-postal\" name=\"wpforms[fields][4][postal]\" placeholder=\"Post code\" ><label for=\"wpforms-532-field_4-postal\" class=\"wpforms-field-sublabel after wpforms-sublabel-hide\">Postal Code<\/label><\/div><\/div><\/div><div id=\"wpforms-532-field_5-container\" class=\"wpforms-field wpforms-field-date-time\" data-field-id=\"5\"><label class=\"wpforms-field-label\" for=\"wpforms-532-field_5\">Geboortedatum<\/label><div class=\"wpforms-datepicker-wrap\"><input type=\"text\" id=\"wpforms-532-field_5\" class=\"wpforms-field-date-time-date wpforms-datepicker wpforms-field-large\" data-date-format=\"d\/m\/Y\" data-disable-past-dates=\"0\" data-input=\"true\" name=\"wpforms[fields][5][date]\" ><a title=\"Clear Date\" data-clear role=\"button\" tabindex=\"0\" class=\"wpforms-datepicker-clear\" aria-label=\"Clear Date\" style=\"display:none;\"><\/a><\/div><\/div><div id=\"wpforms-532-field_6-container\" class=\"wpforms-field wpforms-field-textarea\" data-field-id=\"6\"><label class=\"wpforms-field-label\" for=\"wpforms-532-field_6\">Bericht<\/label><textarea id=\"wpforms-532-field_6\" class=\"wpforms-field-medium\" name=\"wpforms[fields][6]\" ><\/textarea><\/div><\/div><!-- .wpforms-field-container --><div class=\"wpforms-recaptcha-container wpforms-is-turnstile\" ><div class=\"wpforms-turnstile\" data-sitekey=\"0x4AAAAAAAVkIy6pnpjZ5K4z\" data-action=\"FormID-532\"><\/div><input type=\"text\" name=\"g-recaptcha-hidden\" class=\"wpforms-recaptcha-hidden\" style=\"position:absolute!important;clip:rect(0,0,0,0)!important;height:1px!important;width:1px!important;border:0!important;overflow:hidden!important;padding:0!important;margin:0!important;\" data-rule-turnstile=\"1\"><\/div><div class=\"wpforms-submit-container\" ><input type=\"hidden\" name=\"wpforms[id]\" value=\"532\"><input type=\"hidden\" name=\"page_title\" value=\"\"><input type=\"hidden\" name=\"page_url\" value=\"https:\/\/www.spinabifida.be\/fr\/wp-json\/wp\/v2\/pages\/1550\"><input type=\"hidden\" name=\"url_referer\" value=\"\"><button type=\"submit\" name=\"wpforms[submit]\" id=\"wpforms-submit-532\" class=\"wpforms-submit\" data-alt-text=\"Verzenden....\" data-submit-text=\"Verzenden\" aria-live=\"assertive\" value=\"wpforms-submit\">Verzenden<\/button><img loading=\"lazy\" decoding=\"async\" src=\"https:\/\/www.spinabifida.be\/wp-content\/plugins\/wpforms\/assets\/images\/submit-spin.svg\" class=\"wpforms-submit-spinner\" style=\"display: none;\" width=\"26\" height=\"26\" alt=\"Chargement en cours\"><\/div><\/form><\/div>  <!-- .wpforms-container --><\/div>\n<\/div>\n\n<div style=\"background-image:url(&#039;https:\/\/www.spinabifida.be\/wp-content\/uploads\/2026\/01\/Spina-bifida-patroonBG-nieuwsbanner.svg&#039;);background-size:cover;\" class=\"wp-block-group alignfull has-light-blue-background-color has-background has-global-padding is-layout-constrained wp-block-group-is-layout-constrained\">\n<div class=\"wp-block-columns alignwide is-layout-flex wp-container-core-columns-is-layout-ad315cc3 wp-block-columns-is-layout-flex\" style=\"padding-top:var(--wp--preset--spacing--120-40);padding-right:0;padding-bottom:var(--wp--preset--spacing--120-40);padding-left:0\">\n<div class=\"wp-block-column is-layout-flow wp-block-column-is-layout-flow\" style=\"flex-basis:53%\">\n<div class=\"wp-block-group alignwide is-nowrap is-layout-flex wp-container-core-group-is-layout-6c531013 wp-block-group-is-layout-flex\">\n<h2 class=\"wp-block-heading is-style-default has-dark-slate-blue-color has-text-color\">Inscrivez-vous ici \u00e0 notre newsletter.<\/h2>\n<\/div>\n<\/div>\n\n\n\n<div class=\"wp-block-column is-vertically-aligned-center is-layout-flow wp-block-column-is-layout-flow\" style=\"flex-basis:50%\">\n<div class=\"wp-block-group has-global-padding is-content-justification-right is-layout-constrained wp-container-core-group-is-layout-f1f2ed93 wp-block-group-is-layout-constrained\">\n<div class=\"nieuwsbrief-button wp-block-button is-style-yellow is-style-yellow--1\"><a class=\"wp-block-button__link wp-element-button\" onclick=\"ml_account('webforms', '5452424', 'y6e4n8', 'show')\">INSCRIVEZ-VOUS !<\/a><\/div>\n<\/div>\n<\/div>\n<\/div>\n<\/div>\n","protected":false},"excerpt":{"rendered":"<p>Pour atteindre nos objectifs, il est important \u00e0 bien des \u00e9gards de disposer d\u2019un grand nombre de membres. Plus de membres signifie plus d\u2019\u00e9changes d\u2019informations et d\u2019exp\u00e9riences, ainsi qu\u2019un soutien accru pour la d\u00e9fense des int\u00e9r\u00eats communs. Qui peut devenir membre ? Au cours des premi\u00e8res d\u00e9cennies, les membres \u00e9taient principalement de jeunes familles ayant [&hellip;]<\/p>\n","protected":false},"author":1,"featured_media":0,"parent":0,"menu_order":0,"comment_status":"closed","ping_status":"closed","template":"","meta":{"_acf_changed":false,"inline_featured_image":false,"footnotes":""},"class_list":["post-1550","page","type-page","status-publish","hentry"],"acf":[],"yoast_head":"<!-- This site is optimized with the Yoast SEO plugin v27.0 - https:\/\/yoast.com\/product\/yoast-seo-wordpress\/ -->\n<title>devenir membre - Spina Bifida<\/title>\n<meta name=\"description\" content=\"Pour atteindre nos objectifs, il est important \u00e0 bien des \u00e9gards de disposer d\u2019un grand nombre de membres. Plus de membres signifie plus d\u2019\u00e9changes mutuels...\" \/>\n<meta name=\"robots\" content=\"index, follow, max-snippet:-1, max-image-preview:large, max-video-preview:-1\" \/>\n<link rel=\"canonical\" href=\"https:\/\/www.spinabifida.be\/fr\/lid-worden\/\" \/>\n<meta property=\"og:locale\" content=\"fr_FR\" \/>\n<meta property=\"og:type\" content=\"article\" \/>\n<meta property=\"og:title\" content=\"devenir membre - Spina Bifida\" \/>\n<meta property=\"og:description\" content=\"Pour atteindre nos objectifs, il est important \u00e0 bien des \u00e9gards de disposer d\u2019un grand nombre de membres. Plus de membres signifie plus d\u2019\u00e9changes mutuels...\" \/>\n<meta property=\"og:url\" content=\"https:\/\/www.spinabifida.be\/fr\/lid-worden\/\" \/>\n<meta property=\"og:site_name\" content=\"Spina Bifida\" \/>\n<meta property=\"article:publisher\" content=\"https:\/\/www.facebook.com\/VshVzw\/\" \/>\n<meta property=\"article:modified_time\" content=\"2026-02-16T16:54:03+00:00\" \/>\n<meta property=\"og:image\" content=\"https:\/\/www.spinabifida.be\/wp-content\/uploads\/2026\/01\/spina-bifida-lid-worden-foto-1.jpeg\" \/>\n\t<meta property=\"og:image:width\" content=\"800\" \/>\n\t<meta property=\"og:image:height\" content=\"600\" \/>\n\t<meta property=\"og:image:type\" content=\"image\/jpeg\" \/>\n<meta name=\"twitter:card\" content=\"summary_large_image\" \/>\n<meta name=\"twitter:label1\" content=\"Dur\u00e9e de lecture est.\" \/>\n\t<meta name=\"twitter:data1\" content=\"1 minute\" \/>\n<script type=\"application\/ld+json\" class=\"yoast-schema-graph\">{\"@context\":\"https:\/\/schema.org\",\"@graph\":[{\"@type\":\"WebPage\",\"@id\":\"https:\/\/www.spinabifida.be\/fr\/lid-worden\/\",\"url\":\"https:\/\/www.spinabifida.be\/fr\/lid-worden\/\",\"name\":\"devenir membre - Spina Bifida\",\"isPartOf\":{\"@id\":\"https:\/\/www.spinabifida.be\/fr\/#website\"},\"primaryImageOfPage\":{\"@id\":\"https:\/\/www.spinabifida.be\/fr\/lid-worden\/#primaryimage\"},\"image\":{\"@id\":\"https:\/\/www.spinabifida.be\/fr\/lid-worden\/#primaryimage\"},\"thumbnailUrl\":\"https:\/\/www.spinabifida.be\/wp-content\/uploads\/2026\/01\/spina-bifida-lid-worden-foto-1.jpeg\",\"datePublished\":\"2026-01-13T10:53:58+00:00\",\"dateModified\":\"2026-02-16T16:54:03+00:00\",\"description\":\"Pour atteindre nos objectifs, il est important \u00e0 bien des \u00e9gards de disposer d\u2019un grand nombre de membres. Plus de membres signifie plus d\u2019\u00e9changes mutuels...\",\"breadcrumb\":{\"@id\":\"https:\/\/www.spinabifida.be\/fr\/lid-worden\/#breadcrumb\"},\"inLanguage\":\"fr-BE\",\"potentialAction\":[{\"@type\":\"ReadAction\",\"target\":[\"https:\/\/www.spinabifida.be\/fr\/lid-worden\/\"]}]},{\"@type\":\"ImageObject\",\"inLanguage\":\"fr-BE\",\"@id\":\"https:\/\/www.spinabifida.be\/fr\/lid-worden\/#primaryimage\",\"url\":\"https:\/\/www.spinabifida.be\/wp-content\/uploads\/2026\/01\/spina-bifida-lid-worden-foto-1.jpeg\",\"contentUrl\":\"https:\/\/www.spinabifida.be\/wp-content\/uploads\/2026\/01\/spina-bifida-lid-worden-foto-1.jpeg\"},{\"@type\":\"BreadcrumbList\",\"@id\":\"https:\/\/www.spinabifida.be\/fr\/lid-worden\/#breadcrumb\",\"itemListElement\":[{\"@type\":\"ListItem\",\"position\":1,\"name\":\"Home\",\"item\":\"https:\/\/www.spinabifida.be\/fr\/\"},{\"@type\":\"ListItem\",\"position\":2,\"name\":\"devenir membre\"}]},{\"@type\":\"WebSite\",\"@id\":\"https:\/\/www.spinabifida.be\/fr\/#website\",\"url\":\"https:\/\/www.spinabifida.be\/fr\/\",\"name\":\"Spina bifida\",\"description\":\"De vereniging voor spina bifida en hydrocephalus is een zelfhulpgroep voor mensen met spina bifida en hun families.\",\"publisher\":{\"@id\":\"https:\/\/www.spinabifida.be\/fr\/#organization\"},\"potentialAction\":[{\"@type\":\"SearchAction\",\"target\":{\"@type\":\"EntryPoint\",\"urlTemplate\":\"https:\/\/www.spinabifida.be\/fr\/?s={search_term_string}\"},\"query-input\":{\"@type\":\"PropertyValueSpecification\",\"valueRequired\":true,\"valueName\":\"search_term_string\"}}],\"inLanguage\":\"fr-BE\"},{\"@type\":\"Organization\",\"@id\":\"https:\/\/www.spinabifida.be\/fr\/#organization\",\"name\":\"Spina bifida\",\"url\":\"https:\/\/www.spinabifida.be\/fr\/\",\"logo\":{\"@type\":\"ImageObject\",\"inLanguage\":\"fr-BE\",\"@id\":\"https:\/\/www.spinabifida.be\/fr\/#\/schema\/logo\/image\/\",\"url\":\"https:\/\/www.spinabifida.be\/wp-content\/uploads\/2026\/01\/spina-bifida-logo-512x512-1.png\",\"contentUrl\":\"https:\/\/www.spinabifida.be\/wp-content\/uploads\/2026\/01\/spina-bifida-logo-512x512-1.png\",\"width\":512,\"height\":512,\"caption\":\"Spina bifida\"},\"image\":{\"@id\":\"https:\/\/www.spinabifida.be\/fr\/#\/schema\/logo\/image\/\"},\"sameAs\":[\"https:\/\/www.facebook.com\/VshVzw\/\"]}]}<\/script>\n<!-- \/ Yoast SEO plugin. -->","yoast_head_json":{"title":"devenir membre - Spina Bifida","description":"Pour atteindre nos objectifs, il est important \u00e0 bien des \u00e9gards de disposer d\u2019un grand nombre de membres. Plus de membres signifie plus d\u2019\u00e9changes mutuels...","robots":{"index":"index","follow":"follow","max-snippet":"max-snippet:-1","max-image-preview":"max-image-preview:large","max-video-preview":"max-video-preview:-1"},"canonical":"https:\/\/www.spinabifida.be\/fr\/lid-worden\/","og_locale":"fr_FR","og_type":"article","og_title":"devenir membre - Spina Bifida","og_description":"Pour atteindre nos objectifs, il est important \u00e0 bien des \u00e9gards de disposer d\u2019un grand nombre de membres. Plus de membres signifie plus d\u2019\u00e9changes mutuels...","og_url":"https:\/\/www.spinabifida.be\/fr\/lid-worden\/","og_site_name":"Spina Bifida","article_publisher":"https:\/\/www.facebook.com\/VshVzw\/","article_modified_time":"2026-02-16T16:54:03+00:00","og_image":[{"width":800,"height":600,"url":"https:\/\/www.spinabifida.be\/wp-content\/uploads\/2026\/01\/spina-bifida-lid-worden-foto-1.jpeg","type":"image\/jpeg"}],"twitter_card":"summary_large_image","twitter_misc":{"Dur\u00e9e de lecture est.":"1 minute"},"schema":{"@context":"https:\/\/schema.org","@graph":[{"@type":"WebPage","@id":"https:\/\/www.spinabifida.be\/fr\/lid-worden\/","url":"https:\/\/www.spinabifida.be\/fr\/lid-worden\/","name":"devenir membre - Spina Bifida","isPartOf":{"@id":"https:\/\/www.spinabifida.be\/fr\/#website"},"primaryImageOfPage":{"@id":"https:\/\/www.spinabifida.be\/fr\/lid-worden\/#primaryimage"},"image":{"@id":"https:\/\/www.spinabifida.be\/fr\/lid-worden\/#primaryimage"},"thumbnailUrl":"https:\/\/www.spinabifida.be\/wp-content\/uploads\/2026\/01\/spina-bifida-lid-worden-foto-1.jpeg","datePublished":"2026-01-13T10:53:58+00:00","dateModified":"2026-02-16T16:54:03+00:00","description":"Pour atteindre nos objectifs, il est important \u00e0 bien des \u00e9gards de disposer d\u2019un grand nombre de membres. Plus de membres signifie plus d\u2019\u00e9changes mutuels...","breadcrumb":{"@id":"https:\/\/www.spinabifida.be\/fr\/lid-worden\/#breadcrumb"},"inLanguage":"fr-BE","potentialAction":[{"@type":"ReadAction","target":["https:\/\/www.spinabifida.be\/fr\/lid-worden\/"]}]},{"@type":"ImageObject","inLanguage":"fr-BE","@id":"https:\/\/www.spinabifida.be\/fr\/lid-worden\/#primaryimage","url":"https:\/\/www.spinabifida.be\/wp-content\/uploads\/2026\/01\/spina-bifida-lid-worden-foto-1.jpeg","contentUrl":"https:\/\/www.spinabifida.be\/wp-content\/uploads\/2026\/01\/spina-bifida-lid-worden-foto-1.jpeg"},{"@type":"BreadcrumbList","@id":"https:\/\/www.spinabifida.be\/fr\/lid-worden\/#breadcrumb","itemListElement":[{"@type":"ListItem","position":1,"name":"Home","item":"https:\/\/www.spinabifida.be\/fr\/"},{"@type":"ListItem","position":2,"name":"devenir membre"}]},{"@type":"WebSite","@id":"https:\/\/www.spinabifida.be\/fr\/#website","url":"https:\/\/www.spinabifida.be\/fr\/","name":"Spina bifida","description":"De vereniging voor spina bifida en hydrocephalus is een zelfhulpgroep voor mensen met spina bifida en hun families.","publisher":{"@id":"https:\/\/www.spinabifida.be\/fr\/#organization"},"potentialAction":[{"@type":"SearchAction","target":{"@type":"EntryPoint","urlTemplate":"https:\/\/www.spinabifida.be\/fr\/?s={search_term_string}"},"query-input":{"@type":"PropertyValueSpecification","valueRequired":true,"valueName":"search_term_string"}}],"inLanguage":"fr-BE"},{"@type":"Organization","@id":"https:\/\/www.spinabifida.be\/fr\/#organization","name":"Spina bifida","url":"https:\/\/www.spinabifida.be\/fr\/","logo":{"@type":"ImageObject","inLanguage":"fr-BE","@id":"https:\/\/www.spinabifida.be\/fr\/#\/schema\/logo\/image\/","url":"https:\/\/www.spinabifida.be\/wp-content\/uploads\/2026\/01\/spina-bifida-logo-512x512-1.png","contentUrl":"https:\/\/www.spinabifida.be\/wp-content\/uploads\/2026\/01\/spina-bifida-logo-512x512-1.png","width":512,"height":512,"caption":"Spina bifida"},"image":{"@id":"https:\/\/www.spinabifida.be\/fr\/#\/schema\/logo\/image\/"},"sameAs":["https:\/\/www.facebook.com\/VshVzw\/"]}]}},"_links":{"self":[{"href":"https:\/\/www.spinabifida.be\/fr\/wp-json\/wp\/v2\/pages\/1550","targetHints":{"allow":["GET"]}}],"collection":[{"href":"https:\/\/www.spinabifida.be\/fr\/wp-json\/wp\/v2\/pages"}],"about":[{"href":"https:\/\/www.spinabifida.be\/fr\/wp-json\/wp\/v2\/types\/page"}],"author":[{"embeddable":true,"href":"https:\/\/www.spinabifida.be\/fr\/wp-json\/wp\/v2\/users\/1"}],"replies":[{"embeddable":true,"href":"https:\/\/www.spinabifida.be\/fr\/wp-json\/wp\/v2\/comments?post=1550"}],"version-history":[{"count":7,"href":"https:\/\/www.spinabifida.be\/fr\/wp-json\/wp\/v2\/pages\/1550\/revisions"}],"predecessor-version":[{"id":1651,"href":"https:\/\/www.spinabifida.be\/fr\/wp-json\/wp\/v2\/pages\/1550\/revisions\/1651"}],"wp:attachment":[{"href":"https:\/\/www.spinabifida.be\/fr\/wp-json\/wp\/v2\/media?parent=1550"}],"curies":[{"name":"wp","href":"https:\/\/api.w.org\/{rel}","templated":true}]}}