{"id":1558,"date":"2026-01-13T15:56:37","date_gmt":"2026-01-13T14:56:37","guid":{"rendered":"https:\/\/www.spinabifida.be\/objectifs\/"},"modified":"2026-02-16T16:43:21","modified_gmt":"2026-02-16T15:43:21","slug":"objectifs","status":"publish","type":"page","link":"https:\/\/www.spinabifida.be\/fr\/objectifs\/","title":{"rendered":"Objectifs"},"content":{"rendered":"\n<div class=\"wp-block-group alignfull has-blue-to-white-2-gradient-background has-background has-global-padding is-layout-constrained wp-block-group-is-layout-constrained\" style=\"border-radius:0px;padding-top:var(--wp--preset--spacing--80-40);padding-bottom:var(--wp--preset--spacing--80-40)\">\n<div class=\"wp-block-media-text alignwide has-media-on-the-right is-stacked-on-mobile is-vertically-aligned-top\" style=\"grid-template-columns:auto 39%\"><div class=\"wp-block-media-text__content\">\n<h1 class=\"wp-block-heading is-style-default has-white-color has-text-color has-link-color wp-elements-7b05c3b4a358620b7d1358787260b43e\">Objectifs<\/h1>\n<\/div><figure class=\"wp-block-media-text__media\"><img loading=\"lazy\" decoding=\"async\" width=\"500\" height=\"333\" src=\"https:\/\/www.spinabifida.be\/wp-content\/uploads\/2026\/01\/spina-bifida-doelstellingen-foto.jpeg\" alt=\"Doelstellingen-intro-foto\" class=\"wp-image-559 size-full\" srcset=\"https:\/\/www.spinabifida.be\/wp-content\/uploads\/2026\/01\/spina-bifida-doelstellingen-foto.jpeg 500w, https:\/\/www.spinabifida.be\/wp-content\/uploads\/2026\/01\/spina-bifida-doelstellingen-foto-300x200.jpeg 300w\" sizes=\"auto, (max-width: 500px) 100vw, 500px\" \/><\/figure><\/div>\n<\/div>\n\n<div class=\"wp-block-media-text alignwide is-stacked-on-mobile is-vertically-aligned-top is-image-fill-element text-image-blok\" style=\"margin-top:var(--wp--preset--spacing--24-16);margin-bottom:var(--wp--preset--spacing--24-16);padding-right:var(--wp--preset--spacing--120-60);padding-left:var(--wp--preset--spacing--120-60);grid-template-columns:46% auto\"><figure class=\"wp-block-media-text__media\"><img loading=\"lazy\" decoding=\"async\" width=\"800\" height=\"533\" src=\"https:\/\/www.spinabifida.be\/wp-content\/uploads\/2026\/01\/spina-bifida-doelstellingen-foto.jpg\" alt=\"Doelstellingen-vereniging\" class=\"wp-image-562 size-full\" style=\"object-position:50% 50%\" srcset=\"https:\/\/www.spinabifida.be\/wp-content\/uploads\/2026\/01\/spina-bifida-doelstellingen-foto.jpg 800w, https:\/\/www.spinabifida.be\/wp-content\/uploads\/2026\/01\/spina-bifida-doelstellingen-foto-300x200.jpg 300w, https:\/\/www.spinabifida.be\/wp-content\/uploads\/2026\/01\/spina-bifida-doelstellingen-foto-768x512.jpg 768w\" sizes=\"auto, (max-width: 800px) 100vw, 800px\" \/><\/figure><div class=\"wp-block-media-text__content\">\n<p class=\"has-dark-slate-blue-color has-text-color has-link-color wp-elements-76c5866626bb932b67045ce312697322\">La mission de l\u2019association est d\u2019am\u00e9liorer la qualit\u00e9 de vie et les soins pour les personnes atteintes de spina bifida, ainsi que de r\u00e9duire l\u2019incidence par la pr\u00e9vention primaire. L\u2019objectif de notre association est de : &#8211; Contribuer au maximum \u00e0 l\u2019int\u00e9gration sociale de chaque individu atteint de spina bifida et\/ou d\u2019hydroc\u00e9phalie<\/p>\n\n\n\n<p class=\"has-dark-slate-blue-color has-text-color has-link-color wp-elements-eb812ed00a42955a5522b2868df7bd9f\">&#8211; Contribuer au maximum \u00e0 l\u2019int\u00e9gration sociale de chaque individu atteint de spina bifida et\/ou d\u2019hydroc\u00e9phalie<\/p>\n\n\n\n<p class=\"has-dark-slate-blue-color has-text-color has-link-color wp-elements-a38930d6e543d380a44b057610a60e15\">&#8211; D\u00e9fendre les int\u00e9r\u00eats individuels des membres ainsi que les int\u00e9r\u00eats communs<\/p>\n\n\n\n<p class=\"has-dark-slate-blue-color has-text-color has-link-color wp-elements-c28d74c07e4ee6da563ac3347fc955f6\" style=\"margin-bottom:var(--wp--preset--spacing--40-32)\">&#8211; Prendre des initiatives et fournir des services en fonction des n\u00e9cessit\u00e9s et des besoins des membres<\/p>\n\n\n\n<p class=\"has-dark-slate-blue-color has-text-color has-link-color wp-elements-5b46c10d62123f292374882e487fd131\">Ces objectifs sont poursuivis non seulement en Flandre, mais aussi dans deux pays partenaires du Sud, \u00e0 savoir : l\u2019Ouganda et le Rwanda. Sur <a href=\"https:\/\/spinabifida.be\/fotos\/zuidproject-oeganda-en-rwanda-2022\">notre page de photos<\/a>, vous trouverez les rapports avec photos publi\u00e9s dans notre magazine en 2022.<strong> Pour pouvoir lire les articles facilement, cliquez avec le bouton droit de votre souris sur l\u2019image et choisissez \u00ab Ouvrir l\u2019image dans un nouvel onglet \u00bb<\/strong>.<br\/>Ces projets ont pu \u00eatre r\u00e9alis\u00e9s gr\u00e2ce au soutien de la province de Flandre-Orientale.<\/p>\n<\/div><\/div>\n\n<div class=\"wp-block-group alignwide has-beige-background-color has-background has-global-padding is-content-justification-center is-layout-constrained wp-block-group-is-layout-constrained\" style=\"margin-top:var(--wp--preset--spacing--120-40);margin-bottom:var(--wp--preset--spacing--120-40);padding-top:var(--wp--preset--spacing--120-40);padding-bottom:var(--wp--preset--spacing--120-40)\">\n<div class=\"wp-block-group has-global-padding is-layout-constrained wp-container-core-group-is-layout-1b7674e1 wp-block-group-is-layout-constrained\" style=\"padding-right:var(--wp--preset--spacing--48-32);padding-left:var(--wp--preset--spacing--48-32)\">\n<h2 class=\"wp-block-heading has-dark-slate-blue-color has-text-color has-link-color has-heading-xs-font-size wp-elements-5f76d82d6bf0a8e7f1eae0dcbf87680c\">Contactez-nous<\/h2>\n\n\n\n<p class=\"has-text-xs-font-size\">Avez-vous une question ou souhaitez-vous devenir membre ? Veuillez remplir le formulaire ci-dessous et nous prendrons contact avec vous dans les plus brefs d\u00e9lais.<\/p>\n\n\n<div class=\"wpforms-container wpforms-block wpforms-block-5a6800fa-d7d4-4484-a3ca-2cb18dd19087\" id=\"wpforms-10\"><form id=\"wpforms-form-10\" class=\"wpforms-validate wpforms-form\" data-formid=\"10\" method=\"post\" enctype=\"multipart\/form-data\" action=\"\/fr\/wp-json\/wp\/v2\/pages\/1558\" data-token=\"2a134360f7ec986c0bf185bb0fd62ef6\" data-token-time=\"1775256978\"><noscript class=\"wpforms-error-noscript\">Veuillez activer JavaScript dans votre navigateur pour remplir ce formulaire.<\/noscript><div class=\"wpforms-field-container\"><div id=\"wpforms-10-field_6-container\" class=\"wpforms-field wpforms-field-layout\" data-field-id=\"6\"><div class=\"wpforms-field-layout-rows wpforms-field-large\"><div class=\"wpforms-layout-row\"><div class=\"wpforms-layout-column wpforms-layout-column-50\"><div id=\"wpforms-10-field_12-container\" class=\"wpforms-field wpforms-field-text\" data-field-id=\"12\"><label class=\"wpforms-field-label\" for=\"wpforms-10-field_12\">Voornaam <span class=\"wpforms-required-label\">*<\/span><\/label><input type=\"text\" id=\"wpforms-10-field_12\" class=\"wpforms-field-medium wpforms-field-required\" name=\"wpforms[fields][12]\" required><\/div><\/div><div class=\"wpforms-layout-column wpforms-layout-column-50\"><div id=\"wpforms-10-field_11-container\" class=\"wpforms-field wpforms-field-text\" data-field-id=\"11\"><label class=\"wpforms-field-label\" for=\"wpforms-10-field_11\"> Achternaam <span class=\"wpforms-required-label\">*<\/span><\/label><input type=\"text\" id=\"wpforms-10-field_11\" class=\"wpforms-field-medium wpforms-field-required\" name=\"wpforms[fields][11]\" required><\/div><\/div><\/div><\/div><\/div><div id=\"wpforms-10-field_5-container\" class=\"wpforms-field wpforms-field-layout\" data-field-id=\"5\"><div class=\"wpforms-field-layout-rows wpforms-field-large\"><div class=\"wpforms-layout-row\"><div class=\"wpforms-layout-column wpforms-layout-column-50\"><div id=\"wpforms-10-field_3-container\" class=\"wpforms-field wpforms-field-phone\" data-field-id=\"3\"><label class=\"wpforms-field-label\" for=\"wpforms-10-field_3\">Telefoon<\/label><input type=\"tel\" id=\"wpforms-10-field_3\" class=\"wpforms-field-large\" data-rule-int-phone-field=\"true\" name=\"wpforms[fields][3]\" aria-label=\"Telefoon\" ><\/div><\/div><div class=\"wpforms-layout-column wpforms-layout-column-50\"><div id=\"wpforms-10-field_1-container\" class=\"wpforms-field wpforms-field-email\" data-field-id=\"1\"><label class=\"wpforms-field-label\" for=\"wpforms-10-field_1\">E-mailadres <span class=\"wpforms-required-label\">*<\/span><\/label><input type=\"email\" id=\"wpforms-10-field_1\" class=\"wpforms-field-large wpforms-field-required\" name=\"wpforms[fields][1]\" spellcheck=\"false\" required><\/div><\/div><\/div><\/div><\/div><div id=\"wpforms-10-field_2-container\" class=\"wpforms-field wpforms-field-textarea\" data-field-id=\"2\"><label class=\"wpforms-field-label\" for=\"wpforms-10-field_2\">Bericht <span class=\"wpforms-required-label\">*<\/span><\/label><textarea id=\"wpforms-10-field_2\" class=\"wpforms-field-medium wpforms-field-required\" name=\"wpforms[fields][2]\" required><\/textarea><\/div><\/div><!-- .wpforms-field-container --><div class=\"wpforms-field wpforms-field-hp\"><label for=\"wpforms-10-field-hp\" class=\"wpforms-field-label\">Message<\/label><input type=\"text\" name=\"wpforms[hp]\" id=\"wpforms-10-field-hp\" class=\"wpforms-field-medium\"><\/div><div class=\"wpforms-recaptcha-container wpforms-is-turnstile\" ><div class=\"wpforms-turnstile\" data-sitekey=\"0x4AAAAAAAVkIy6pnpjZ5K4z\" data-action=\"FormID-10\"><\/div><input type=\"text\" name=\"g-recaptcha-hidden\" class=\"wpforms-recaptcha-hidden\" style=\"position:absolute!important;clip:rect(0,0,0,0)!important;height:1px!important;width:1px!important;border:0!important;overflow:hidden!important;padding:0!important;margin:0!important;\" data-rule-turnstile=\"1\"><\/div><div class=\"wpforms-submit-container\" ><input type=\"hidden\" name=\"wpforms[id]\" value=\"10\"><input type=\"hidden\" name=\"page_title\" value=\"\"><input type=\"hidden\" name=\"page_url\" value=\"https:\/\/www.spinabifida.be\/fr\/wp-json\/wp\/v2\/pages\/1558\"><input type=\"hidden\" name=\"url_referer\" value=\"\"><button type=\"submit\" name=\"wpforms[submit]\" id=\"wpforms-submit-10\" class=\"wpforms-submit\" data-alt-text=\"Verzenden....\" data-submit-text=\"Verzenden\" aria-live=\"assertive\" value=\"wpforms-submit\">Verzenden<\/button><\/div><\/form><\/div>  <!-- .wpforms-container --><\/div>\n<\/div>\n\n<div style=\"background-image:url(&#039;https:\/\/www.spinabifida.be\/wp-content\/uploads\/2026\/01\/Spina-bifida-patroonBG-nieuwsbanner.svg&#039;);background-size:cover;\" class=\"wp-block-group alignfull has-light-blue-background-color has-background has-global-padding is-layout-constrained wp-block-group-is-layout-constrained\">\n<div class=\"wp-block-columns alignwide is-layout-flex wp-container-core-columns-is-layout-ad315cc3 wp-block-columns-is-layout-flex\" style=\"padding-top:var(--wp--preset--spacing--120-40);padding-right:0;padding-bottom:var(--wp--preset--spacing--120-40);padding-left:0\">\n<div class=\"wp-block-column is-layout-flow wp-block-column-is-layout-flow\" style=\"flex-basis:53%\">\n<div class=\"wp-block-group alignwide is-nowrap is-layout-flex wp-container-core-group-is-layout-6c531013 wp-block-group-is-layout-flex\">\n<h2 class=\"wp-block-heading is-style-default has-dark-slate-blue-color has-text-color\">Inscrivez-vous ici \u00e0 notre newsletter.<\/h2>\n<\/div>\n<\/div>\n\n\n\n<div class=\"wp-block-column is-vertically-aligned-center is-layout-flow wp-block-column-is-layout-flow\" style=\"flex-basis:50%\">\n<div class=\"wp-block-group has-global-padding is-content-justification-right is-layout-constrained wp-container-core-group-is-layout-f1f2ed93 wp-block-group-is-layout-constrained\">\n<div class=\"nieuwsbrief-button wp-block-button is-style-yellow is-style-yellow--1\"><a class=\"wp-block-button__link wp-element-button\" onclick=\"ml_account('webforms', '5452424', 'y6e4n8', 'show')\">INSCRIVEZ-VOUS !<\/a><\/div>\n<\/div>\n<\/div>\n<\/div>\n<\/div>\n","protected":false},"excerpt":{"rendered":"<p>Objectifs La mission de l\u2019association est d\u2019am\u00e9liorer la qualit\u00e9 de vie et les soins pour les personnes atteintes de spina bifida, ainsi que de r\u00e9duire l\u2019incidence par la pr\u00e9vention primaire. L\u2019objectif de notre association est de : &#8211; Contribuer au maximum \u00e0 l\u2019int\u00e9gration sociale de chaque individu atteint de spina bifida et\/ou d\u2019hydroc\u00e9phalie &#8211; Contribuer [&hellip;]<\/p>\n","protected":false},"author":1,"featured_media":0,"parent":0,"menu_order":0,"comment_status":"closed","ping_status":"closed","template":"","meta":{"_acf_changed":false,"inline_featured_image":false,"footnotes":""},"class_list":["post-1558","page","type-page","status-publish","hentry"],"acf":[],"yoast_head":"<!-- This site is optimized with the Yoast SEO plugin v27.0 - https:\/\/yoast.com\/product\/yoast-seo-wordpress\/ -->\n<title>Objectifs - Spina Bifida<\/title>\n<meta name=\"description\" content=\"La mission de l\u2019association est d\u2019am\u00e9liorer la qualit\u00e9 de vie et les soins pour les personnes atteintes de spina bifida, ainsi que de r\u00e9duire l\u2019incidence par la pr\u00e9...\" \/>\n<meta name=\"robots\" content=\"index, follow, max-snippet:-1, max-image-preview:large, max-video-preview:-1\" \/>\n<link rel=\"canonical\" href=\"https:\/\/www.spinabifida.be\/fr\/objectifs\/\" \/>\n<meta property=\"og:locale\" content=\"fr_FR\" \/>\n<meta property=\"og:type\" content=\"article\" \/>\n<meta property=\"og:title\" content=\"Objectifs - Spina Bifida\" \/>\n<meta property=\"og:description\" content=\"La mission de l\u2019association est d\u2019am\u00e9liorer la qualit\u00e9 de vie et les soins pour les personnes atteintes de spina bifida, ainsi que de r\u00e9duire l\u2019incidence par la pr\u00e9...\" \/>\n<meta property=\"og:url\" content=\"https:\/\/www.spinabifida.be\/fr\/objectifs\/\" \/>\n<meta property=\"og:site_name\" content=\"Spina Bifida\" \/>\n<meta property=\"article:publisher\" content=\"https:\/\/www.facebook.com\/VshVzw\/\" \/>\n<meta property=\"article:modified_time\" content=\"2026-02-16T15:43:21+00:00\" \/>\n<meta property=\"og:image\" content=\"https:\/\/www.spinabifida.be\/wp-content\/uploads\/2026\/01\/spina-bifida-doelstellingen-foto.jpeg\" \/>\n\t<meta property=\"og:image:width\" content=\"500\" \/>\n\t<meta property=\"og:image:height\" content=\"333\" \/>\n\t<meta property=\"og:image:type\" content=\"image\/jpeg\" \/>\n<meta name=\"twitter:card\" content=\"summary_large_image\" \/>\n<meta name=\"twitter:label1\" content=\"Dur\u00e9e de lecture est.\" \/>\n\t<meta name=\"twitter:data1\" content=\"1 minute\" \/>\n<script type=\"application\/ld+json\" class=\"yoast-schema-graph\">{\"@context\":\"https:\/\/schema.org\",\"@graph\":[{\"@type\":\"WebPage\",\"@id\":\"https:\/\/www.spinabifida.be\/fr\/objectifs\/\",\"url\":\"https:\/\/www.spinabifida.be\/fr\/objectifs\/\",\"name\":\"Objectifs - Spina Bifida\",\"isPartOf\":{\"@id\":\"https:\/\/www.spinabifida.be\/fr\/#website\"},\"primaryImageOfPage\":{\"@id\":\"https:\/\/www.spinabifida.be\/fr\/objectifs\/#primaryimage\"},\"image\":{\"@id\":\"https:\/\/www.spinabifida.be\/fr\/objectifs\/#primaryimage\"},\"thumbnailUrl\":\"https:\/\/www.spinabifida.be\/wp-content\/uploads\/2026\/01\/spina-bifida-doelstellingen-foto.jpeg\",\"datePublished\":\"2026-01-13T14:56:37+00:00\",\"dateModified\":\"2026-02-16T15:43:21+00:00\",\"description\":\"La mission de l\u2019association est d\u2019am\u00e9liorer la qualit\u00e9 de vie et les soins pour les personnes atteintes de spina bifida, ainsi que de r\u00e9duire l\u2019incidence par la pr\u00e9...\",\"breadcrumb\":{\"@id\":\"https:\/\/www.spinabifida.be\/fr\/objectifs\/#breadcrumb\"},\"inLanguage\":\"fr-BE\",\"potentialAction\":[{\"@type\":\"ReadAction\",\"target\":[\"https:\/\/www.spinabifida.be\/fr\/objectifs\/\"]}]},{\"@type\":\"ImageObject\",\"inLanguage\":\"fr-BE\",\"@id\":\"https:\/\/www.spinabifida.be\/fr\/objectifs\/#primaryimage\",\"url\":\"https:\/\/www.spinabifida.be\/wp-content\/uploads\/2026\/01\/spina-bifida-doelstellingen-foto.jpeg\",\"contentUrl\":\"https:\/\/www.spinabifida.be\/wp-content\/uploads\/2026\/01\/spina-bifida-doelstellingen-foto.jpeg\"},{\"@type\":\"BreadcrumbList\",\"@id\":\"https:\/\/www.spinabifida.be\/fr\/objectifs\/#breadcrumb\",\"itemListElement\":[{\"@type\":\"ListItem\",\"position\":1,\"name\":\"Home\",\"item\":\"https:\/\/www.spinabifida.be\/fr\/\"},{\"@type\":\"ListItem\",\"position\":2,\"name\":\"Objectifs\"}]},{\"@type\":\"WebSite\",\"@id\":\"https:\/\/www.spinabifida.be\/fr\/#website\",\"url\":\"https:\/\/www.spinabifida.be\/fr\/\",\"name\":\"Spina bifida\",\"description\":\"De vereniging voor spina bifida en hydrocephalus is een zelfhulpgroep voor mensen met spina bifida en hun families.\",\"publisher\":{\"@id\":\"https:\/\/www.spinabifida.be\/fr\/#organization\"},\"potentialAction\":[{\"@type\":\"SearchAction\",\"target\":{\"@type\":\"EntryPoint\",\"urlTemplate\":\"https:\/\/www.spinabifida.be\/fr\/?s={search_term_string}\"},\"query-input\":{\"@type\":\"PropertyValueSpecification\",\"valueRequired\":true,\"valueName\":\"search_term_string\"}}],\"inLanguage\":\"fr-BE\"},{\"@type\":\"Organization\",\"@id\":\"https:\/\/www.spinabifida.be\/fr\/#organization\",\"name\":\"Spina bifida\",\"url\":\"https:\/\/www.spinabifida.be\/fr\/\",\"logo\":{\"@type\":\"ImageObject\",\"inLanguage\":\"fr-BE\",\"@id\":\"https:\/\/www.spinabifida.be\/fr\/#\/schema\/logo\/image\/\",\"url\":\"https:\/\/www.spinabifida.be\/wp-content\/uploads\/2026\/01\/spina-bifida-logo-512x512-1.png\",\"contentUrl\":\"https:\/\/www.spinabifida.be\/wp-content\/uploads\/2026\/01\/spina-bifida-logo-512x512-1.png\",\"width\":512,\"height\":512,\"caption\":\"Spina bifida\"},\"image\":{\"@id\":\"https:\/\/www.spinabifida.be\/fr\/#\/schema\/logo\/image\/\"},\"sameAs\":[\"https:\/\/www.facebook.com\/VshVzw\/\"]}]}<\/script>\n<!-- \/ Yoast SEO plugin. -->","yoast_head_json":{"title":"Objectifs - Spina Bifida","description":"La mission de l\u2019association est d\u2019am\u00e9liorer la qualit\u00e9 de vie et les soins pour les personnes atteintes de spina bifida, ainsi que de r\u00e9duire l\u2019incidence par la pr\u00e9...","robots":{"index":"index","follow":"follow","max-snippet":"max-snippet:-1","max-image-preview":"max-image-preview:large","max-video-preview":"max-video-preview:-1"},"canonical":"https:\/\/www.spinabifida.be\/fr\/objectifs\/","og_locale":"fr_FR","og_type":"article","og_title":"Objectifs - Spina Bifida","og_description":"La mission de l\u2019association est d\u2019am\u00e9liorer la qualit\u00e9 de vie et les soins pour les personnes atteintes de spina bifida, ainsi que de r\u00e9duire l\u2019incidence par la pr\u00e9...","og_url":"https:\/\/www.spinabifida.be\/fr\/objectifs\/","og_site_name":"Spina Bifida","article_publisher":"https:\/\/www.facebook.com\/VshVzw\/","article_modified_time":"2026-02-16T15:43:21+00:00","og_image":[{"width":500,"height":333,"url":"https:\/\/www.spinabifida.be\/wp-content\/uploads\/2026\/01\/spina-bifida-doelstellingen-foto.jpeg","type":"image\/jpeg"}],"twitter_card":"summary_large_image","twitter_misc":{"Dur\u00e9e de lecture est.":"1 minute"},"schema":{"@context":"https:\/\/schema.org","@graph":[{"@type":"WebPage","@id":"https:\/\/www.spinabifida.be\/fr\/objectifs\/","url":"https:\/\/www.spinabifida.be\/fr\/objectifs\/","name":"Objectifs - Spina Bifida","isPartOf":{"@id":"https:\/\/www.spinabifida.be\/fr\/#website"},"primaryImageOfPage":{"@id":"https:\/\/www.spinabifida.be\/fr\/objectifs\/#primaryimage"},"image":{"@id":"https:\/\/www.spinabifida.be\/fr\/objectifs\/#primaryimage"},"thumbnailUrl":"https:\/\/www.spinabifida.be\/wp-content\/uploads\/2026\/01\/spina-bifida-doelstellingen-foto.jpeg","datePublished":"2026-01-13T14:56:37+00:00","dateModified":"2026-02-16T15:43:21+00:00","description":"La mission de l\u2019association est d\u2019am\u00e9liorer la qualit\u00e9 de vie et les soins pour les personnes atteintes de spina bifida, ainsi que de r\u00e9duire l\u2019incidence par la pr\u00e9...","breadcrumb":{"@id":"https:\/\/www.spinabifida.be\/fr\/objectifs\/#breadcrumb"},"inLanguage":"fr-BE","potentialAction":[{"@type":"ReadAction","target":["https:\/\/www.spinabifida.be\/fr\/objectifs\/"]}]},{"@type":"ImageObject","inLanguage":"fr-BE","@id":"https:\/\/www.spinabifida.be\/fr\/objectifs\/#primaryimage","url":"https:\/\/www.spinabifida.be\/wp-content\/uploads\/2026\/01\/spina-bifida-doelstellingen-foto.jpeg","contentUrl":"https:\/\/www.spinabifida.be\/wp-content\/uploads\/2026\/01\/spina-bifida-doelstellingen-foto.jpeg"},{"@type":"BreadcrumbList","@id":"https:\/\/www.spinabifida.be\/fr\/objectifs\/#breadcrumb","itemListElement":[{"@type":"ListItem","position":1,"name":"Home","item":"https:\/\/www.spinabifida.be\/fr\/"},{"@type":"ListItem","position":2,"name":"Objectifs"}]},{"@type":"WebSite","@id":"https:\/\/www.spinabifida.be\/fr\/#website","url":"https:\/\/www.spinabifida.be\/fr\/","name":"Spina bifida","description":"De vereniging voor spina bifida en hydrocephalus is een zelfhulpgroep voor mensen met spina bifida en hun families.","publisher":{"@id":"https:\/\/www.spinabifida.be\/fr\/#organization"},"potentialAction":[{"@type":"SearchAction","target":{"@type":"EntryPoint","urlTemplate":"https:\/\/www.spinabifida.be\/fr\/?s={search_term_string}"},"query-input":{"@type":"PropertyValueSpecification","valueRequired":true,"valueName":"search_term_string"}}],"inLanguage":"fr-BE"},{"@type":"Organization","@id":"https:\/\/www.spinabifida.be\/fr\/#organization","name":"Spina bifida","url":"https:\/\/www.spinabifida.be\/fr\/","logo":{"@type":"ImageObject","inLanguage":"fr-BE","@id":"https:\/\/www.spinabifida.be\/fr\/#\/schema\/logo\/image\/","url":"https:\/\/www.spinabifida.be\/wp-content\/uploads\/2026\/01\/spina-bifida-logo-512x512-1.png","contentUrl":"https:\/\/www.spinabifida.be\/wp-content\/uploads\/2026\/01\/spina-bifida-logo-512x512-1.png","width":512,"height":512,"caption":"Spina bifida"},"image":{"@id":"https:\/\/www.spinabifida.be\/fr\/#\/schema\/logo\/image\/"},"sameAs":["https:\/\/www.facebook.com\/VshVzw\/"]}]}},"_links":{"self":[{"href":"https:\/\/www.spinabifida.be\/fr\/wp-json\/wp\/v2\/pages\/1558","targetHints":{"allow":["GET"]}}],"collection":[{"href":"https:\/\/www.spinabifida.be\/fr\/wp-json\/wp\/v2\/pages"}],"about":[{"href":"https:\/\/www.spinabifida.be\/fr\/wp-json\/wp\/v2\/types\/page"}],"author":[{"embeddable":true,"href":"https:\/\/www.spinabifida.be\/fr\/wp-json\/wp\/v2\/users\/1"}],"replies":[{"embeddable":true,"href":"https:\/\/www.spinabifida.be\/fr\/wp-json\/wp\/v2\/comments?post=1558"}],"version-history":[{"count":1,"href":"https:\/\/www.spinabifida.be\/fr\/wp-json\/wp\/v2\/pages\/1558\/revisions"}],"predecessor-version":[{"id":1559,"href":"https:\/\/www.spinabifida.be\/fr\/wp-json\/wp\/v2\/pages\/1558\/revisions\/1559"}],"wp:attachment":[{"href":"https:\/\/www.spinabifida.be\/fr\/wp-json\/wp\/v2\/media?parent=1558"}],"curies":[{"name":"wp","href":"https:\/\/api.w.org\/{rel}","templated":true}]}}