{"id":1729,"date":"2026-02-16T20:05:12","date_gmt":"2026-02-16T19:05:12","guid":{"rendered":"https:\/\/www.spinabifida.be\/contactez-nous-3\/"},"modified":"2026-02-17T15:19:03","modified_gmt":"2026-02-17T14:19:03","slug":"contactez-nous","status":"publish","type":"page","link":"https:\/\/www.spinabifida.be\/fr\/contactez-nous\/","title":{"rendered":"Contactez-nous"},"content":{"rendered":"\n<div class=\"wp-block-group alignfull contact-container has-blue-to-white-2-gradient-background has-background has-global-padding is-layout-constrained wp-block-group-is-layout-constrained\">\n<h1 class=\"wp-block-heading has-text-align-center has-white-color has-text-color has-link-color wp-elements-bace348a505272a92a8afd1dfdd8a41f\" style=\"padding-top:var(--wp--preset--spacing--40-32);padding-bottom:var(--wp--preset--spacing--24-16)\">Contactez-nous<\/h1>\n\n\n\n<div class=\"wp-block-columns alignwide has-beige-background-color has-background is-layout-flex wp-container-core-columns-is-layout-a547a7a5 wp-block-columns-is-layout-flex\" style=\"margin-bottom:var(--wp--preset--spacing--40-32);padding-top:var(--wp--preset--spacing--120-40);padding-right:var(--wp--preset--spacing--80-40);padding-bottom:var(--wp--preset--spacing--120-40);padding-left:var(--wp--preset--spacing--80-40)\">\n<div class=\"wp-block-column is-layout-flow wp-block-column-is-layout-flow\" style=\"flex-basis:40%\">\n<div class=\"wp-block-group has-global-padding is-layout-constrained wp-block-group-is-layout-constrained\" style=\"margin-bottom:var(--wp--preset--spacing--64-32)\">\n<h2 class=\"wp-block-heading has-dark-slate-blue-color has-text-color has-link-color has-heading-xs-font-size wp-elements-3a17ac9be1996a8c7f2bf63839ee958d\">Nos coordonn\u00e9es<\/h2>\n\n\n\n<p class=\"has-text-xs-font-size\">Avez-vous une question ou souhaitez-vous devenir membre ? Veuillez remplir le formulaire ci-dessous et nous vous contacterons dans les plus brefs d\u00e9lais.<a href=\"tel:+32477170214\"><\/a><\/p>\n<\/div>\n\n\n\n<div class=\"wp-block-group has-global-padding is-layout-constrained wp-block-group-is-layout-constrained\" style=\"margin-bottom:var(--wp--preset--spacing--40-32)\">\n<div class=\"wp-block-group is-nowrap is-layout-flex wp-container-core-group-is-layout-71561d5c wp-block-group-is-layout-flex\" style=\"margin-top:var(--wp--preset--spacing--16-8);padding-top:0;padding-right:0;padding-bottom:0;padding-left:0\">\n<div class=\"wp-block-outermost-icon-block\"><div class=\"icon-container has-icon-color has-icon-background-color has-dark-green-background-color has-white-color\" style=\"background-color:#036c5f;color:#FDFDFD;width:45px;padding-top:5px;padding-right:5px;padding-bottom:5px;padding-left:5px;border-radius:100px;transform:rotate(0deg) scaleX(1) scaleY(1)\"><svg xmlns=\"http:\/\/www.w3.org\/2000\/svg\" viewbox=\"0 0 24 24\" aria-hidden=\"true\"><path d=\"M15 4H9c-1.1 0-2 .9-2 2v12c0 1.1.9 2 2 2h6c1.1 0 2-.9 2-2V6c0-1.1-.9-2-2-2zm.5 14c0 .3-.2.5-.5.5H9c-.3 0-.5-.2-.5-.5V6c0-.3.2-.5.5-.5h6c.3 0 .5.2.5.5v12zm-4.5-.5h2V16h-2v1.5z\"><\/path><\/svg><\/div><\/div>\n\n\n\n<p class=\"has-black-color has-text-color has-link-color wp-elements-e41d07f03adbc6a594da0a6b62124005\" style=\"text-decoration:underline\"><a href=\"tel:+32477170214\">0477 17 02 14<\/a><\/p>\n<\/div>\n\n\n\n<div class=\"wp-block-group is-nowrap is-layout-flex wp-container-core-group-is-layout-71561d5c wp-block-group-is-layout-flex\" style=\"margin-top:var(--wp--preset--spacing--16-8);padding-top:0;padding-right:0;padding-bottom:0;padding-left:0\">\n<div class=\"wp-block-outermost-icon-block\"><div class=\"icon-container has-icon-background-color has-dark-green-background-color\" style=\"background-color:#036c5f;width:45px;padding-top:var(--wp--preset--spacing--8-4);padding-right:var(--wp--preset--spacing--8-4);padding-bottom:var(--wp--preset--spacing--8-4);padding-left:var(--wp--preset--spacing--8-4);border-radius:100px;transform:rotate(0deg) scaleX(1) scaleY(1)\"><svg xmlns=\"http:\/\/www.w3.org\/2000\/svg\" viewbox=\"0 0 640 640\"><path fill=\"#ffffff\" d=\"M125.4 128C91.5 128 64 155.5 64 189.4C64 190.3 64 191.1 64.1 192L64 192L64 448C64 483.3 92.7 512 128 512L512 512C547.3 512 576 483.3 576 448L576 192L575.9 192C575.9 191.1 576 190.3 576 189.4C576 155.5 548.5 128 514.6 128L125.4 128zM528 256.3L528 448C528 456.8 520.8 464 512 464L128 464C119.2 464 112 456.8 112 448L112 256.3L266.8 373.7C298.2 397.6 341.7 397.6 373.2 373.7L528 256.3zM112 189.4C112 182 118 176 125.4 176L514.6 176C522 176 528 182 528 189.4C528 193.6 526 197.6 522.7 200.1L344.2 335.5C329.9 346.3 310.1 346.3 295.8 335.5L117.3 200.1C114 197.6 112 193.6 112 189.4z\"><\/path><\/svg><\/div><\/div>\n\n\n\n<p class=\"has-black-color has-text-color has-link-color wp-elements-8c09017239d2c6c662ce717fa1449483\" style=\"text-decoration:underline\"><a href=\"mailto:info@spinabifida.be\">info@spinabifida.be<\/a><\/p>\n<\/div>\n\n\n\n<div class=\"wp-block-group is-nowrap is-layout-flex wp-container-core-group-is-layout-71561d5c wp-block-group-is-layout-flex\" style=\"margin-top:var(--wp--preset--spacing--16-8);padding-top:0;padding-right:0;padding-bottom:0;padding-left:0\">\n<div class=\"wp-block-outermost-icon-block\"><div class=\"icon-container has-icon-color has-icon-background-color has-dark-green-background-color has-white-color\" style=\"background-color:#036c5f;color:#FDFDFD;width:45px;border-radius:100px;transform:rotate(0deg) scaleX(1) scaleY(1)\"><svg xmlns=\"http:\/\/www.w3.org\/2000\/svg\" viewbox=\"0 0 24 24\" aria-hidden=\"true\"><path d=\"M12 9c-.8 0-1.5.7-1.5 1.5S11.2 12 12 12s1.5-.7 1.5-1.5S12.8 9 12 9zm0-5c-3.6 0-6.5 2.8-6.5 6.2 0 .8.3 1.8.9 3.1.5 1.1 1.2 2.3 2 3.6.7 1 3 3.8 3.2 3.9l.4.5.4-.5c.2-.2 2.6-2.9 3.2-3.9.8-1.2 1.5-2.5 2-3.6.6-1.3.9-2.3.9-3.1C18.5 6.8 15.6 4 12 4zm4.3 8.7c-.5 1-1.1 2.2-1.9 3.4-.5.7-1.7 2.2-2.4 3-.7-.8-1.9-2.3-2.4-3-.8-1.2-1.4-2.3-1.9-3.3-.6-1.4-.7-2.2-.7-2.5 0-2.6 2.2-4.7 5-4.7s5 2.1 5 4.7c0 .2-.1 1-.7 2.4z\"><\/path><\/svg><\/div><\/div>\n\n\n\n<p class=\"has-black-color has-text-color has-link-color wp-elements-0075ad5da24f37aa915dd8d9d9e857a4\" style=\"text-decoration:underline\"><a href=\"https:\/\/maps.app.goo.gl\/ZAz8peowqS6ay1wx6\" type=\"link\" id=\"https:\/\/maps.app.goo.gl\/ZAz8peowqS6ay1wx6\" target=\"_blank\" rel=\"noreferrer noopener\">Brusselbaan 237,<br\/>9320 Erembodegem<\/a><\/p>\n<\/div>\n\n\n\n<div class=\"wp-block-group is-nowrap is-layout-flex wp-container-core-group-is-layout-71561d5c wp-block-group-is-layout-flex\" style=\"margin-top:var(--wp--preset--spacing--16-8);padding-top:0;padding-right:0;padding-bottom:0;padding-left:0\">\n<div class=\"wp-block-outermost-icon-block\"><div class=\"icon-container has-icon-color has-icon-background-color has-dark-green-background-color has-white-color\" style=\"background-color:#036c5f;color:#FDFDFD;width:45px;padding-top:var(--wp--preset--spacing--8-4);padding-right:var(--wp--preset--spacing--8-4);padding-bottom:var(--wp--preset--spacing--8-4);padding-left:var(--wp--preset--spacing--8-4);border-radius:100px;transform:rotate(0deg) scaleX(1) scaleY(1)\"><svg xmlns=\"http:\/\/www.w3.org\/2000\/svg\" viewbox=\"0 0 24 24\" aria-hidden=\"true\"><path d=\"M12 4L4 7.9V20h16V7.9L12 4zm6.5 14.5H14V13h-4v5.5H5.5V8.8L12 5.7l6.5 3.1v9.7z\"><\/path><\/svg><\/div><\/div>\n\n\n\n<p class=\"has-black-color has-text-color has-link-color wp-elements-e08857e8130ca712402b0caeb2acdfa3\"><a href=\"mailto:info@spinabifida.be\">BE0422095795<\/a><\/p>\n<\/div>\n<\/div>\n\n\n\n<h2 class=\"wp-block-heading has-dark-slate-blue-color has-text-color has-link-color has-heading-xs-font-size wp-elements-2fedcdd9d75b7ffe91716b2f85d18df5\" style=\"margin-bottom:var(--wp--preset--spacing--16-8)\">Consultez \u00e9galement nos r\u00e9seaux sociaux<\/h2>\n\n\n\n<div class=\"wp-block-outermost-icon-block\" style=\"margin-top:0\"><a class=\"icon-container has-icon-color has-primary-color\" href=\"https:\/\/www.facebook.com\/VshVzw\/\" target=\"_blank\" rel=\"noreferrer noopener\" style=\"color:#44689c;width:48px;transform:rotate(0deg) scaleX(1) scaleY(1)\"><svg xmlns=\"http:\/\/www.w3.org\/2000\/svg\" viewbox=\"0 0 24 24\" aria-hidden=\"true\"><path d=\"M12 2C6.5 2 2 6.5 2 12c0 5 3.7 9.1 8.4 9.9v-7H7.9V12h2.5V9.8c0-2.5 1.5-3.9 3.8-3.9 1.1 0 2.2.2 2.2.2v2.5h-1.3c-1.2 0-1.6.8-1.6 1.6V12h2.8l-.4 2.9h-2.3v7C18.3 21.1 22 17 22 12c0-5.5-4.5-10-10-10z\"><\/path><\/svg><\/a><\/div>\n<\/div>\n\n\n\n<div class=\"wp-block-column is-layout-flow wp-block-column-is-layout-flow\" style=\"flex-basis:60%\"><div class=\"wpforms-container wpforms-block wpforms-block-61be65af-327a-48e9-ba30-e0f308443a9a\" id=\"wpforms-10\"><form id=\"wpforms-form-10\" class=\"wpforms-validate wpforms-form\" data-formid=\"10\" method=\"post\" enctype=\"multipart\/form-data\" action=\"\/fr\/wp-json\/wp\/v2\/pages\/1729\" data-token=\"41e5188be5f4c4fe0973d61608cc97c2\" data-token-time=\"1776235292\"><noscript class=\"wpforms-error-noscript\">Veuillez activer JavaScript dans votre navigateur pour remplir ce formulaire.<\/noscript><div class=\"wpforms-field-container\">\t\t<div id=\"wpforms-10-field_4-container\"\n\t\t\tclass=\"wpforms-field wpforms-field-text\"\n\t\t\tdata-field-type=\"text\"\n\t\t\tdata-field-id=\"4\"\n\t\t\t>\n\t\t\t<label class=\"wpforms-field-label\" for=\"wpforms-10-field_4\" >Achternaam Bericht <\/label>\n\t\t\t<input type=\"text\" id=\"wpforms-10-field_4\" class=\"wpforms-field-medium\" name=\"wpforms[fields][4]\" >\n\t\t<\/div>\n\t\t<div id=\"wpforms-10-field_6-container\" class=\"wpforms-field wpforms-field-layout\" data-field-id=\"6\"><div class=\"wpforms-field-layout-rows wpforms-field-large\"><div class=\"wpforms-layout-row\"><div class=\"wpforms-layout-column wpforms-layout-column-50\"><div id=\"wpforms-10-field_12-container\" class=\"wpforms-field wpforms-field-text\" data-field-id=\"12\"><label class=\"wpforms-field-label\" for=\"wpforms-10-field_12\">Voornaam <span class=\"wpforms-required-label\">*<\/span><\/label><input type=\"text\" id=\"wpforms-10-field_12\" class=\"wpforms-field-medium wpforms-field-required\" name=\"wpforms[fields][12]\" required><\/div><\/div><div class=\"wpforms-layout-column wpforms-layout-column-50\"><div id=\"wpforms-10-field_11-container\" class=\"wpforms-field wpforms-field-text\" data-field-id=\"11\"><label class=\"wpforms-field-label\" for=\"wpforms-10-field_11\"> Achternaam <span class=\"wpforms-required-label\">*<\/span><\/label><input type=\"text\" id=\"wpforms-10-field_11\" class=\"wpforms-field-medium wpforms-field-required\" name=\"wpforms[fields][11]\" required><\/div><\/div><\/div><\/div><\/div><div id=\"wpforms-10-field_5-container\" class=\"wpforms-field wpforms-field-layout\" data-field-id=\"5\"><div class=\"wpforms-field-layout-rows wpforms-field-large\"><div class=\"wpforms-layout-row\"><div class=\"wpforms-layout-column wpforms-layout-column-50\"><div id=\"wpforms-10-field_3-container\" class=\"wpforms-field wpforms-field-phone\" data-field-id=\"3\"><label class=\"wpforms-field-label\" for=\"wpforms-10-field_3\">Telefoon<\/label><input type=\"tel\" id=\"wpforms-10-field_3\" class=\"wpforms-field-large\" data-rule-int-phone-field=\"true\" name=\"wpforms[fields][3]\" aria-label=\"Telefoon\" ><\/div><\/div><div class=\"wpforms-layout-column wpforms-layout-column-50\"><div id=\"wpforms-10-field_1-container\" class=\"wpforms-field wpforms-field-email\" data-field-id=\"1\"><label class=\"wpforms-field-label\" for=\"wpforms-10-field_1\">E-mailadres <span class=\"wpforms-required-label\">*<\/span><\/label><input type=\"email\" id=\"wpforms-10-field_1\" class=\"wpforms-field-large wpforms-field-required\" name=\"wpforms[fields][1]\" spellcheck=\"false\" required><\/div><\/div><\/div><\/div><\/div><div id=\"wpforms-10-field_2-container\" class=\"wpforms-field wpforms-field-textarea\" data-field-id=\"2\"><label class=\"wpforms-field-label\" for=\"wpforms-10-field_2\">Bericht <span class=\"wpforms-required-label\">*<\/span><\/label><textarea id=\"wpforms-10-field_2\" class=\"wpforms-field-medium wpforms-field-required\" name=\"wpforms[fields][2]\" required><\/textarea><\/div><script>\n\t\t\t\t( function() {\n\t\t\t\t\tconst style = document.createElement( 'style' );\n\t\t\t\t\tstyle.appendChild( document.createTextNode( '#wpforms-10-field_4-container { position: absolute !important; overflow: hidden !important; display: inline !important; height: 1px !important; width: 1px !important; z-index: -1000 !important; padding: 0 !important; } #wpforms-10-field_4-container input { visibility: hidden; } #wpforms-conversational-form-page #wpforms-10-field_4-container label { counter-increment: none; }' ) );\n\t\t\t\t\tdocument.head.appendChild( style );\n\t\t\t\t\tdocument.currentScript?.remove();\n\t\t\t\t} )();\n\t\t\t<\/script><\/div><!-- .wpforms-field-container --><div class=\"wpforms-field wpforms-field-hp\"><label for=\"wpforms-10-field-hp\" class=\"wpforms-field-label\">Email<\/label><input type=\"text\" name=\"wpforms[hp]\" id=\"wpforms-10-field-hp\" class=\"wpforms-field-medium\"><\/div><div class=\"wpforms-recaptcha-container wpforms-is-turnstile\" ><div class=\"wpforms-turnstile\" data-sitekey=\"0x4AAAAAAAVkIy6pnpjZ5K4z\" data-action=\"FormID-10\"><\/div><input type=\"text\" name=\"g-recaptcha-hidden\" class=\"wpforms-recaptcha-hidden\" style=\"position:absolute!important;clip:rect(0,0,0,0)!important;height:1px!important;width:1px!important;border:0!important;overflow:hidden!important;padding:0!important;margin:0!important;\" data-rule-turnstile=\"1\"><\/div><div class=\"wpforms-submit-container\" ><input type=\"hidden\" name=\"wpforms[id]\" value=\"10\"><input type=\"hidden\" name=\"page_title\" value=\"\"><input type=\"hidden\" name=\"page_url\" value=\"https:\/\/www.spinabifida.be\/fr\/wp-json\/wp\/v2\/pages\/1729\"><input type=\"hidden\" name=\"url_referer\" value=\"\"><button type=\"submit\" name=\"wpforms[submit]\" id=\"wpforms-submit-10\" class=\"wpforms-submit\" data-alt-text=\"Verzenden....\" data-submit-text=\"Verzenden\" aria-live=\"assertive\" value=\"wpforms-submit\">Verzenden<\/button><\/div><\/form><\/div>  <!-- .wpforms-container --><\/div>\n<\/div>\n\n\n\n<p><\/p>\n<\/div>\n","protected":false},"excerpt":{"rendered":"<p>Contactez-nous Nos coordonn\u00e9es Avez-vous une question ou souhaitez-vous devenir membre ? Veuillez remplir le formulaire ci-dessous et nous vous contacterons dans les plus brefs d\u00e9lais. 0477 17 02 14 info@spinabifida.be Brusselbaan 237,9320 Erembodegem BE0422095795 Consultez \u00e9galement nos r\u00e9seaux sociaux<\/p>\n","protected":false},"author":1,"featured_media":0,"parent":0,"menu_order":0,"comment_status":"closed","ping_status":"closed","template":"","meta":{"_acf_changed":false,"inline_featured_image":false,"footnotes":""},"class_list":["post-1729","page","type-page","status-publish","hentry"],"acf":[],"yoast_head":"<!-- This site is optimized with the Yoast SEO plugin v27.0 - https:\/\/yoast.com\/product\/yoast-seo-wordpress\/ -->\n<title>Contactez-nous - Spina Bifida<\/title>\n<meta name=\"robots\" content=\"index, follow, max-snippet:-1, max-image-preview:large, max-video-preview:-1\" \/>\n<link rel=\"canonical\" href=\"https:\/\/www.spinabifida.be\/fr\/contactez-nous\/\" \/>\n<meta property=\"og:locale\" content=\"fr_FR\" \/>\n<meta property=\"og:type\" content=\"article\" \/>\n<meta property=\"og:title\" content=\"Contactez-nous - Spina Bifida\" \/>\n<meta property=\"og:description\" content=\"Contactez-nous Nos coordonn\u00e9es Avez-vous une question ou souhaitez-vous devenir membre ? Veuillez remplir le formulaire ci-dessous et nous vous contacterons dans les plus brefs d\u00e9lais. 0477 17 02 14 info@spinabifida.be Brusselbaan 237,9320 Erembodegem BE0422095795 Consultez \u00e9galement nos r\u00e9seaux sociaux\" \/>\n<meta property=\"og:url\" content=\"https:\/\/www.spinabifida.be\/fr\/contactez-nous\/\" \/>\n<meta property=\"og:site_name\" content=\"Spina Bifida\" \/>\n<meta property=\"article:publisher\" content=\"https:\/\/www.facebook.com\/VshVzw\/\" \/>\n<meta property=\"article:modified_time\" content=\"2026-02-17T14:19:03+00:00\" \/>\n<meta property=\"og:image\" content=\"https:\/\/www.spinabifida.be\/wp-content\/uploads\/2026\/01\/Spina-bifida-hero-afbeelding.jpg\" \/>\n\t<meta property=\"og:image:width\" content=\"1600\" \/>\n\t<meta property=\"og:image:height\" content=\"1200\" \/>\n\t<meta property=\"og:image:type\" content=\"image\/jpeg\" \/>\n<meta name=\"twitter:card\" content=\"summary_large_image\" \/>\n<script type=\"application\/ld+json\" class=\"yoast-schema-graph\">{\"@context\":\"https:\/\/schema.org\",\"@graph\":[{\"@type\":\"WebPage\",\"@id\":\"https:\/\/www.spinabifida.be\/fr\/contactez-nous\/\",\"url\":\"https:\/\/www.spinabifida.be\/fr\/contactez-nous\/\",\"name\":\"Contactez-nous - Spina Bifida\",\"isPartOf\":{\"@id\":\"https:\/\/www.spinabifida.be\/fr\/#website\"},\"datePublished\":\"2026-02-16T19:05:12+00:00\",\"dateModified\":\"2026-02-17T14:19:03+00:00\",\"breadcrumb\":{\"@id\":\"https:\/\/www.spinabifida.be\/fr\/contactez-nous\/#breadcrumb\"},\"inLanguage\":\"fr-BE\",\"potentialAction\":[{\"@type\":\"ReadAction\",\"target\":[\"https:\/\/www.spinabifida.be\/fr\/contactez-nous\/\"]}]},{\"@type\":\"BreadcrumbList\",\"@id\":\"https:\/\/www.spinabifida.be\/fr\/contactez-nous\/#breadcrumb\",\"itemListElement\":[{\"@type\":\"ListItem\",\"position\":1,\"name\":\"Home\",\"item\":\"https:\/\/www.spinabifida.be\/fr\/\"},{\"@type\":\"ListItem\",\"position\":2,\"name\":\"Contactez-nous\"}]},{\"@type\":\"WebSite\",\"@id\":\"https:\/\/www.spinabifida.be\/fr\/#website\",\"url\":\"https:\/\/www.spinabifida.be\/fr\/\",\"name\":\"Spina bifida\",\"description\":\"De vereniging voor spina bifida en hydrocephalus is een zelfhulpgroep voor mensen met spina bifida en hun families.\",\"publisher\":{\"@id\":\"https:\/\/www.spinabifida.be\/fr\/#organization\"},\"potentialAction\":[{\"@type\":\"SearchAction\",\"target\":{\"@type\":\"EntryPoint\",\"urlTemplate\":\"https:\/\/www.spinabifida.be\/fr\/?s={search_term_string}\"},\"query-input\":{\"@type\":\"PropertyValueSpecification\",\"valueRequired\":true,\"valueName\":\"search_term_string\"}}],\"inLanguage\":\"fr-BE\"},{\"@type\":\"Organization\",\"@id\":\"https:\/\/www.spinabifida.be\/fr\/#organization\",\"name\":\"Spina bifida\",\"url\":\"https:\/\/www.spinabifida.be\/fr\/\",\"logo\":{\"@type\":\"ImageObject\",\"inLanguage\":\"fr-BE\",\"@id\":\"https:\/\/www.spinabifida.be\/fr\/#\/schema\/logo\/image\/\",\"url\":\"https:\/\/www.spinabifida.be\/wp-content\/uploads\/2026\/01\/spina-bifida-logo-512x512-1.png\",\"contentUrl\":\"https:\/\/www.spinabifida.be\/wp-content\/uploads\/2026\/01\/spina-bifida-logo-512x512-1.png\",\"width\":512,\"height\":512,\"caption\":\"Spina bifida\"},\"image\":{\"@id\":\"https:\/\/www.spinabifida.be\/fr\/#\/schema\/logo\/image\/\"},\"sameAs\":[\"https:\/\/www.facebook.com\/VshVzw\/\"]}]}<\/script>\n<!-- \/ Yoast SEO plugin. -->","yoast_head_json":{"title":"Contactez-nous - Spina Bifida","robots":{"index":"index","follow":"follow","max-snippet":"max-snippet:-1","max-image-preview":"max-image-preview:large","max-video-preview":"max-video-preview:-1"},"canonical":"https:\/\/www.spinabifida.be\/fr\/contactez-nous\/","og_locale":"fr_FR","og_type":"article","og_title":"Contactez-nous - Spina Bifida","og_description":"Contactez-nous Nos coordonn\u00e9es Avez-vous une question ou souhaitez-vous devenir membre ? Veuillez remplir le formulaire ci-dessous et nous vous contacterons dans les plus brefs d\u00e9lais. 0477 17 02 14 info@spinabifida.be Brusselbaan 237,9320 Erembodegem BE0422095795 Consultez \u00e9galement nos r\u00e9seaux sociaux","og_url":"https:\/\/www.spinabifida.be\/fr\/contactez-nous\/","og_site_name":"Spina Bifida","article_publisher":"https:\/\/www.facebook.com\/VshVzw\/","article_modified_time":"2026-02-17T14:19:03+00:00","og_image":[{"width":1600,"height":1200,"url":"https:\/\/www.spinabifida.be\/wp-content\/uploads\/2026\/01\/Spina-bifida-hero-afbeelding.jpg","type":"image\/jpeg"}],"twitter_card":"summary_large_image","schema":{"@context":"https:\/\/schema.org","@graph":[{"@type":"WebPage","@id":"https:\/\/www.spinabifida.be\/fr\/contactez-nous\/","url":"https:\/\/www.spinabifida.be\/fr\/contactez-nous\/","name":"Contactez-nous - Spina Bifida","isPartOf":{"@id":"https:\/\/www.spinabifida.be\/fr\/#website"},"datePublished":"2026-02-16T19:05:12+00:00","dateModified":"2026-02-17T14:19:03+00:00","breadcrumb":{"@id":"https:\/\/www.spinabifida.be\/fr\/contactez-nous\/#breadcrumb"},"inLanguage":"fr-BE","potentialAction":[{"@type":"ReadAction","target":["https:\/\/www.spinabifida.be\/fr\/contactez-nous\/"]}]},{"@type":"BreadcrumbList","@id":"https:\/\/www.spinabifida.be\/fr\/contactez-nous\/#breadcrumb","itemListElement":[{"@type":"ListItem","position":1,"name":"Home","item":"https:\/\/www.spinabifida.be\/fr\/"},{"@type":"ListItem","position":2,"name":"Contactez-nous"}]},{"@type":"WebSite","@id":"https:\/\/www.spinabifida.be\/fr\/#website","url":"https:\/\/www.spinabifida.be\/fr\/","name":"Spina bifida","description":"De vereniging voor spina bifida en hydrocephalus is een zelfhulpgroep voor mensen met spina bifida en hun families.","publisher":{"@id":"https:\/\/www.spinabifida.be\/fr\/#organization"},"potentialAction":[{"@type":"SearchAction","target":{"@type":"EntryPoint","urlTemplate":"https:\/\/www.spinabifida.be\/fr\/?s={search_term_string}"},"query-input":{"@type":"PropertyValueSpecification","valueRequired":true,"valueName":"search_term_string"}}],"inLanguage":"fr-BE"},{"@type":"Organization","@id":"https:\/\/www.spinabifida.be\/fr\/#organization","name":"Spina bifida","url":"https:\/\/www.spinabifida.be\/fr\/","logo":{"@type":"ImageObject","inLanguage":"fr-BE","@id":"https:\/\/www.spinabifida.be\/fr\/#\/schema\/logo\/image\/","url":"https:\/\/www.spinabifida.be\/wp-content\/uploads\/2026\/01\/spina-bifida-logo-512x512-1.png","contentUrl":"https:\/\/www.spinabifida.be\/wp-content\/uploads\/2026\/01\/spina-bifida-logo-512x512-1.png","width":512,"height":512,"caption":"Spina bifida"},"image":{"@id":"https:\/\/www.spinabifida.be\/fr\/#\/schema\/logo\/image\/"},"sameAs":["https:\/\/www.facebook.com\/VshVzw\/"]}]}},"_links":{"self":[{"href":"https:\/\/www.spinabifida.be\/fr\/wp-json\/wp\/v2\/pages\/1729","targetHints":{"allow":["GET"]}}],"collection":[{"href":"https:\/\/www.spinabifida.be\/fr\/wp-json\/wp\/v2\/pages"}],"about":[{"href":"https:\/\/www.spinabifida.be\/fr\/wp-json\/wp\/v2\/types\/page"}],"author":[{"embeddable":true,"href":"https:\/\/www.spinabifida.be\/fr\/wp-json\/wp\/v2\/users\/1"}],"replies":[{"embeddable":true,"href":"https:\/\/www.spinabifida.be\/fr\/wp-json\/wp\/v2\/comments?post=1729"}],"version-history":[{"count":1,"href":"https:\/\/www.spinabifida.be\/fr\/wp-json\/wp\/v2\/pages\/1729\/revisions"}],"predecessor-version":[{"id":1730,"href":"https:\/\/www.spinabifida.be\/fr\/wp-json\/wp\/v2\/pages\/1729\/revisions\/1730"}],"wp:attachment":[{"href":"https:\/\/www.spinabifida.be\/fr\/wp-json\/wp\/v2\/media?parent=1729"}],"curies":[{"name":"wp","href":"https:\/\/api.w.org\/{rel}","templated":true}]}}